{"id":42865,"date":"2025-04-10T12:11:40","date_gmt":"2025-04-10T10:11:40","guid":{"rendered":"https:\/\/myspainfood.com\/producto\/salmorejo-cordobes-extra-jungfruolivolja-arteoliva-1-liter\/"},"modified":"2026-01-29T12:00:12","modified_gmt":"2026-01-29T11:00:12","slug":"salmorejo-cordobes-extra-jungfruolivolja-arteoliva-1-liter","status":"publish","type":"product","link":"https:\/\/myspainfood.com\/sv\/producto\/salmorejo-cordobes-extra-jungfruolivolja-arteoliva-1-liter\/","title":{"rendered":"Salmorejo Cordob\u00e9s Extra jungfruolivolja ArteOliva 1 liter"},"content":{"rendered":"<p>Typisk kall kr\u00e4m fr\u00e5n Cordoba, huvudsakligen gjord p\u00e5 f\u00e4rska, utvalda tomater, extra jungfruolivolja, br\u00f6d och vitl\u00f6k.<\/p>\n","protected":false},"excerpt":{"rendered":"<p>Typisk kall kr\u00e4m fr\u00e5n Cordoba, huvudsakligen gjord p\u00e5 f\u00e4rska, utvalda tomater, extra jungfruolivolja, br\u00f6d och vitl\u00f6k.<\/p>\n","protected":false},"featured_media":14064,"template":"","meta":{"_et_pb_use_builder":"","_et_pb_old_content":"","_et_gb_content_width":""},"product_brand":[1457],"product_cat":[4847,2211,1804,1986],"product_tag":[],"class_list":{"0":"post-42865","1":"product","2":"type-product","3":"status-publish","4":"has-post-thumbnail","6":"product_brand-arteoliva","7":"product_cat-drycker","8":"product_cat-extra-jungfruolja","9":"product_cat-kall","10":"product_cat-konserver-sv","11":"product_shipping_class-kall-sandning","13":"first","14":"outofstock","15":"taxable","16":"shipping-taxable","17":"product-type-variable"},"_links":{"self":[{"href":"https:\/\/myspainfood.com\/sv\/wp-json\/wp\/v2\/product\/42865","targetHints":{"allow":["GET"]}}],"collection":[{"href":"https:\/\/myspainfood.com\/sv\/wp-json\/wp\/v2\/product"}],"about":[{"href":"https:\/\/myspainfood.com\/sv\/wp-json\/wp\/v2\/types\/product"}],"wp:featuredmedia":[{"embeddable":true,"href":"https:\/\/myspainfood.com\/sv\/wp-json\/wp\/v2\/media\/14064"}],"wp:attachment":[{"href":"https:\/\/myspainfood.com\/sv\/wp-json\/wp\/v2\/media?parent=42865"}],"wp:term":[{"taxonomy":"product_brand","embeddable":true,"href":"https:\/\/myspainfood.com\/sv\/wp-json\/wp\/v2\/product_brand?post=42865"},{"taxonomy":"product_cat","embeddable":true,"href":"https:\/\/myspainfood.com\/sv\/wp-json\/wp\/v2\/product_cat?post=42865"},{"taxonomy":"product_tag","embeddable":true,"href":"https:\/\/myspainfood.com\/sv\/wp-json\/wp\/v2\/product_tag?post=42865"}],"curies":[{"name":"wp","href":"https:\/\/api.w.org\/{rel}","templated":true}]}}