{"id":42888,"date":"2025-04-10T12:11:40","date_gmt":"2025-04-10T10:11:40","guid":{"rendered":"https:\/\/myspainfood.com\/producto\/sardiner-i-solrosolja-12-14-bitar-111-g\/"},"modified":"2025-04-10T12:11:40","modified_gmt":"2025-04-10T10:11:40","slug":"sardiner-i-solrosolja-12-14-bitar-111-g","status":"publish","type":"product","link":"https:\/\/myspainfood.com\/sv\/producto\/sardiner-i-solrosolja-12-14-bitar-111-g\/","title":{"rendered":"Sardiner i solrosolja 12\/14 bitar 111 g"},"content":{"rendered":"<p>Uppt\u00e4ck den uts\u00f6kta smaken av havet med v\u00e5ra premium sardiner i solrosolja! Varje tugga \u00e4r en explosion av friskhet och kvalitet som kommer att gl\u00e4dja din gom och transportera dig till de mest exotiska kusterna. <\/p>\n<p>V\u00e5ra sardiner fiskas noggrant fr\u00e5n de renaste vattnen och v\u00e4ljs ut f\u00f6r att garantera deras oj\u00e4mf\u00f6rliga f\u00e4rskhet och smak. Bl\u00f6tlagda i premium solrosolja bevarar vi deras m\u00f6ra konsistens och naturliga smak f\u00f6r att g\u00f6ra varje tugga till en of\u00f6rgl\u00f6mlig upplevelse. <\/p>\n<p>V\u00e5ra sardiner i solrosolja \u00e4r rika p\u00e5 omega-3-fettsyror, viktiga vitaminer och mineraler och \u00e4r inte bara l\u00e4ckra utan ocks\u00e5 ett n\u00e4ringsrikt val f\u00f6r din dagliga kost. Anv\u00e4nd dem som huvudingrediens i fr\u00e4scha sallader, gourmet-snacks eller njut helt enkelt av dem direkt fr\u00e5n burken. <\/p>\n<p>Oavsett om du f\u00f6rbereder en fin middag eller letar efter ett h\u00e4lsosamt mellanm\u00e5l att ta med dig, \u00e4r v\u00e5ra sardiner i solrosolja det perfekta valet. V\u00e5ga prova dem och uppt\u00e4ck varf\u00f6r de \u00e4r den b\u00e4st bevarade hemligheten f\u00f6r alla mat\u00e4lskare! <\/p>\n<p>K\u00f6p din burk sardiner i solrosolja idag och ge dina favoritr\u00e4tter en touch av fisk- och skaldjurssmak!<\/p>\n","protected":false},"excerpt":{"rendered":"<p>Uppt\u00e4ck den uts\u00f6kta smaken av havet med v\u00e5ra premium sardiner i solrosolja! Varje tugga \u00e4r en explosion av friskhet och kvalitet som kommer att gl\u00e4dja din gom och transportera dig till de mest exotiska kusterna. <\/p>\n","protected":false},"featured_media":14136,"template":"","meta":{"_et_pb_use_builder":"","_et_pb_old_content":"","_et_gb_content_width":""},"product_brand":[1358],"product_cat":[1986,3756],"product_tag":[],"class_list":{"0":"post-42888","1":"product","2":"type-product","3":"status-publish","4":"has-post-thumbnail","6":"product_brand-areoso","7":"product_cat-konserver-sv","8":"product_cat-sardinillor","10":"first","11":"outofstock","12":"taxable","13":"shipping-taxable","14":"product-type-simple"},"_links":{"self":[{"href":"https:\/\/myspainfood.com\/sv\/wp-json\/wp\/v2\/product\/42888","targetHints":{"allow":["GET"]}}],"collection":[{"href":"https:\/\/myspainfood.com\/sv\/wp-json\/wp\/v2\/product"}],"about":[{"href":"https:\/\/myspainfood.com\/sv\/wp-json\/wp\/v2\/types\/product"}],"wp:featuredmedia":[{"embeddable":true,"href":"https:\/\/myspainfood.com\/sv\/wp-json\/wp\/v2\/media\/14136"}],"wp:attachment":[{"href":"https:\/\/myspainfood.com\/sv\/wp-json\/wp\/v2\/media?parent=42888"}],"wp:term":[{"taxonomy":"product_brand","embeddable":true,"href":"https:\/\/myspainfood.com\/sv\/wp-json\/wp\/v2\/product_brand?post=42888"},{"taxonomy":"product_cat","embeddable":true,"href":"https:\/\/myspainfood.com\/sv\/wp-json\/wp\/v2\/product_cat?post=42888"},{"taxonomy":"product_tag","embeddable":true,"href":"https:\/\/myspainfood.com\/sv\/wp-json\/wp\/v2\/product_tag?post=42888"}],"curies":[{"name":"wp","href":"https:\/\/api.w.org\/{rel}","templated":true}]}}