{"id":43718,"date":"2025-04-10T12:10:00","date_gmt":"2025-04-10T10:10:00","guid":{"rendered":"https:\/\/myspainfood.com\/producto\/chicon-grandmas-party-900-gr-forpackning-6-st\/"},"modified":"2025-07-10T09:19:27","modified_gmt":"2025-07-10T07:19:27","slug":"chicon-grandmas-party-900-gr-forpackning-6-st","status":"publish","type":"product","link":"https:\/\/myspainfood.com\/sv\/producto\/chicon-grandmas-party-900-gr-forpackning-6-st\/","title":{"rendered":"Chicon Grandma&#8217;s Party 900 gr f\u00f6rpackning 6 st"},"content":{"rendered":"<p>F\u00f6rdelar med mormors delade oliver<\/p>\n<p>F\u00f6rdelarna med mormors krossade oliver \u00e4r m\u00e5nga, och f\u00f6rutom deras fantastiska smak \u00e4r deras egenskaper ocks\u00e5 mycket f\u00f6rdelaktiga f\u00f6r h\u00e4lsan.<\/p>\n<p>De s\u00e4nker kolesterolet. Tack vare oljesyra bidrar mormors delade oliver till att h\u00e5lla kolesterolet i schack. <\/p>\n<p>De hj\u00e4lper matsm\u00e4ltningen. Tack vare sitt h\u00f6ga fiberinneh\u00e5ll hj\u00e4lper dessa oliver till att eliminera gifter och f\u00f6rb\u00e4ttra matsm\u00e4ltningen. <\/p>\n<p>F\u00f6rdelar f\u00f6r huden. Vitaminerna A och E \u00e4r bra f\u00f6r huden och har anti-ageing-f\u00f6rdelar. <\/p>\n<p>De ger energi. De inneh\u00e5ller mycket j\u00e4rn, som hj\u00e4lper till att syntetisera karnitin och producera energi. <\/p>\n<p>K\u00f6p dina oliver fr\u00e5n mormors fest<\/p>\n<p>Grandma&#8217;s Olives utm\u00e4rker sig genom sin s\u00f6ta men intensiva smak och sin karakteristiska kryddning, som skapas med hj\u00e4lp av naturliga kryddor.<\/p>\n<p>Efter att ha konserverats i 5 \u00e5r macereras olivtr\u00e4dets frukter tills de n\u00e5r den behagliga konsistensen i v\u00e5ra <a href=\"https:\/\/latiendadesami.com\/categoria-producto\/encurtidos\/\" target=\"_blank\" rel=\"noopener noreferrer nofollow\">&#8221;Encurtidos Aceitunas de la Abuela&#8221; (mormors olivpickles<\/a> ).<\/p>\n<p>Dessa hela, fastk\u00f6ttade oliver, l\u00e4tt krossade och <a href=\"https:\/\/es.wikipedia.org\/wiki\/Aceitunas_ali%C3%B1adas\" target=\"_blank\" rel=\"noopener noreferrer nofollow\">kryddade<\/a> enligt mormors recept, \u00e4r resultatet av en l\u00e5ng familjetradition, ursprungligen fr\u00e5n Antequera, Malaga.<\/p>\n","protected":false},"excerpt":{"rendered":"<p>F\u00f6rdelar med mormors delade oliver F\u00f6rdelarna med mormors krossade oliver \u00e4r m\u00e5nga, och f\u00f6rutom deras fantastiska smak \u00e4r deras egenskaper ocks\u00e5 mycket f\u00f6rdelaktiga f\u00f6r h\u00e4lsan. De s\u00e4nker kolesterolet. Tack vare oljesyra bidrar mormors delade oliver till att h\u00e5lla kolesterolet i schack. De hj\u00e4lper matsm\u00e4ltningen. Tack vare sitt h\u00f6ga fiberinneh\u00e5ll hj\u00e4lper dessa oliver till att eliminera [&hellip;]<\/p>\n","protected":false},"featured_media":7863,"template":"","meta":{"_et_pb_use_builder":"","_et_pb_old_content":"","_et_gb_content_width":""},"product_brand":[1036],"product_cat":[3086,2831],"product_tag":[1641,1640],"class_list":{"0":"post-43718","1":"product","2":"type-product","3":"status-publish","4":"has-post-thumbnail","6":"product_brand-chicon","7":"product_cat-inlagda-gronsaker-sv","8":"product_cat-partihandel","9":"product_tag-foremal","10":"product_tag-mormor-och-farmor","12":"first","13":"instock","14":"featured","15":"taxable","16":"shipping-taxable","17":"purchasable","18":"product-type-variable"},"_links":{"self":[{"href":"https:\/\/myspainfood.com\/sv\/wp-json\/wp\/v2\/product\/43718","targetHints":{"allow":["GET"]}}],"collection":[{"href":"https:\/\/myspainfood.com\/sv\/wp-json\/wp\/v2\/product"}],"about":[{"href":"https:\/\/myspainfood.com\/sv\/wp-json\/wp\/v2\/types\/product"}],"wp:featuredmedia":[{"embeddable":true,"href":"https:\/\/myspainfood.com\/sv\/wp-json\/wp\/v2\/media\/7863"}],"wp:attachment":[{"href":"https:\/\/myspainfood.com\/sv\/wp-json\/wp\/v2\/media?parent=43718"}],"wp:term":[{"taxonomy":"product_brand","embeddable":true,"href":"https:\/\/myspainfood.com\/sv\/wp-json\/wp\/v2\/product_brand?post=43718"},{"taxonomy":"product_cat","embeddable":true,"href":"https:\/\/myspainfood.com\/sv\/wp-json\/wp\/v2\/product_cat?post=43718"},{"taxonomy":"product_tag","embeddable":true,"href":"https:\/\/myspainfood.com\/sv\/wp-json\/wp\/v2\/product_tag?post=43718"}],"curies":[{"name":"wp","href":"https:\/\/api.w.org\/{rel}","templated":true}]}}