{"id":43876,"date":"2025-04-10T12:11:27","date_gmt":"2025-04-10T10:11:27","guid":{"rendered":"https:\/\/myspainfood.com\/producto\/roscos-de-vino-y-almenda-pase-300-gram-la-ponderosa\/"},"modified":"2025-04-10T12:11:27","modified_gmt":"2025-04-10T10:11:27","slug":"roscos-de-vino-y-almenda-pase-300-gram-la-ponderosa","status":"publish","type":"product","link":"https:\/\/myspainfood.com\/sv\/producto\/roscos-de-vino-y-almenda-pase-300-gram-la-ponderosa\/","title":{"rendered":"Roscos de vino y almenda p\u00e5se 300 gram La Ponderosa"},"content":{"rendered":"<p>Vin- och mandelmunkarna \u00e4r en blandning av en produkt vars smak och lena konsistens g\u00f6r den till en traditionell produkt som tilltalar \u00e4ven de mest kr\u00e4vande gommarna.<\/p>\n<p>Ingredienser<\/p>\n<p>Vetemj\u00f6l, iberiskt isterfett (antioxidant: E-320), socker, vin (inneh\u00e5ller sulfiter) (12%), mandel (5%), anis, kanel, sesamfr\u00f6n, anisarom och citronarom. Kan inneh\u00e5lla sp\u00e5r av jordn\u00f6tter. <\/p>\n<p>Allergener<\/p>\n<p>Inneh\u00e5ller gluten, n\u00f6tter, sesam och sulfiter. Kan inneh\u00e5lla sp\u00e5r av jordn\u00f6tter. <\/p>\n","protected":false},"excerpt":{"rendered":"<p>Vin- och mandelmunkarna \u00e4r en blandning av en produkt vars smak och lena konsistens g\u00f6r den till en traditionell produkt som tilltalar \u00e4ven de mest kr\u00e4vande gommarna. Ingredienser Vetemj\u00f6l, iberiskt isterfett (antioxidant: E-320), socker, vin (inneh\u00e5ller sulfiter) (12%), mandel (5%), anis, kanel, sesamfr\u00f6n, anisarom och citronarom. Kan inneh\u00e5lla sp\u00e5r av jordn\u00f6tter. Allergener Inneh\u00e5ller gluten, n\u00f6tter, [&hellip;]<\/p>\n","protected":false},"featured_media":13713,"template":"","meta":{"_et_pb_use_builder":"","_et_pb_old_content":"","_et_gb_content_width":""},"product_brand":[1417],"product_cat":[7694,1986],"product_tag":[],"class_list":{"0":"post-43876","1":"product","2":"type-product","3":"status-publish","4":"has-post-thumbnail","6":"product_brand-la-ponderosa","7":"product_cat-julspecial","8":"product_cat-konserver-sv","10":"first","11":"outofstock","12":"taxable","13":"shipping-taxable","14":"product-type-variable"},"_links":{"self":[{"href":"https:\/\/myspainfood.com\/sv\/wp-json\/wp\/v2\/product\/43876","targetHints":{"allow":["GET"]}}],"collection":[{"href":"https:\/\/myspainfood.com\/sv\/wp-json\/wp\/v2\/product"}],"about":[{"href":"https:\/\/myspainfood.com\/sv\/wp-json\/wp\/v2\/types\/product"}],"wp:featuredmedia":[{"embeddable":true,"href":"https:\/\/myspainfood.com\/sv\/wp-json\/wp\/v2\/media\/13713"}],"wp:attachment":[{"href":"https:\/\/myspainfood.com\/sv\/wp-json\/wp\/v2\/media?parent=43876"}],"wp:term":[{"taxonomy":"product_brand","embeddable":true,"href":"https:\/\/myspainfood.com\/sv\/wp-json\/wp\/v2\/product_brand?post=43876"},{"taxonomy":"product_cat","embeddable":true,"href":"https:\/\/myspainfood.com\/sv\/wp-json\/wp\/v2\/product_cat?post=43876"},{"taxonomy":"product_tag","embeddable":true,"href":"https:\/\/myspainfood.com\/sv\/wp-json\/wp\/v2\/product_tag?post=43876"}],"curies":[{"name":"wp","href":"https:\/\/api.w.org\/{rel}","templated":true}]}}