{"id":43899,"date":"2025-04-10T12:11:39","date_gmt":"2025-04-10T10:11:39","guid":{"rendered":"https:\/\/myspainfood.com\/producto\/nya-zeelandska-musslor-stekta-i-picklad-sas-7-10-bitar-portonovo\/"},"modified":"2025-10-27T19:41:46","modified_gmt":"2025-10-27T18:41:46","slug":"nya-zeelandska-musslor-stekta-i-picklad-sas-7-10-bitar-portonovo","status":"publish","type":"product","link":"https:\/\/myspainfood.com\/sv\/producto\/nya-zeelandska-musslor-stekta-i-picklad-sas-7-10-bitar-portonovo\/","title":{"rendered":"Nya Zeel\u00e4ndska musslor stekta i picklad s\u00e5s 7-10 bitar Portonovo"},"content":{"rendered":"<p>Tillagas och steks i solrosolja. Byssus tas bort f\u00f6r hand och f\u00f6rpackas en efter en. Tillsammans med en unik marinad gjord p\u00e5 helt naturliga ingredienser. Ingredienser: Nya Zeel\u00e4ndska musslor, escabeche (solrosolja, r\u00f6dvinsvin\u00e4ger, vatten, naturliga aromer, kryddor och salt).   <\/p>\n","protected":false},"excerpt":{"rendered":"<p>Tillagas och steks i solrosolja. Byssus tas bort f\u00f6r hand och f\u00f6rpackas en efter en. Tillsammans med en unik marinad gjord p\u00e5 helt naturliga ingredienser. Ingredienser: Nya Zeel\u00e4ndska musslor, escabeche (solrosolja, r\u00f6dvinsvin\u00e4ger, vatten, naturliga aromer, kryddor och salt).<\/p>\n","protected":false},"featured_media":14019,"template":"","meta":{"_et_pb_use_builder":"","_et_pb_old_content":"","_et_gb_content_width":""},"product_brand":[1428],"product_cat":[1986,3881],"product_tag":[],"class_list":{"0":"post-43899","1":"product","2":"type-product","3":"status-publish","4":"has-post-thumbnail","6":"product_brand-portonovo","7":"product_cat-konserver-sv","8":"product_cat-musslor-sv","10":"first","11":"instock","12":"taxable","13":"shipping-taxable","14":"purchasable","15":"product-type-variable"},"_links":{"self":[{"href":"https:\/\/myspainfood.com\/sv\/wp-json\/wp\/v2\/product\/43899","targetHints":{"allow":["GET"]}}],"collection":[{"href":"https:\/\/myspainfood.com\/sv\/wp-json\/wp\/v2\/product"}],"about":[{"href":"https:\/\/myspainfood.com\/sv\/wp-json\/wp\/v2\/types\/product"}],"wp:featuredmedia":[{"embeddable":true,"href":"https:\/\/myspainfood.com\/sv\/wp-json\/wp\/v2\/media\/14019"}],"wp:attachment":[{"href":"https:\/\/myspainfood.com\/sv\/wp-json\/wp\/v2\/media?parent=43899"}],"wp:term":[{"taxonomy":"product_brand","embeddable":true,"href":"https:\/\/myspainfood.com\/sv\/wp-json\/wp\/v2\/product_brand?post=43899"},{"taxonomy":"product_cat","embeddable":true,"href":"https:\/\/myspainfood.com\/sv\/wp-json\/wp\/v2\/product_cat?post=43899"},{"taxonomy":"product_tag","embeddable":true,"href":"https:\/\/myspainfood.com\/sv\/wp-json\/wp\/v2\/product_tag?post=43899"}],"curies":[{"name":"wp","href":"https:\/\/api.w.org\/{rel}","templated":true}]}}