{"id":44379,"date":"2025-04-10T12:11:35","date_gmt":"2025-04-10T10:11:35","guid":{"rendered":"https:\/\/myspainfood.com\/producto\/mix-socker-socker-ritning-smiler-1-kg-damel\/"},"modified":"2025-04-10T12:11:35","modified_gmt":"2025-04-10T10:11:35","slug":"mix-socker-socker-ritning-smiler-1-kg-damel","status":"publish","type":"product","link":"https:\/\/myspainfood.com\/sv\/producto\/mix-socker-socker-ritning-smiler-1-kg-damel\/","title":{"rendered":"Mix Socker Socker ritning smiler 1 kg DAMEL"},"content":{"rendered":"","protected":false},"excerpt":{"rendered":"<p>Damel \u00e4r en rolig v\u00e4rld som f\u00e5r dig att m\u00e5 bra. Varje g\u00e5ng du \u00f6ppnar en p\u00e5se Damel f\u00e5r du ett leende av tillfredsst\u00e4llelse och njutning p\u00e5 l\u00e4pparna.<\/p>\n<p>Hos Damel hittar du ett omfattande sortiment av h\u00f6gkvalitativa produkter, fulla av smaker, f\u00e4rger och konsistenser. Utformade f\u00f6r dig n\u00e4r som helst och f\u00f6r alla tillf\u00e4llen: fr\u00e5n sm\u00e5 p\u00e5sar, stora format, blandade smaker eller den smak du \u00e4lskar mest! <\/p>\n","protected":false},"featured_media":13812,"template":"","meta":{"_et_pb_use_builder":"","_et_pb_old_content":"","_et_gb_content_width":""},"product_brand":[1435],"product_cat":[7694,1986],"product_tag":[],"class_list":{"0":"post-44379","1":"product","2":"type-product","3":"status-publish","4":"has-post-thumbnail","6":"product_brand-damel","7":"product_cat-julspecial","8":"product_cat-konserver-sv","10":"first","11":"outofstock","12":"taxable","13":"shipping-taxable","14":"purchasable","15":"product-type-simple"},"_links":{"self":[{"href":"https:\/\/myspainfood.com\/sv\/wp-json\/wp\/v2\/product\/44379","targetHints":{"allow":["GET"]}}],"collection":[{"href":"https:\/\/myspainfood.com\/sv\/wp-json\/wp\/v2\/product"}],"about":[{"href":"https:\/\/myspainfood.com\/sv\/wp-json\/wp\/v2\/types\/product"}],"wp:featuredmedia":[{"embeddable":true,"href":"https:\/\/myspainfood.com\/sv\/wp-json\/wp\/v2\/media\/13812"}],"wp:attachment":[{"href":"https:\/\/myspainfood.com\/sv\/wp-json\/wp\/v2\/media?parent=44379"}],"wp:term":[{"taxonomy":"product_brand","embeddable":true,"href":"https:\/\/myspainfood.com\/sv\/wp-json\/wp\/v2\/product_brand?post=44379"},{"taxonomy":"product_cat","embeddable":true,"href":"https:\/\/myspainfood.com\/sv\/wp-json\/wp\/v2\/product_cat?post=44379"},{"taxonomy":"product_tag","embeddable":true,"href":"https:\/\/myspainfood.com\/sv\/wp-json\/wp\/v2\/product_tag?post=44379"}],"curies":[{"name":"wp","href":"https:\/\/api.w.org\/{rel}","templated":true}]}}