{"id":44387,"date":"2025-04-10T12:11:42","date_gmt":"2025-04-10T10:11:42","guid":{"rendered":"https:\/\/myspainfood.com\/producto\/nabeel-nafisah-sweets-sweet-damascus-baklava-syrien-150-g\/"},"modified":"2025-04-10T12:11:42","modified_gmt":"2025-04-10T10:11:42","slug":"nabeel-nafisah-sweets-sweet-damascus-baklava-syrien-150-g","status":"publish","type":"product","link":"https:\/\/myspainfood.com\/sv\/producto\/nabeel-nafisah-sweets-sweet-damascus-baklava-syrien-150-g\/","title":{"rendered":"Nabeel Nafisah Sweets Sweet Damascus Baklava Syrien 150 g"},"content":{"rendered":"","protected":false},"excerpt":{"rendered":"<p>Baklava \u00e4r en fylld filodeg fylld med hackade n\u00f6tter och t\u00e4ckt med ghee och sockersirap. Det \u00e4r en knaprig s\u00f6tsak som \u00e4r mest popul\u00e4r bland araber och medelhavsfolk. Det \u00e4r en kombination av olika sorters baklava som arrangeras och organiseras i en speciell orientalisk design.  <\/p>\n","protected":false},"featured_media":13902,"template":"","meta":{"_et_pb_use_builder":"","_et_pb_old_content":"","_et_gb_content_width":""},"product_brand":[1453],"product_cat":[7694,1986],"product_tag":[],"class_list":{"0":"post-44387","1":"product","2":"type-product","3":"status-publish","4":"has-post-thumbnail","6":"product_brand-nabeel-nafisah","7":"product_cat-julspecial","8":"product_cat-konserver-sv","10":"first","11":"outofstock","12":"taxable","13":"shipping-taxable","14":"purchasable","15":"product-type-simple"},"_links":{"self":[{"href":"https:\/\/myspainfood.com\/sv\/wp-json\/wp\/v2\/product\/44387","targetHints":{"allow":["GET"]}}],"collection":[{"href":"https:\/\/myspainfood.com\/sv\/wp-json\/wp\/v2\/product"}],"about":[{"href":"https:\/\/myspainfood.com\/sv\/wp-json\/wp\/v2\/types\/product"}],"wp:featuredmedia":[{"embeddable":true,"href":"https:\/\/myspainfood.com\/sv\/wp-json\/wp\/v2\/media\/13902"}],"wp:attachment":[{"href":"https:\/\/myspainfood.com\/sv\/wp-json\/wp\/v2\/media?parent=44387"}],"wp:term":[{"taxonomy":"product_brand","embeddable":true,"href":"https:\/\/myspainfood.com\/sv\/wp-json\/wp\/v2\/product_brand?post=44387"},{"taxonomy":"product_cat","embeddable":true,"href":"https:\/\/myspainfood.com\/sv\/wp-json\/wp\/v2\/product_cat?post=44387"},{"taxonomy":"product_tag","embeddable":true,"href":"https:\/\/myspainfood.com\/sv\/wp-json\/wp\/v2\/product_tag?post=44387"}],"curies":[{"name":"wp","href":"https:\/\/api.w.org\/{rel}","templated":true}]}}