{"id":44411,"date":"2025-04-10T12:12:05","date_gmt":"2025-04-10T10:12:05","guid":{"rendered":"https:\/\/myspainfood.com\/producto\/senorio-de-nava-ribera-del-duero-2022-75-cl\/"},"modified":"2026-01-29T12:33:48","modified_gmt":"2026-01-29T11:33:48","slug":"senorio-de-nava-ribera-del-duero-2022-75-cl","status":"publish","type":"product","link":"https:\/\/myspainfood.com\/sv\/producto\/senorio-de-nava-ribera-del-duero-2022-75-cl\/","title":{"rendered":"Se\u00f1or\u00edo De Nava Ribera Del Duero 2022 75 cl"},"content":{"rendered":"<p>Uppt\u00e4ck den autentiska smaken av Ribera del Duero med Se\u00f1or\u00edo De Nava! Detta prestigefyllda vin, med Denominaci\u00f3n de Origen Ribera del Duero, f\u00e5ngar sj\u00e4lva k\u00e4rnan i denna ber\u00f6mda spanska vinregion. <\/p>\n<p>Se\u00f1or\u00edo De Nava Ribera Del Duero \u00e4r resultatet av ett noggrant urval av Tempranillo-druvor, regionens emblematiska sort, som odlas i privilegierade ving\u00e5rdar som badar i solen i Dueros floddal. Med kontrollerad j\u00e4sning och en noggrann lagringsprocess p\u00e5 ekfat k\u00e4nnetecknas detta vin av sin komplexa karakt\u00e4r och exceptionella balans. <\/p>\n<p>P\u00e5 gommen visar det intensiva toner av mogen frukt, subtila inslag av ek och en v\u00e4ldefinierad struktur som kulminerar i en l\u00e5ng, tillfredsst\u00e4llande finish. Se\u00f1or\u00edo De Nava Ribera Del Duero \u00e4r det perfekta ackompanjemanget f\u00f6r speciella tillf\u00e4llen, fr\u00e5n eleganta middagar till informella sammankomster med v\u00e4nner. <\/p>\n<p>L\u00e5t dig f\u00f6rf\u00f6ras av elegansen och traditionen i Ribera del Duero med varje klunk av Se\u00f1or\u00edo De Nava. Njut av den oenologiska excellensen i en av Spaniens mest enast\u00e5ende vinregioner och g\u00f6r varje tillf\u00e4lle minnesv\u00e4rt med detta uts\u00f6kta vin!  <\/p>\n","protected":false},"excerpt":{"rendered":"<p>Se\u00f1or\u00edo De Nava Ribera Del Duero \u00e4r resultatet av ett noggrant urval av Tempranillo-druvor, regionens emblematiska sort, som odlas i privilegierade ving\u00e5rdar som badar i solen i Dueros floddal. Med kontrollerad j\u00e4sning och en noggrann lagringsprocess p\u00e5 ekfat k\u00e4nnetecknas detta vin av sin komplexa karakt\u00e4r och exceptionella balans. <\/p>\n","protected":false},"featured_media":14181,"template":"","meta":{"_et_pb_use_builder":"","_et_pb_old_content":"","_et_gb_content_width":""},"product_brand":[1224],"product_cat":[4847,4848],"product_tag":[],"class_list":{"0":"post-44411","1":"product","2":"type-product","3":"status-publish","4":"has-post-thumbnail","6":"product_brand-senorio-de-nava","7":"product_cat-drycker","8":"product_cat-vin","10":"first","11":"outofstock","12":"taxable","13":"shipping-taxable","14":"product-type-variable"},"_links":{"self":[{"href":"https:\/\/myspainfood.com\/sv\/wp-json\/wp\/v2\/product\/44411","targetHints":{"allow":["GET"]}}],"collection":[{"href":"https:\/\/myspainfood.com\/sv\/wp-json\/wp\/v2\/product"}],"about":[{"href":"https:\/\/myspainfood.com\/sv\/wp-json\/wp\/v2\/types\/product"}],"wp:featuredmedia":[{"embeddable":true,"href":"https:\/\/myspainfood.com\/sv\/wp-json\/wp\/v2\/media\/14181"}],"wp:attachment":[{"href":"https:\/\/myspainfood.com\/sv\/wp-json\/wp\/v2\/media?parent=44411"}],"wp:term":[{"taxonomy":"product_brand","embeddable":true,"href":"https:\/\/myspainfood.com\/sv\/wp-json\/wp\/v2\/product_brand?post=44411"},{"taxonomy":"product_cat","embeddable":true,"href":"https:\/\/myspainfood.com\/sv\/wp-json\/wp\/v2\/product_cat?post=44411"},{"taxonomy":"product_tag","embeddable":true,"href":"https:\/\/myspainfood.com\/sv\/wp-json\/wp\/v2\/product_tag?post=44411"}],"curies":[{"name":"wp","href":"https:\/\/api.w.org\/{rel}","templated":true}]}}