{"id":44417,"date":"2025-04-10T12:12:05","date_gmt":"2025-04-10T10:12:05","guid":{"rendered":"https:\/\/myspainfood.com\/producto\/la-vieja-fabrica-bitter-apelsinmarmelad-280-g\/"},"modified":"2025-04-10T12:12:05","modified_gmt":"2025-04-10T10:12:05","slug":"la-vieja-fabrica-bitter-apelsinmarmelad-280-g","status":"publish","type":"product","link":"https:\/\/myspainfood.com\/sv\/producto\/la-vieja-fabrica-bitter-apelsinmarmelad-280-g\/","title":{"rendered":"La Vieja F\u00e1brica Bitter apelsinmarmelad 280 g"},"content":{"rendered":"<p>La Vieja F\u00e1brica pomeransmarmelad \u00e4r en traditionell spansk produkt som utm\u00e4rker sig genom sin autentiska och uts\u00f6kta smak. Den \u00e4r gjord p\u00e5 de b\u00e4sta pomeranserna enligt traditionella recept och har en perfekt balans mellan s\u00f6tma och beska. Denna marmelad \u00e4r idealisk till frukost, snacks eller desserter och \u00e4r en njutning som ger dig rikedomen i Spaniens traditionella smaker.  <\/p>\n<p>&nbsp;<\/p>\n<p><span class=\"info-key \"><strong>Livsmedlets namn<\/strong>:<\/span> Bitter apelsinmarmelad<\/p>\n<p>Den <span class=\"info-key \"><strong>ekonomiska akt\u00f6rens namn<\/strong>:<\/span> \u00c1ngel Camacho Alimentaci\u00f3n, S.L.<\/p>\n<p><span class=\"info-key \"><strong>Operat\u00f6rens adress<\/strong>:<\/span> Avda. del Pilar, 6 - 41530 Mor\u00f3n de la Frontera (Sevilla)<\/p>\n<p><span class=\"info-key \"><strong>Livsmedlets ursprungsort<\/strong>:<\/span> Produkt fr\u00e5n Spanien<\/p>\n<p><span class=\"info-key \"><strong>Nettokvantitet<\/strong>:<\/span> 365 g<\/p>\n<p><span class=\"info-key \"><strong>\u00d6vriga obligatoriska m\u00e4rkningsuppgifter<\/strong>:<\/span> Framst\u00e4lld av 40 g apelsiner per 100 g.<\/p>\n<p><strong>Total sockerhalt<\/strong> 65 g per 100 g.<\/p>\n","protected":false},"excerpt":{"rendered":"<p>La Vieja F\u00e1brica pomeransmarmelad \u00e4r en traditionell spansk produkt som utm\u00e4rker sig genom sin autentiska och uts\u00f6kta smak. Den \u00e4r gjord p\u00e5 de b\u00e4sta pomeranserna enligt traditionella recept och har en perfekt balans mellan s\u00f6tma och beska. Denna marmelad \u00e4r idealisk till frukost, snacks eller desserter och \u00e4r en njutning som ger dig rikedomen i [&hellip;]<\/p>\n","protected":false},"featured_media":14217,"template":"","meta":{"_et_pb_use_builder":"","_et_pb_old_content":"","_et_gb_content_width":""},"product_brand":[1460],"product_cat":[1986],"product_tag":[],"class_list":{"0":"post-44417","1":"product","2":"type-product","3":"status-publish","4":"has-post-thumbnail","6":"product_brand-la-vieja-fabrica","7":"product_cat-konserver-sv","9":"first","10":"outofstock","11":"taxable","12":"shipping-taxable","13":"product-type-variable"},"_links":{"self":[{"href":"https:\/\/myspainfood.com\/sv\/wp-json\/wp\/v2\/product\/44417","targetHints":{"allow":["GET"]}}],"collection":[{"href":"https:\/\/myspainfood.com\/sv\/wp-json\/wp\/v2\/product"}],"about":[{"href":"https:\/\/myspainfood.com\/sv\/wp-json\/wp\/v2\/types\/product"}],"wp:featuredmedia":[{"embeddable":true,"href":"https:\/\/myspainfood.com\/sv\/wp-json\/wp\/v2\/media\/14217"}],"wp:attachment":[{"href":"https:\/\/myspainfood.com\/sv\/wp-json\/wp\/v2\/media?parent=44417"}],"wp:term":[{"taxonomy":"product_brand","embeddable":true,"href":"https:\/\/myspainfood.com\/sv\/wp-json\/wp\/v2\/product_brand?post=44417"},{"taxonomy":"product_cat","embeddable":true,"href":"https:\/\/myspainfood.com\/sv\/wp-json\/wp\/v2\/product_cat?post=44417"},{"taxonomy":"product_tag","embeddable":true,"href":"https:\/\/myspainfood.com\/sv\/wp-json\/wp\/v2\/product_tag?post=44417"}],"curies":[{"name":"wp","href":"https:\/\/api.w.org\/{rel}","templated":true}]}}