{"id":44422,"date":"2025-04-10T12:12:05","date_gmt":"2025-04-10T10:12:05","guid":{"rendered":"https:\/\/myspainfood.com\/producto\/santos-sodupe-rioja-rose-halvsot-pekadora-rioja\/"},"modified":"2026-01-29T12:39:12","modified_gmt":"2026-01-29T11:39:12","slug":"santos-sodupe-rioja-rose-halvsot-pekadora-rioja","status":"publish","type":"product","link":"https:\/\/myspainfood.com\/sv\/producto\/santos-sodupe-rioja-rose-halvsot-pekadora-rioja\/","title":{"rendered":"Santos Sodupe Rioja Ros\u00e9 halvs\u00f6t PEKADORA Rioja"},"content":{"rendered":"<p>Sk\u00f6rd p\u00e5 natten<\/p>\n<p>Kall maceration<\/p>\n<p>L\u00e5gtryckspressning, fritt rinnande juice<\/p>\n<p>Flotationsreng\u00f6ring<\/p>\n<p>Temperaturkontrollerad fermentering<\/p>\n<p>Tekniska specifikationer<\/p>\n<p>  Halvs\u00f6t ros\u00e9<\/p>\n<p>  100% r\u00f6d grenache<\/p>\n<p>  Bodegas Santos Sodupe<\/p>\n<p>  San Asensio, La Rioja<\/p>\n<p>  D.O.C. Rioja<\/p>\n<p>  75cl \/ 12,5%vol.<\/p>\n<p>  Inneh\u00e5ller sulfiter<\/p>\n<p>provsmakning<\/p>\n<p>Ren ljusrosa, laxf\u00e4rgade inslag<\/p>\n<p>Kompott av vit frukt och citrusnoter<\/p>\n<p>Vibrerande k\u00e4nsla av balans mellan s\u00f6tma och syra<\/p>\n","protected":false},"excerpt":{"rendered":"<p>Sk\u00f6rd p\u00e5 natten Kall maceration L\u00e5gtryckspressning, fritt rinnande juice Flotationsreng\u00f6ring Temperaturkontrollerad fermentering Tekniska specifikationer Halvs\u00f6t ros\u00e9 100% r\u00f6d grenache Bodegas Santos Sodupe San Asensio, La Rioja D.O.C. Rioja 75cl \/ 12,5%vol. Inneh\u00e5ller sulfiter provsmakning Ren ljusrosa, laxf\u00e4rgade inslag Kompott av vit frukt och citrusnoter Vibrerande k\u00e4nsla av balans mellan s\u00f6tma och syra<\/p>\n","protected":false},"featured_media":14253,"template":"","meta":{"_et_pb_use_builder":"","_et_pb_old_content":"","_et_gb_content_width":""},"product_brand":[1459],"product_cat":[4847,4848],"product_tag":[],"class_list":{"0":"post-44422","1":"product","2":"type-product","3":"status-publish","4":"has-post-thumbnail","6":"product_brand-santos-sodupe","7":"product_cat-drycker","8":"product_cat-vin","10":"first","11":"outofstock","12":"taxable","13":"shipping-taxable","14":"product-type-variable"},"_links":{"self":[{"href":"https:\/\/myspainfood.com\/sv\/wp-json\/wp\/v2\/product\/44422","targetHints":{"allow":["GET"]}}],"collection":[{"href":"https:\/\/myspainfood.com\/sv\/wp-json\/wp\/v2\/product"}],"about":[{"href":"https:\/\/myspainfood.com\/sv\/wp-json\/wp\/v2\/types\/product"}],"wp:featuredmedia":[{"embeddable":true,"href":"https:\/\/myspainfood.com\/sv\/wp-json\/wp\/v2\/media\/14253"}],"wp:attachment":[{"href":"https:\/\/myspainfood.com\/sv\/wp-json\/wp\/v2\/media?parent=44422"}],"wp:term":[{"taxonomy":"product_brand","embeddable":true,"href":"https:\/\/myspainfood.com\/sv\/wp-json\/wp\/v2\/product_brand?post=44422"},{"taxonomy":"product_cat","embeddable":true,"href":"https:\/\/myspainfood.com\/sv\/wp-json\/wp\/v2\/product_cat?post=44422"},{"taxonomy":"product_tag","embeddable":true,"href":"https:\/\/myspainfood.com\/sv\/wp-json\/wp\/v2\/product_tag?post=44422"}],"curies":[{"name":"wp","href":"https:\/\/api.w.org\/{rel}","templated":true}]}}