{"id":44423,"date":"2025-04-10T12:12:29","date_gmt":"2025-04-10T10:12:29","guid":{"rendered":"https:\/\/myspainfood.com\/producto\/santos-sodupe-rioja-young-rod-descuido\/"},"modified":"2026-01-29T12:48:30","modified_gmt":"2026-01-29T11:48:30","slug":"santos-sodupe-rioja-young-rod-descuido","status":"publish","type":"product","link":"https:\/\/myspainfood.com\/sv\/producto\/santos-sodupe-rioja-young-rod-descuido\/","title":{"rendered":"Santos Sodupe Rioja Young R\u00f6d DESCUIDO"},"content":{"rendered":"<p>Traditionell kolsyremaceration<\/p>\n<p>Kall maceration<\/p>\n<p>L\u00e5gtryckspressning, fritt rinnande juice<\/p>\n<p>Reng\u00f6ring genom dekantering (desludging)<\/p>\n<p>Temperaturkontrollerad fermentering<\/p>\n<p>Sk\u00f6rd vald p\u00e5 vinstocken<\/p>\n<p>Tekniska specifikationer<\/p>\n<p>Ung r\u00f6d<\/p>\n<p>85% tempranillo, 10% viura, 5% graciano<\/p>\n<p>Bodegas Santos Sodupe<\/p>\n<p>San Asensio, La Rioja<\/p>\n<p>D.O.C. Rioja<\/p>\n<p>75cl \/ 12,5%vol.<\/p>\n<p>Inneh\u00e5ller sulfiter<\/p>\n","protected":false},"excerpt":{"rendered":"<p>Traditionell kolsyremaceration Kall maceration L\u00e5gtryckspressning, fritt rinnande juice Reng\u00f6ring genom dekantering (desludging) Temperaturkontrollerad fermentering Sk\u00f6rd vald p\u00e5 vinstocken Tekniska specifikationer Ung r\u00f6d 85% tempranillo, 10% viura, 5% graciano Bodegas Santos Sodupe San Asensio, La Rioja D.O.C. Rioja 75cl \/ 12,5%vol. Inneh\u00e5ller sulfiter<\/p>\n","protected":false},"featured_media":14316,"template":"","meta":{"_et_pb_use_builder":"","_et_pb_old_content":"","_et_gb_content_width":""},"product_brand":[1459],"product_cat":[4847,6257],"product_tag":[],"class_list":{"0":"post-44423","1":"product","2":"type-product","3":"status-publish","4":"has-post-thumbnail","6":"product_brand-santos-sodupe","7":"product_cat-drycker","8":"product_cat-vin-sv-2","10":"first","11":"outofstock","12":"taxable","13":"shipping-taxable","14":"product-type-variable"},"_links":{"self":[{"href":"https:\/\/myspainfood.com\/sv\/wp-json\/wp\/v2\/product\/44423","targetHints":{"allow":["GET"]}}],"collection":[{"href":"https:\/\/myspainfood.com\/sv\/wp-json\/wp\/v2\/product"}],"about":[{"href":"https:\/\/myspainfood.com\/sv\/wp-json\/wp\/v2\/types\/product"}],"wp:featuredmedia":[{"embeddable":true,"href":"https:\/\/myspainfood.com\/sv\/wp-json\/wp\/v2\/media\/14316"}],"wp:attachment":[{"href":"https:\/\/myspainfood.com\/sv\/wp-json\/wp\/v2\/media?parent=44423"}],"wp:term":[{"taxonomy":"product_brand","embeddable":true,"href":"https:\/\/myspainfood.com\/sv\/wp-json\/wp\/v2\/product_brand?post=44423"},{"taxonomy":"product_cat","embeddable":true,"href":"https:\/\/myspainfood.com\/sv\/wp-json\/wp\/v2\/product_cat?post=44423"},{"taxonomy":"product_tag","embeddable":true,"href":"https:\/\/myspainfood.com\/sv\/wp-json\/wp\/v2\/product_tag?post=44423"}],"curies":[{"name":"wp","href":"https:\/\/api.w.org\/{rel}","templated":true}]}}