{"id":44428,"date":"2025-04-10T12:12:05","date_gmt":"2025-04-10T10:12:05","guid":{"rendered":"https:\/\/myspainfood.com\/producto\/santos-sodupe-rioja-signatur-rott-vin-graciano-rioja\/"},"modified":"2026-01-29T12:26:31","modified_gmt":"2026-01-29T11:26:31","slug":"santos-sodupe-rioja-signatur-rott-vin-graciano-rioja","status":"publish","type":"product","link":"https:\/\/myspainfood.com\/sv\/producto\/santos-sodupe-rioja-signatur-rott-vin-graciano-rioja\/","title":{"rendered":"Santos Sodupe Rioja signatur r\u00f6tt vin GRACIANO Rioja"},"content":{"rendered":"<p>100% Graciano<\/p>\n<p>16 m\u00e5nader p\u00e5 ekfat<\/p>\n<p>Franska<\/p>\n<p>Gamla vinstockar<\/p>\n<p>Sk\u00f6rd vald p\u00e5 vinstocken<\/p>\n<p>Guldmedalj Toppvin 2021<\/p>\n<p>Civas guld Guldmedalj 2023<\/p>\n<p>Tekniska specifikationer<\/p>\n<p>Signatur r\u00f6tt vin<\/p>\n<p>100% graciano<\/p>\n<p>Bodegas Santos Sodupe<\/p>\n<p>San Asensio, La Rioja<\/p>\n<p>D.O.C. Rioja<\/p>\n<p>75cl \/ 12,5%vol.<\/p>\n<p>Inneh\u00e5ller sulfiter<\/p>\n<p>provsmakning<\/p>\n<p>K\u00f6rsb\u00e4rsr\u00f6d med ockraf\u00e4rgade toner<\/p>\n<p>Kryddiga och tr\u00e4iga toner med mogna r\u00f6da frukter<\/p>\n<p>M\u00e4ttat och l\u00e5ngt, \u00e4dla tanniner, fyllighet och struktur.<\/p>\n","protected":false},"excerpt":{"rendered":"<p>100% Graciano 16 m\u00e5nader p\u00e5 ekfat Franska Gamla vinstockar Sk\u00f6rd vald p\u00e5 vinstocken Guldmedalj Toppvin 2021 Civas guld Guldmedalj 2023 Tekniska specifikationer Signatur r\u00f6tt vin 100% graciano Bodegas Santos Sodupe San Asensio, La Rioja D.O.C. Rioja 75cl \/ 12,5%vol. Inneh\u00e5ller sulfiter provsmakning K\u00f6rsb\u00e4rsr\u00f6d med ockraf\u00e4rgade toner Kryddiga och tr\u00e4iga toner med mogna r\u00f6da frukter M\u00e4ttat [&hellip;]<\/p>\n","protected":false},"featured_media":14244,"template":"","meta":{"_et_pb_use_builder":"","_et_pb_old_content":"","_et_gb_content_width":""},"product_brand":[1459],"product_cat":[4847,4848],"product_tag":[],"class_list":{"0":"post-44428","1":"product","2":"type-product","3":"status-publish","4":"has-post-thumbnail","6":"product_brand-santos-sodupe","7":"product_cat-drycker","8":"product_cat-vin","10":"first","11":"outofstock","12":"taxable","13":"shipping-taxable","14":"product-type-variable"},"_links":{"self":[{"href":"https:\/\/myspainfood.com\/sv\/wp-json\/wp\/v2\/product\/44428","targetHints":{"allow":["GET"]}}],"collection":[{"href":"https:\/\/myspainfood.com\/sv\/wp-json\/wp\/v2\/product"}],"about":[{"href":"https:\/\/myspainfood.com\/sv\/wp-json\/wp\/v2\/types\/product"}],"wp:featuredmedia":[{"embeddable":true,"href":"https:\/\/myspainfood.com\/sv\/wp-json\/wp\/v2\/media\/14244"}],"wp:attachment":[{"href":"https:\/\/myspainfood.com\/sv\/wp-json\/wp\/v2\/media?parent=44428"}],"wp:term":[{"taxonomy":"product_brand","embeddable":true,"href":"https:\/\/myspainfood.com\/sv\/wp-json\/wp\/v2\/product_brand?post=44428"},{"taxonomy":"product_cat","embeddable":true,"href":"https:\/\/myspainfood.com\/sv\/wp-json\/wp\/v2\/product_cat?post=44428"},{"taxonomy":"product_tag","embeddable":true,"href":"https:\/\/myspainfood.com\/sv\/wp-json\/wp\/v2\/product_tag?post=44428"}],"curies":[{"name":"wp","href":"https:\/\/api.w.org\/{rel}","templated":true}]}}