{"id":44819,"date":"2025-04-10T12:05:33","date_gmt":"2025-04-10T10:05:33","guid":{"rendered":"https:\/\/myspainfood.com\/producto\/aubergine-smak-oliv\/"},"modified":"2025-04-10T12:05:33","modified_gmt":"2025-04-10T10:05:33","slug":"aubergine-smak-oliv","status":"publish","type":"product","link":"https:\/\/myspainfood.com\/sv\/producto\/aubergine-smak-oliv\/","title":{"rendered":"Aubergine Smak Oliv"},"content":{"rendered":"<p>Eggplant Flavour Olive \u00e4r mycket mild i smaken, vilket g\u00f6r den till en v\u00e5gad <a href=\"https:\/\/www.laencajera.es\/aceitunas\" target=\"_blank\" rel=\"noopener noreferrer nofollow\">aptitretare<\/a> som alltid \u00e4r aptitretande.<\/p>\n<p>F\u00f6rutom att vara ett perfekt tillbeh\u00f6r till skedr\u00e4tter. De kan avnjutas med ett glas vin. <\/p>\n<p>Ingredienser: Oliver, vatten, peppar, salt, vin\u00e4ger, naturliga kryddor (vitl\u00f6k, kummin, paprika och olja), smakf\u00f6rst\u00e4rkare (E-631, E-627, E-621), syrabildare (E-330), konserveringsmedel (E-270, E-202, E-211), antioxidant (E-330) och naturliga aromer. Kan inneh\u00e5lla sulfiter. <\/p>\n<p>F\u00f6rvaras svalt och torrt, mellan 3\u00baC och 10\u00baC. F\u00f6rvaras \u00e5tskilt fr\u00e5n solljus och starka lukter. <\/p>\n<p>N\u00e4r Olive Eggplant Flavour \u00f6ppnats, f\u00f6rvara i kylsk\u00e5p och konsumera inom 30 dagar.<\/p>\n<p>Om du vill k\u00f6pa oliver eller n\u00e5gon annan typ av <a href=\"https:\/\/latiendadesami.com\/categoria-producto\/encurtidos\/\" rel=\"noopener noreferrer nofollow\" target=\"_blank\">inlagda<\/a> gr\u00f6nsaker, tveka inte att ta en titt p\u00e5 v\u00e5r onlinekatalog f\u00f6r att se det stora utbudet av <a href=\"https:\/\/latiendadesami.com\/categoria-producto\/encurtidos\/berenjenas\/\" target=\"_blank\" rel=\"noopener noreferrer nofollow\">auberginer<\/a> vi har.<\/p>\n<p>Varum\u00e4rket \u00e4r La Encajonera, ett familjef\u00f6retag som grundades 1990 och ligger i hj\u00e4rtat av La Mancha, i staden ALMAGRO, i provinsen Ciudad Real.<\/p>\n<p>Tillverkningsprocessen f\u00f6r dess produkter b\u00f6rjar i samma odlingsomr\u00e5de, d\u00e4r man v\u00e4ljer ut den b\u00e4sta kvalitetsprodukten.<\/p>\n<p>Fabriken \u00e4r utrustad med den mest avancerade tekniken, samtidigt som traditionen och kunskapen hos hantverkarna har bevarats.<\/p>\n","protected":false},"excerpt":{"rendered":"<p>Eggplant Flavour Olive \u00e4r mycket mild i smaken, vilket g\u00f6r den till en v\u00e5gad aptitretare som alltid \u00e4r aptitretande. F\u00f6rutom att vara ett perfekt tillbeh\u00f6r till skedr\u00e4tter. De kan avnjutas med ett glas vin. Ingredienser: Oliver, vatten, peppar, salt, vin\u00e4ger, naturliga kryddor (vitl\u00f6k, kummin, paprika och olja), smakf\u00f6rst\u00e4rkare (E-631, E-627, E-621), syrabildare (E-330), konserveringsmedel (E-270, [&hellip;]<\/p>\n","protected":false},"featured_media":7622,"template":"","meta":{"_et_pb_use_builder":"","_et_pb_old_content":"","_et_gb_content_width":""},"product_brand":[1057],"product_cat":[1585,1586],"product_tag":[2172],"class_list":{"0":"post-44819","1":"product","2":"type-product","3":"status-publish","4":"has-post-thumbnail","6":"product_brand-la-encajera","7":"product_cat-inlagda-gronsaker","8":"product_cat-oliver","9":"product_tag-aubergine-sv","11":"first","12":"outofstock","13":"taxable","14":"shipping-taxable","15":"product-type-variable"},"_links":{"self":[{"href":"https:\/\/myspainfood.com\/sv\/wp-json\/wp\/v2\/product\/44819","targetHints":{"allow":["GET"]}}],"collection":[{"href":"https:\/\/myspainfood.com\/sv\/wp-json\/wp\/v2\/product"}],"about":[{"href":"https:\/\/myspainfood.com\/sv\/wp-json\/wp\/v2\/types\/product"}],"wp:featuredmedia":[{"embeddable":true,"href":"https:\/\/myspainfood.com\/sv\/wp-json\/wp\/v2\/media\/7622"}],"wp:attachment":[{"href":"https:\/\/myspainfood.com\/sv\/wp-json\/wp\/v2\/media?parent=44819"}],"wp:term":[{"taxonomy":"product_brand","embeddable":true,"href":"https:\/\/myspainfood.com\/sv\/wp-json\/wp\/v2\/product_brand?post=44819"},{"taxonomy":"product_cat","embeddable":true,"href":"https:\/\/myspainfood.com\/sv\/wp-json\/wp\/v2\/product_cat?post=44819"},{"taxonomy":"product_tag","embeddable":true,"href":"https:\/\/myspainfood.com\/sv\/wp-json\/wp\/v2\/product_tag?post=44819"}],"curies":[{"name":"wp","href":"https:\/\/api.w.org\/{rel}","templated":true}]}}