{"id":45177,"date":"2025-04-10T12:10:12","date_gmt":"2025-04-10T10:10:12","guid":{"rendered":"https:\/\/myspainfood.com\/producto\/80-st-cusumano-kustnara-farsk-bonito-18-kg\/"},"modified":"2026-01-13T13:48:38","modified_gmt":"2026-01-13T12:48:38","slug":"80-st-cusumano-kustnara-farsk-bonito-18-kg","status":"publish","type":"product","link":"https:\/\/myspainfood.com\/sv\/producto\/80-st-cusumano-kustnara-farsk-bonito-18-kg\/","title":{"rendered":"80 st. Cusumano kustn\u00e4ra f\u00e4rsk bonito 1&#8217;8 kg"},"content":{"rendered":"<div id=\"product-description-short-5\" class=\"rte-content\">\n<p style=\"text-align: left;\">Kustens f\u00e4rska tonfisk Cusumano \u00e4r en vit tonfisk som f\u00e5ngas en efter en i Kantabriska havet och <a href=\"https:\/\/es.wikipedia.org\/wiki\/Thunnus\" target=\"_blank\" rel=\"noopener noreferrer nofollow\">bearbetas<\/a> F\u00c4RSK.<\/p>\n<p>Denna mat har en autentisk smak och en enast\u00e5ende konsistens.<\/p>\n<p>\u00c4ntligen kan du ha en traditionell konservering p\u00e5 ditt bord.<\/p>\n<p>Fresco de Costera.<\/p>\n<p>Eftersom detta \u00e4r ett s\u00e4songsbetonat fiske som p\u00e5g\u00e5r fr\u00e5n juni till oktober garanterar Cusumano att denna vita tonfisk inte har genomg\u00e5tt n\u00e5gon frysningsprocess fr\u00e5n f\u00e5ngst till produktion.<\/p>\n<p>Denna tonfisk beh\u00e5ller alla sina organoleptiska egenskaper vad g\u00e4ller f\u00e4rg, smak och konsistens intakta.<\/p>\n<p>Conservas Cusumano har nya och moderna anl\u00e4ggningar p\u00e5 n\u00e4stan 6.000 m\u00b2 i Mundaka.<\/p>\n<p>Conservas Cusumano \u00e4r ett f\u00f6retag som i mer \u00e4n 60 \u00e5r har bevarat k\u00e4rleken till traditionen och kunskapen inom en av de \u00e4ldsta och mest traditionella branscherna i v\u00e4rlden: fiske och konservering av f\u00e4rsk vit tonfisk fr\u00e5n kusten.<\/p>\n<p>Inom det makal\u00f6sa biosf\u00e4romr\u00e5det Urdaibai, vilket g\u00f6r att de kan f\u00e5 den f\u00e4rskaste fisken p\u00e5 grund av sitt l\u00e4ge s\u00e5 n\u00e4ra havet som genomsyrar v\u00e5r essens.<\/p>\n<p>Om du vill k\u00f6pa Cusumano Coastal f\u00e4rsk tonfisk eller n\u00e5gon annan typ av <a href=\"https:\/\/latiendadesami.com\/categoria-producto\/conservas\/\" rel=\"noopener noreferrer nofollow\" target=\"_blank\">konserverad ton<\/a>fisk, tveka inte att ta en titt p\u00e5 hela v\u00e5r onlinekatalog f\u00f6r att se det stora utbudet av <a href=\"https:\/\/latiendadesami.com\/categoria-producto\/conservas\/atun-y-bonito\/\" target=\"_blank\" rel=\"noopener noreferrer nofollow\">tonfisk<\/a> vi har.<\/p>\n<p>Skriv till oss om du vill ha mer information.<\/p>\n<p>&nbsp;<\/p>\n<\/div>\n","protected":false},"excerpt":{"rendered":"<p>Kustens f\u00e4rska tonfisk Cusumano \u00e4r en vit tonfisk som f\u00e5ngas en efter en i Kantabriska havet och bearbetas F\u00c4RSK. Denna mat har en autentisk smak och en enast\u00e5ende konsistens. \u00c4ntligen kan du ha en traditionell konservering p\u00e5 ditt bord. Fresco de Costera. Eftersom detta \u00e4r ett s\u00e4songsbetonat fiske som p\u00e5g\u00e5r fr\u00e5n juni till oktober garanterar [&hellip;]<\/p>\n","protected":false},"featured_media":12624,"template":"","meta":{"_et_pb_use_builder":"","_et_pb_old_content":"","_et_gb_content_width":""},"product_brand":[1272],"product_cat":[1986,4367],"product_tag":[],"class_list":{"0":"post-45177","1":"product","2":"type-product","3":"status-publish","4":"has-post-thumbnail","6":"product_brand-cusumano","7":"product_cat-konserver-sv","8":"product_cat-tonfisk-och-bonito","10":"first","11":"outofstock","12":"taxable","13":"shipping-taxable","14":"purchasable","15":"product-type-simple"},"_links":{"self":[{"href":"https:\/\/myspainfood.com\/sv\/wp-json\/wp\/v2\/product\/45177","targetHints":{"allow":["GET"]}}],"collection":[{"href":"https:\/\/myspainfood.com\/sv\/wp-json\/wp\/v2\/product"}],"about":[{"href":"https:\/\/myspainfood.com\/sv\/wp-json\/wp\/v2\/types\/product"}],"wp:featuredmedia":[{"embeddable":true,"href":"https:\/\/myspainfood.com\/sv\/wp-json\/wp\/v2\/media\/12624"}],"wp:attachment":[{"href":"https:\/\/myspainfood.com\/sv\/wp-json\/wp\/v2\/media?parent=45177"}],"wp:term":[{"taxonomy":"product_brand","embeddable":true,"href":"https:\/\/myspainfood.com\/sv\/wp-json\/wp\/v2\/product_brand?post=45177"},{"taxonomy":"product_cat","embeddable":true,"href":"https:\/\/myspainfood.com\/sv\/wp-json\/wp\/v2\/product_cat?post=45177"},{"taxonomy":"product_tag","embeddable":true,"href":"https:\/\/myspainfood.com\/sv\/wp-json\/wp\/v2\/product_tag?post=45177"}],"curies":[{"name":"wp","href":"https:\/\/api.w.org\/{rel}","templated":true}]}}