{"id":45183,"date":"2025-04-10T12:10:02","date_gmt":"2025-04-10T10:10:02","guid":{"rendered":"https:\/\/myspainfood.com\/producto\/chicon-oliver-klubbor-900-gram-forpackning-6-enheter\/"},"modified":"2025-07-31T16:48:10","modified_gmt":"2025-07-31T14:48:10","slug":"chicon-oliver-klubbor-900-gram-forpackning-6-enheter","status":"publish","type":"product","link":"https:\/\/myspainfood.com\/sv\/producto\/chicon-oliver-klubbor-900-gram-forpackning-6-enheter\/","title":{"rendered":"Chic\u00f3n oliver klubbor 900 gram f\u00f6rpackning 6 enheter"},"content":{"rendered":"<h3>F\u00f6rdelar med <a href=\"https:\/\/aceitunaschiconlebron.com\/\" target=\"_blank\" rel=\"noopener noreferrer nofollow\">Chicon Ch<\/a> upadedos oliver Ali\u00f1o<\/h3>\n<p>K\u00e4nde du till de m\u00e5nga f\u00f6rdelarna med dessa Chicon Ali\u00f1o Olives Suckers? De har en h\u00f6g effekt f\u00f6r att f\u00f6rebygga hj\u00e4rtsjukdomar och cirkulationssjukdomar i allm\u00e4nhet. <\/p>\n<p>Detta beror p\u00e5 dess h\u00f6ga inneh\u00e5ll av om\u00e4ttade fetter. Dessutom \u00e4r det ett livsmedel som inneh\u00e5ller mycket j\u00e4rn och fibrer och \u00e4r mycket m\u00e4ttande, vilket g\u00f6r det till ett perfekt mellanm\u00e5l. <\/p>\n<p>Det \u00e4r l\u00e4mpligt att f\u00f6rvara dessa hela oliver p\u00e5 en sval, torr plats, borta fr\u00e5n solljus.<\/p>\n<p>Om du vill k\u00f6pa oliver eller n\u00e5gon annan typ av <a href=\"https:\/\/latiendadesami.com\/categoria-producto\/encurtidos\/\" rel=\"noopener noreferrer nofollow\" target=\"_blank\">inlagd mat,<\/a> tveka inte att ta en titt p\u00e5 v\u00e5r onlinekatalog f\u00f6r att se det stora utbudet av <a href=\"https:\/\/latiendadesami.com\/categoria-producto\/encurtidos\/aceitunas\/\" target=\"_blank\" rel=\"noopener noreferrer nofollow\">oliver<\/a> vi har.<\/p>\n","protected":false},"excerpt":{"rendered":"<p>F\u00f6rdelar med Chicon Ch upadedos oliver Ali\u00f1o K\u00e4nde du till de m\u00e5nga f\u00f6rdelarna med dessa Chicon Ali\u00f1o Olives Suckers? De har en h\u00f6g effekt f\u00f6r att f\u00f6rebygga hj\u00e4rtsjukdomar och cirkulationssjukdomar i allm\u00e4nhet. Detta beror p\u00e5 dess h\u00f6ga inneh\u00e5ll av om\u00e4ttade fetter. Dessutom \u00e4r det ett livsmedel som inneh\u00e5ller mycket j\u00e4rn och fibrer och \u00e4r mycket [&hellip;]<\/p>\n","protected":false},"featured_media":12354,"template":"","meta":{"_et_pb_use_builder":"","_et_pb_old_content":"","_et_gb_content_width":""},"product_brand":[1036],"product_cat":[3086,2831],"product_tag":[4077],"class_list":{"0":"post-45183","1":"product","2":"type-product","3":"status-publish","4":"has-post-thumbnail","6":"product_brand-chicon","7":"product_cat-inlagda-gronsaker-sv","8":"product_cat-partihandel","9":"product_tag-suckers-sv","11":"first","12":"instock","13":"taxable","14":"shipping-taxable","15":"purchasable","16":"product-type-variable"},"_links":{"self":[{"href":"https:\/\/myspainfood.com\/sv\/wp-json\/wp\/v2\/product\/45183","targetHints":{"allow":["GET"]}}],"collection":[{"href":"https:\/\/myspainfood.com\/sv\/wp-json\/wp\/v2\/product"}],"about":[{"href":"https:\/\/myspainfood.com\/sv\/wp-json\/wp\/v2\/types\/product"}],"wp:featuredmedia":[{"embeddable":true,"href":"https:\/\/myspainfood.com\/sv\/wp-json\/wp\/v2\/media\/12354"}],"wp:attachment":[{"href":"https:\/\/myspainfood.com\/sv\/wp-json\/wp\/v2\/media?parent=45183"}],"wp:term":[{"taxonomy":"product_brand","embeddable":true,"href":"https:\/\/myspainfood.com\/sv\/wp-json\/wp\/v2\/product_brand?post=45183"},{"taxonomy":"product_cat","embeddable":true,"href":"https:\/\/myspainfood.com\/sv\/wp-json\/wp\/v2\/product_cat?post=45183"},{"taxonomy":"product_tag","embeddable":true,"href":"https:\/\/myspainfood.com\/sv\/wp-json\/wp\/v2\/product_tag?post=45183"}],"curies":[{"name":"wp","href":"https:\/\/api.w.org\/{rel}","templated":true}]}}