{"id":45197,"date":"2025-04-10T12:10:50","date_gmt":"2025-04-10T10:10:50","guid":{"rendered":"https:\/\/myspainfood.com\/producto\/rokt-ansjovis-och-braserad-kronartskocka-35-enheter\/"},"modified":"2025-06-24T13:16:12","modified_gmt":"2025-06-24T11:16:12","slug":"rokt-ansjovis-och-braserad-kronartskocka-35-enheter","status":"publish","type":"product","link":"https:\/\/myspainfood.com\/sv\/producto\/rokt-ansjovis-och-braserad-kronartskocka-35-enheter\/","title":{"rendered":"R\u00f6kt ansjovis och br\u00e4serad kron\u00e4rtskocka 35 enheter"},"content":{"rendered":"<p>Olja (85% solros, 15% oliv), br\u00e4serad kron\u00e4rtskocka, r\u00f6kt ansjovis, ansjovisfyllda oliver och r\u00f6d paprika.<\/p>\n","protected":false},"excerpt":{"rendered":"<p>Olja (85% solros, 15% oliv), br\u00e4serad kron\u00e4rtskocka, r\u00f6kt ansjovis, ansjovisfyllda oliver och r\u00f6d paprika.<\/p>\n","protected":false},"featured_media":13191,"template":"","meta":{"_et_pb_use_builder":"","_et_pb_old_content":"","_et_gb_content_width":""},"product_brand":[1277],"product_cat":[2803,1806,1585,1804,1586,1808],"product_tag":[],"class_list":{"0":"post-45197","1":"product","2":"type-product","3":"status-publish","4":"has-post-thumbnail","6":"product_brand-bokeo","7":"product_cat-ansjovis-sv-2","8":"product_cat-ansjovis","9":"product_cat-inlagda-gronsaker","10":"product_cat-kall","11":"product_cat-oliver","12":"product_cat-pintxos-sv","13":"product_shipping_class-kall-sandning","15":"first","16":"outofstock","17":"taxable","18":"shipping-taxable","19":"purchasable","20":"product-type-simple"},"_links":{"self":[{"href":"https:\/\/myspainfood.com\/sv\/wp-json\/wp\/v2\/product\/45197","targetHints":{"allow":["GET"]}}],"collection":[{"href":"https:\/\/myspainfood.com\/sv\/wp-json\/wp\/v2\/product"}],"about":[{"href":"https:\/\/myspainfood.com\/sv\/wp-json\/wp\/v2\/types\/product"}],"wp:featuredmedia":[{"embeddable":true,"href":"https:\/\/myspainfood.com\/sv\/wp-json\/wp\/v2\/media\/13191"}],"wp:attachment":[{"href":"https:\/\/myspainfood.com\/sv\/wp-json\/wp\/v2\/media?parent=45197"}],"wp:term":[{"taxonomy":"product_brand","embeddable":true,"href":"https:\/\/myspainfood.com\/sv\/wp-json\/wp\/v2\/product_brand?post=45197"},{"taxonomy":"product_cat","embeddable":true,"href":"https:\/\/myspainfood.com\/sv\/wp-json\/wp\/v2\/product_cat?post=45197"},{"taxonomy":"product_tag","embeddable":true,"href":"https:\/\/myspainfood.com\/sv\/wp-json\/wp\/v2\/product_tag?post=45197"}],"curies":[{"name":"wp","href":"https:\/\/api.w.org\/{rel}","templated":true}]}}