{"id":45203,"date":"2025-04-10T12:11:27","date_gmt":"2025-04-10T10:11:27","guid":{"rendered":"https:\/\/myspainfood.com\/producto\/sortimentspase-400-gram-la-ponderosa\/"},"modified":"2025-04-10T12:11:27","modified_gmt":"2025-04-10T10:11:27","slug":"sortimentspase-400-gram-la-ponderosa","status":"publish","type":"product","link":"https:\/\/myspainfood.com\/sv\/producto\/sortimentspase-400-gram-la-ponderosa\/","title":{"rendered":"Sortimentsp\u00e5se 400 gram La Ponderosa"},"content":{"rendered":"<p>Beskrivning<\/p>\n<p>I detta sortiment minis bag 400 grs hittar du de mest traditionella julprodukterna. I en enda produkt hittar du ett urval av: <\/p>\n<p>- Munkar med vin och mandel. Miniversionen av v\u00e5r uts\u00f6kta vindonut. Rund i formen, med ett h\u00e5l i mitten, gjord p\u00e5 s\u00f6tt vin, mandel, sesamfr\u00f6n och florsocker.  <\/p>\n<p>- Polvoroncitos de almendra. Vad vore julen utan de traditionella polvorononerna? \u00c4ven om v\u00e5ra polvoroncitos \u00e4r mindre \u00e4n de ursprungliga har de kvar den karakteristiska mandelsmaken.  <\/p>\n<p>- Kanelbiskvier. Julens kung tillsammans med polvor\u00f3n. Miniversionen av v\u00e5r mantecado g\u00f6rs med samma ingredienser: sm\u00f6r, mj\u00f6l, malda mandlar, sesamfr\u00f6n och kanel.  <\/p>\n<p>Ingredienser<\/p>\n<p>Mini kanelsm\u00f6r: Vetemj\u00f6l, socker, iberiskt isterfett (antioxidant: E-320), kanel (1%) och sesamfr\u00f6n. Kan inneh\u00e5lla sp\u00e5r av n\u00f6tter, jordn\u00f6tter och sulfiter. <\/p>\n<p>Mini mandelpolvor\u00f3n: Vetemj\u00f6l, socker, iberisk ister (antioxidant: E-320), mandel (8%), kanel, kryddnejlika och citronarom. Kan inneh\u00e5lla sp\u00e5r av jordn\u00f6tter, sesam och sulfiter. <\/p>\n<p>Mini-donut med vin och mandel: Vetemj\u00f6l, iberiskt isterfett (antioxidant: E-320), socker, vin (inneh\u00e5ller sulfiter) (12%), mandel (5%), anis, kanel, sesamfr\u00f6n, anisarom och citronarom. Kan inneh\u00e5lla sp\u00e5r av jordn\u00f6tter. <\/p>\n<p>Allergener<\/p>\n<p>Inneh\u00e5ller gluten, n\u00f6tter, sesam och sulfiter. Kan inneh\u00e5lla sp\u00e5r av jordn\u00f6tter. <\/p>\n","protected":false},"excerpt":{"rendered":"<p>Beskrivning I detta sortiment minis bag 400 grs hittar du de mest traditionella julprodukterna. I en enda produkt hittar du ett urval av: - Munkar med vin och mandel. Miniversionen av v\u00e5r uts\u00f6kta vindonut. Rund i formen, med ett h\u00e5l i mitten, gjord p\u00e5 s\u00f6tt vin, mandel, sesamfr\u00f6n och florsocker. - Polvoroncitos de almendra. Vad [&hellip;]<\/p>\n","protected":false},"featured_media":13794,"template":"","meta":{"_et_pb_use_builder":"","_et_pb_old_content":"","_et_gb_content_width":""},"product_brand":[1417],"product_cat":[7694,1986],"product_tag":[],"class_list":{"0":"post-45203","1":"product","2":"type-product","3":"status-publish","4":"has-post-thumbnail","6":"product_brand-la-ponderosa","7":"product_cat-julspecial","8":"product_cat-konserver-sv","10":"first","11":"outofstock","12":"taxable","13":"shipping-taxable","14":"product-type-variable"},"_links":{"self":[{"href":"https:\/\/myspainfood.com\/sv\/wp-json\/wp\/v2\/product\/45203","targetHints":{"allow":["GET"]}}],"collection":[{"href":"https:\/\/myspainfood.com\/sv\/wp-json\/wp\/v2\/product"}],"about":[{"href":"https:\/\/myspainfood.com\/sv\/wp-json\/wp\/v2\/types\/product"}],"wp:featuredmedia":[{"embeddable":true,"href":"https:\/\/myspainfood.com\/sv\/wp-json\/wp\/v2\/media\/13794"}],"wp:attachment":[{"href":"https:\/\/myspainfood.com\/sv\/wp-json\/wp\/v2\/media?parent=45203"}],"wp:term":[{"taxonomy":"product_brand","embeddable":true,"href":"https:\/\/myspainfood.com\/sv\/wp-json\/wp\/v2\/product_brand?post=45203"},{"taxonomy":"product_cat","embeddable":true,"href":"https:\/\/myspainfood.com\/sv\/wp-json\/wp\/v2\/product_cat?post=45203"},{"taxonomy":"product_tag","embeddable":true,"href":"https:\/\/myspainfood.com\/sv\/wp-json\/wp\/v2\/product_tag?post=45203"}],"curies":[{"name":"wp","href":"https:\/\/api.w.org\/{rel}","templated":true}]}}