{"id":45258,"date":"2025-04-10T12:11:27","date_gmt":"2025-04-10T10:11:27","guid":{"rendered":"https:\/\/myspainfood.com\/producto\/agg-gildas-med-ansjovis-bokeo-4-bitar\/"},"modified":"2026-01-29T11:57:53","modified_gmt":"2026-01-29T10:57:53","slug":"agg-gildas-med-ansjovis-bokeo-4-bitar","status":"publish","type":"product","link":"https:\/\/myspainfood.com\/sv\/producto\/agg-gildas-med-ansjovis-bokeo-4-bitar\/","title":{"rendered":"\u00c4gg Gildas med ansjovis Bokeo 4 bitar"},"content":{"rendered":"<p>Gilda av ansjovis, vaktel\u00e4gg, oliver fyllda med ansjovis, piparra och r\u00f6d paprika.<\/p>\n","protected":false},"excerpt":{"rendered":"<p>Gilda av ansjovis, vaktel\u00e4gg, oliver fyllda med ansjovis, piparra och r\u00f6d paprika.<\/p>\n","protected":false},"featured_media":10680,"template":"","meta":{"_et_pb_use_builder":"","_et_pb_old_content":"","_et_gb_content_width":""},"product_brand":[1277],"product_cat":[1900,1585,1804,1986,1586,2315,1808],"product_tag":[],"class_list":{"0":"post-45258","1":"product","2":"type-product","3":"status-publish","4":"has-post-thumbnail","6":"product_brand-bokeo","7":"product_cat-ansjovis-sv","8":"product_cat-inlagda-gronsaker","9":"product_cat-kall","10":"product_cat-konserver-sv","11":"product_cat-oliver","12":"product_cat-paprika","13":"product_cat-pintxos-sv","14":"product_shipping_class-kall-sandning","16":"first","17":"outofstock","18":"taxable","19":"shipping-taxable","20":"product-type-variable"},"_links":{"self":[{"href":"https:\/\/myspainfood.com\/sv\/wp-json\/wp\/v2\/product\/45258","targetHints":{"allow":["GET"]}}],"collection":[{"href":"https:\/\/myspainfood.com\/sv\/wp-json\/wp\/v2\/product"}],"about":[{"href":"https:\/\/myspainfood.com\/sv\/wp-json\/wp\/v2\/types\/product"}],"wp:featuredmedia":[{"embeddable":true,"href":"https:\/\/myspainfood.com\/sv\/wp-json\/wp\/v2\/media\/10680"}],"wp:attachment":[{"href":"https:\/\/myspainfood.com\/sv\/wp-json\/wp\/v2\/media?parent=45258"}],"wp:term":[{"taxonomy":"product_brand","embeddable":true,"href":"https:\/\/myspainfood.com\/sv\/wp-json\/wp\/v2\/product_brand?post=45258"},{"taxonomy":"product_cat","embeddable":true,"href":"https:\/\/myspainfood.com\/sv\/wp-json\/wp\/v2\/product_cat?post=45258"},{"taxonomy":"product_tag","embeddable":true,"href":"https:\/\/myspainfood.com\/sv\/wp-json\/wp\/v2\/product_tag?post=45258"}],"curies":[{"name":"wp","href":"https:\/\/api.w.org\/{rel}","templated":true}]}}