{"id":45266,"date":"2025-04-10T12:11:27","date_gmt":"2025-04-10T10:11:27","guid":{"rendered":"https:\/\/myspainfood.com\/producto\/hemlagad-mordeg-500-gram-pase-la-ponderosa\/"},"modified":"2025-04-10T12:11:27","modified_gmt":"2025-04-10T10:11:27","slug":"hemlagad-mordeg-500-gram-pase-la-ponderosa","status":"publish","type":"product","link":"https:\/\/myspainfood.com\/sv\/producto\/hemlagad-mordeg-500-gram-pase-la-ponderosa\/","title":{"rendered":"Hemlagad m\u00f6rdeg 500 gram p\u00e5se La Ponderosa"},"content":{"rendered":"<p>Choklad, citron, kanel &#8230; Det finns m\u00e5nga smaker av mantecados p\u00e5 marknaden, men om det finns n\u00e5gra som \u00e4r ett m\u00e5ste p\u00e5 julbordet, \u00e4r det hemlagad mantecados. Blandningen av kvalitet, eftersom v\u00e5ra hemlagade mantecados g\u00f6rs med de b\u00e4sta ingredienserna, med hantverket, traditionen f\u00f6r en produkt som har marknadsf\u00f6rts i flera \u00e5r i v\u00e5rt land, g\u00f6r den till en av de mest s\u00e5lda produkterna bland v\u00e5ra kunder. <\/p>\n<p>Ingredienser:<\/p>\n<p>Vetemj\u00f6l, socker, iberiskt isterfett (antioxidant: E-320), kanel och sesamfr\u00f6n. Kan inneh\u00e5lla sp\u00e5r av n\u00f6tter, jordn\u00f6tter och sulfiter. <\/p>\n<p>Allergener<\/p>\n<p>Inneh\u00e5ller gluten och sesam. Kan inneh\u00e5lla sp\u00e5r av n\u00f6tter, jordn\u00f6tter och sulfiter. <\/p>\n","protected":false},"excerpt":{"rendered":"<p>Choklad, citron, kanel &#8230; Det finns m\u00e5nga smaker av mantecados p\u00e5 marknaden, men om det finns n\u00e5gra som \u00e4r ett m\u00e5ste p\u00e5 julbordet, \u00e4r det hemlagad mantecados. Blandningen av kvalitet, eftersom v\u00e5ra hemlagade mantecados g\u00f6rs med de b\u00e4sta ingredienserna, med hantverket, traditionen f\u00f6r en produkt som har marknadsf\u00f6rts i flera \u00e5r i v\u00e5rt land, g\u00f6r [&hellip;]<\/p>\n","protected":false},"featured_media":13776,"template":"","meta":{"_et_pb_use_builder":"","_et_pb_old_content":"","_et_gb_content_width":""},"product_brand":[1417],"product_cat":[7694,1986],"product_tag":[],"class_list":{"0":"post-45266","1":"product","2":"type-product","3":"status-publish","4":"has-post-thumbnail","6":"product_brand-la-ponderosa","7":"product_cat-julspecial","8":"product_cat-konserver-sv","10":"first","11":"outofstock","12":"taxable","13":"shipping-taxable","14":"product-type-variable"},"_links":{"self":[{"href":"https:\/\/myspainfood.com\/sv\/wp-json\/wp\/v2\/product\/45266","targetHints":{"allow":["GET"]}}],"collection":[{"href":"https:\/\/myspainfood.com\/sv\/wp-json\/wp\/v2\/product"}],"about":[{"href":"https:\/\/myspainfood.com\/sv\/wp-json\/wp\/v2\/types\/product"}],"wp:featuredmedia":[{"embeddable":true,"href":"https:\/\/myspainfood.com\/sv\/wp-json\/wp\/v2\/media\/13776"}],"wp:attachment":[{"href":"https:\/\/myspainfood.com\/sv\/wp-json\/wp\/v2\/media?parent=45266"}],"wp:term":[{"taxonomy":"product_brand","embeddable":true,"href":"https:\/\/myspainfood.com\/sv\/wp-json\/wp\/v2\/product_brand?post=45266"},{"taxonomy":"product_cat","embeddable":true,"href":"https:\/\/myspainfood.com\/sv\/wp-json\/wp\/v2\/product_cat?post=45266"},{"taxonomy":"product_tag","embeddable":true,"href":"https:\/\/myspainfood.com\/sv\/wp-json\/wp\/v2\/product_tag?post=45266"}],"curies":[{"name":"wp","href":"https:\/\/api.w.org\/{rel}","templated":true}]}}