{"id":47238,"date":"2025-04-10T12:06:14","date_gmt":"2025-04-10T10:06:14","guid":{"rendered":"https:\/\/myspainfood.com\/producto\/boqueron-picarpicar-200-gr\/"},"modified":"2026-01-29T11:56:44","modified_gmt":"2026-01-29T10:56:44","slug":"boqueron-picarpicar-200-gr","status":"publish","type":"product","link":"https:\/\/myspainfood.com\/sv\/producto\/boqueron-picarpicar-200-gr\/","title":{"rendered":"Ansjovis Picar&amp;Picar 260 gr"},"content":{"rendered":"<p>Boquer\u00f3n Picar&amp;Picar 200 gr \u00e4r ansjovis med vitl\u00f6k och persilja och presenteras i en f\u00f6rpackning om 200 gr.<\/p>\n<p>Denna <a href=\"https:\/\/picaripicar.com\/presentacion\/\" target=\"_blank\" rel=\"noopener noreferrer nofollow\">produkt<\/a> \u00e4r konserverad i solrosolja, vin\u00e4ger och vitl\u00f6k.<\/p>\n<p>Facket b\u00f6r f\u00f6rvaras mellan 0 och 4\u00baC.<\/p>\n<p>F\u00f6r tillagningen anv\u00e4nder vi de rengjorda ansjovisfil\u00e9erna, som ursprungligen har ett brunaktigt k\u00f6tt.<\/p>\n<p>De framh\u00e4ver den silvriga reflektionen i sitt yttre skinn och s\u00e4nks ned i en bricka (glas, aldrig metall eftersom den skulle angripas av \u00e4ttiksyran i vin\u00e4gern) med salt, vatten och vin\u00e4ger i 3 timmar i vatten och cirka 6 timmar i vin\u00e4ger p\u00e5 en sval plats.<\/p>\n<p>Ansjovisens rygg, som tidigare var brun, blir vit n\u00e4r vin\u00e4gern b\u00f6rjar verka.<\/p>\n<p>L\u00e5t v\u00e4tskan rinna av och garnera med rikligt med hackad vitl\u00f6k, olivolja och persilja.<\/p>\n<p>Denna mat konsumeras vanligtvis kall med en \u00f6l (vin rekommenderas inte eftersom vin\u00e4gerintag interagerar d\u00e5ligt med vin).<\/p>\n<p>Det \u00e4r en mycket typisk aperitif i Spanien, s\u00e4rskilt under de varmare m\u00e5naderna.<\/p>\n<p>I Spanien \u00e4r det typiskt att se dem p\u00e5 brickor p\u00e5 disken i m\u00e5nga barer och restauranger.<\/p>\n<p>Portionen \u00e4r ofta garnerad med pickles, kapris eller oliver och serveras med potatischips p\u00e5 en stor tallrik.<\/p>\n<p>I Spanien s\u00e4ljs denna produkt i stora livsmedelsbutiker i plastbaljor av olika storlek, i vilka endast vitl\u00f6k och persilja beh\u00f6ver tills\u00e4ttas.<\/p>\n<p>Om du vill k\u00f6pa Boquer\u00f3n Picar&amp;Picar 200 gr eller n\u00e5gon annan typ av <a href=\"https:\/\/latiendadesami.com\/categoria-producto\/frio\/\" rel=\"noopener noreferrer nofollow\" target=\"_blank\">kall mat,<\/a> tveka inte att ta en titt p\u00e5 v\u00e5r onlinekatalog. Vi har den h\u00f6gsta kvaliteten till det b\u00e4sta priset.<\/p>\n<p>Skriv till oss om du vill ha mer information eller om du har fr\u00e5gor om denna eller n\u00e5gon annan produkt.<\/p>\n","protected":false},"excerpt":{"rendered":"<p>Boquer\u00f3n Picar&amp;Picar 200 gr \u00e4r ansjovis med vitl\u00f6k och persilja och presenteras i en f\u00f6rpackning om 200 gr. Denna produkt \u00e4r konserverad i solrosolja, vin\u00e4ger och vitl\u00f6k. Facket b\u00f6r f\u00f6rvaras mellan 0 och 4\u00baC. F\u00f6r tillagningen anv\u00e4nder vi de rengjorda ansjovisfil\u00e9erna, som ursprungligen har ett brunaktigt k\u00f6tt. De framh\u00e4ver den silvriga reflektionen i sitt yttre [&hellip;]<\/p>\n","protected":false},"featured_media":8448,"template":"","meta":{"_et_pb_use_builder":"","_et_pb_old_content":"","_et_gb_content_width":""},"product_brand":[1127],"product_cat":[1900,1804],"product_tag":[],"class_list":{"0":"post-47238","1":"product","2":"type-product","3":"status-publish","4":"has-post-thumbnail","6":"product_brand-picarpicar","7":"product_cat-ansjovis-sv","8":"product_cat-kall","9":"product_shipping_class-kall-sandning","11":"first","12":"instock","13":"taxable","14":"shipping-taxable","15":"product-type-variable"},"_links":{"self":[{"href":"https:\/\/myspainfood.com\/sv\/wp-json\/wp\/v2\/product\/47238","targetHints":{"allow":["GET"]}}],"collection":[{"href":"https:\/\/myspainfood.com\/sv\/wp-json\/wp\/v2\/product"}],"about":[{"href":"https:\/\/myspainfood.com\/sv\/wp-json\/wp\/v2\/types\/product"}],"wp:featuredmedia":[{"embeddable":true,"href":"https:\/\/myspainfood.com\/sv\/wp-json\/wp\/v2\/media\/8448"}],"wp:attachment":[{"href":"https:\/\/myspainfood.com\/sv\/wp-json\/wp\/v2\/media?parent=47238"}],"wp:term":[{"taxonomy":"product_brand","embeddable":true,"href":"https:\/\/myspainfood.com\/sv\/wp-json\/wp\/v2\/product_brand?post=47238"},{"taxonomy":"product_cat","embeddable":true,"href":"https:\/\/myspainfood.com\/sv\/wp-json\/wp\/v2\/product_cat?post=47238"},{"taxonomy":"product_tag","embeddable":true,"href":"https:\/\/myspainfood.com\/sv\/wp-json\/wp\/v2\/product_tag?post=47238"}],"curies":[{"name":"wp","href":"https:\/\/api.w.org\/{rel}","templated":true}]}}