{"id":47260,"date":"2025-04-10T12:06:14","date_gmt":"2025-04-10T10:06:14","guid":{"rendered":"https:\/\/myspainfood.com\/producto\/kantabrisk-ansjovis-120-gr\/"},"modified":"2025-08-18T19:58:07","modified_gmt":"2025-08-18T17:58:07","slug":"kantabrisk-ansjovis-120-gr","status":"publish","type":"product","link":"https:\/\/myspainfood.com\/sv\/producto\/kantabrisk-ansjovis-120-gr\/","title":{"rendered":"Kantabrisk ansjovis 120 gr"},"content":{"rendered":"<p>Kantabrisk ansjovis \u00e4r den mest uppskattade och v\u00e4rdefulla p\u00e5 marknaden och utm\u00e4rker sig genom sin fina konsistens och intensiva smak. Arroyabe Cantabrian Anchovies \u00e4r av h\u00f6gsta kvalitet, f\u00e5ngas endast i Kantabriska havet, av arten &#8221;Engraulis Encrasicholus&#8221; och produceras med traditionella metoder. <\/p>\n<p>Det finns tv\u00e5 typer av halvkonserverad ansjovis: ansjovisfil\u00e9er i olja och saltad ansjovis. Saltad ansjovis f\u00f6rpackas i burkar med salt under v\u00e5rens kusts\u00e4song och f\u00e5r sedan mogna i 9 m\u00e5nader. Det \u00e4r den b\u00e4sta l\u00f6sningen f\u00f6r den som vill tillaga ansjovis efter egen smak och du kan k\u00f6pa saltad ansjovis i burkar p\u00e5 2,5, 5 och 10 kg.  <\/p>\n<p>Ansjovisfil\u00e9erna i olivolja har den extra f\u00f6rdelen att de efter mognad reng\u00f6rs och fileas f\u00f6r hand, enligt traditionella ansjovisbearbetningstekniker.<\/p>\n","protected":false},"excerpt":{"rendered":"<p>Kantabrisk ansjovis \u00e4r den mest uppskattade och v\u00e4rdefulla p\u00e5 marknaden och utm\u00e4rker sig genom sin fina konsistens och intensiva smak. Arroyabe Cantabrian Anchovies \u00e4r av h\u00f6gsta kvalitet, f\u00e5ngas endast i Kantabriska havet, av arten &#8221;Engraulis Encrasicholus&#8221; och produceras med traditionella metoder. Det finns tv\u00e5 typer av halvkonserverad ansjovis: ansjovisfil\u00e9er i olja och saltad ansjovis. Saltad [&hellip;]<\/p>\n","protected":false},"featured_media":8475,"template":"","meta":{"_et_pb_use_builder":"","_et_pb_old_content":"","_et_gb_content_width":""},"product_brand":[1127],"product_cat":[1806,1804],"product_tag":[],"class_list":{"0":"post-47260","1":"product","2":"type-product","3":"status-publish","4":"has-post-thumbnail","6":"product_brand-picarpicar","7":"product_cat-ansjovis","8":"product_cat-kall","9":"product_shipping_class-kall-sandning","11":"first","12":"instock","13":"featured","14":"taxable","15":"shipping-taxable","16":"purchasable","17":"product-type-variable"},"_links":{"self":[{"href":"https:\/\/myspainfood.com\/sv\/wp-json\/wp\/v2\/product\/47260","targetHints":{"allow":["GET"]}}],"collection":[{"href":"https:\/\/myspainfood.com\/sv\/wp-json\/wp\/v2\/product"}],"about":[{"href":"https:\/\/myspainfood.com\/sv\/wp-json\/wp\/v2\/types\/product"}],"wp:featuredmedia":[{"embeddable":true,"href":"https:\/\/myspainfood.com\/sv\/wp-json\/wp\/v2\/media\/8475"}],"wp:attachment":[{"href":"https:\/\/myspainfood.com\/sv\/wp-json\/wp\/v2\/media?parent=47260"}],"wp:term":[{"taxonomy":"product_brand","embeddable":true,"href":"https:\/\/myspainfood.com\/sv\/wp-json\/wp\/v2\/product_brand?post=47260"},{"taxonomy":"product_cat","embeddable":true,"href":"https:\/\/myspainfood.com\/sv\/wp-json\/wp\/v2\/product_cat?post=47260"},{"taxonomy":"product_tag","embeddable":true,"href":"https:\/\/myspainfood.com\/sv\/wp-json\/wp\/v2\/product_tag?post=47260"}],"curies":[{"name":"wp","href":"https:\/\/api.w.org\/{rel}","templated":true}]}}