{"id":47270,"date":"2025-04-10T12:06:46","date_gmt":"2025-04-10T10:06:46","guid":{"rendered":"https:\/\/myspainfood.com\/producto\/sparris-d-o-navarra-5-frukter-cambra\/"},"modified":"2025-09-02T10:43:28","modified_gmt":"2025-09-02T08:43:28","slug":"sparris-d-o-navarra-5-frukter-cambra","status":"publish","type":"product","link":"https:\/\/myspainfood.com\/sv\/producto\/sparris-d-o-navarra-5-frukter-cambra\/","title":{"rendered":"Sparris D. O. Navarra 5 frukter Cambra"},"content":{"rendered":"<p>Sparris <strong>D.O. Navarra<\/strong> i glasf\u00f6rpackning om 5 frukter extra.<\/p>\n<p> \u00c4kta sparris fr\u00e5n Navarra med mycket stor storlek. <strong>Extra h\u00f6g kvalitet<\/strong>.<\/p>\n","protected":false},"excerpt":{"rendered":"<p>Sparris D.O. Navarra i glasf\u00f6rpackning om 5 frukter extra. \u00c4kta sparris fr\u00e5n Navarra med mycket stor storlek. Extra h\u00f6g kvalitet.<\/p>\n","protected":false},"featured_media":8889,"template":"","meta":{"_et_pb_use_builder":"","_et_pb_old_content":"","_et_gb_content_width":""},"product_brand":[1129],"product_cat":[1986,6301],"product_tag":[9751],"class_list":{"0":"post-47270","1":"product","2":"type-product","3":"status-publish","4":"has-post-thumbnail","6":"product_brand-mateo","7":"product_cat-konserver-sv","8":"product_cat-sparris","9":"product_tag-navarra-sv","11":"first","12":"outofstock","13":"taxable","14":"shipping-taxable","15":"product-type-variable"},"_links":{"self":[{"href":"https:\/\/myspainfood.com\/sv\/wp-json\/wp\/v2\/product\/47270","targetHints":{"allow":["GET"]}}],"collection":[{"href":"https:\/\/myspainfood.com\/sv\/wp-json\/wp\/v2\/product"}],"about":[{"href":"https:\/\/myspainfood.com\/sv\/wp-json\/wp\/v2\/types\/product"}],"wp:featuredmedia":[{"embeddable":true,"href":"https:\/\/myspainfood.com\/sv\/wp-json\/wp\/v2\/media\/8889"}],"wp:attachment":[{"href":"https:\/\/myspainfood.com\/sv\/wp-json\/wp\/v2\/media?parent=47270"}],"wp:term":[{"taxonomy":"product_brand","embeddable":true,"href":"https:\/\/myspainfood.com\/sv\/wp-json\/wp\/v2\/product_brand?post=47270"},{"taxonomy":"product_cat","embeddable":true,"href":"https:\/\/myspainfood.com\/sv\/wp-json\/wp\/v2\/product_cat?post=47270"},{"taxonomy":"product_tag","embeddable":true,"href":"https:\/\/myspainfood.com\/sv\/wp-json\/wp\/v2\/product_tag?post=47270"}],"curies":[{"name":"wp","href":"https:\/\/api.w.org\/{rel}","templated":true}]}}