{"id":47687,"date":"2025-04-10T12:06:58","date_gmt":"2025-04-10T10:06:58","guid":{"rendered":"https:\/\/myspainfood.com\/producto\/mini-baby-bondbonor\/"},"modified":"2025-09-02T10:38:54","modified_gmt":"2025-09-02T08:38:54","slug":"mini-baby-bondbonor","status":"publish","type":"product","link":"https:\/\/myspainfood.com\/sv\/producto\/mini-baby-bondbonor\/","title":{"rendered":"Mini baby bondb\u00f6nor"},"content":{"rendered":"<p>De mini baby bondb\u00f6nor som produceras av <a href=\"https:\/\/www.alsurvegetales.com\/producto\/id\/12\/habas-frita-mini-baby\" target=\"_blank\" rel=\"noopener noreferrer nofollow\">Alsur<\/a> sk\u00f6rdas f\u00f6r hand f\u00f6r att garantera h\u00f6gsta kvalitet.<\/p>\n<p>Produkten v\u00e4ljs f\u00f6r sin storlek och vid den perfekta mognadstidpunkten, vilket ger h\u00f6gsta kvalitet p\u00e5 smak och finhet i skalet.<\/p>\n<p>D\u00e4rf\u00f6r anv\u00e4nds endast 8% av sk\u00f6rden till den slutliga f\u00f6rpackningen, d\u00e4r olivoljan fungerar som konserveringsmedel.<\/p>\n<p>F\u00f6rvara p\u00e5 en sval och torr plats. Efter \u00f6ppnandet, kyl och konsumera inom 7 dagar. <\/p>\n<p>Ingredienser: Extra fina b\u00f6nor: Extra fina b\u00f6nor, jungfruolivolja (31%), salt och citronsyra som syrabildare.<\/p>\n<p>Alsur \u00e4r ett familjef\u00f6retag d\u00e4r matens innersta v\u00e4sen \u00e4r huvudpersonen.<\/p>\n<h4>De viktigaste f\u00f6rdelarna med konserverad mat<\/h4>\n<ol>\n<li>De bevarar alla n\u00e4ringsegenskaper hos sj\u00e4lva livsmedlet. Maten beh\u00e5ller sin f\u00e4rskhet. <\/li>\n<li>De livsmedel som anv\u00e4nds \u00e4r h\u00e4lsosamma och d\u00e4rf\u00f6r l\u00e4mpliga f\u00f6r en optimal kost p\u00e5 grund av deras h\u00f6ga vitamin- och proteininneh\u00e5ll.<\/li>\n<li>Dessa produkter har en l\u00e4ngre livsl\u00e4ngd (2-5 \u00e5r \u00e4r typiskt).<\/li>\n<li>Konserverna \u00e4r mycket l\u00e4tta att f\u00f6rvara eftersom f\u00f6rpackningarna \u00e4r l\u00e4tta att applicera.<\/li>\n<\/ol>\n<p>Om du vill k\u00f6pa baby baby bondb\u00f6nor med tonfisk eller n\u00e5gon annan typ av <a href=\"https:\/\/latiendadesami.com\/categoria-producto\/conservas\/\" rel=\"noopener noreferrer nofollow\" target=\"_blank\">konserverad mat<\/a>, tveka inte att ta en titt p\u00e5 v\u00e5r onlinekatalog f\u00f6r att se det stora utbudet av <a href=\"https:\/\/latiendadesami.com\/categoria-producto\/conservas\/atun-y-bonito\/\" target=\"_blank\" rel=\"noopener noreferrer nofollow\">tonfisk<\/a> vi har.<\/p>\n<p>Skriv till oss om du vill ha mer information.<\/p>\n","protected":false},"excerpt":{"rendered":"<p>Sm\u00e5 bondb\u00f6nor<\/p>\n","protected":false},"featured_media":9429,"template":"","meta":{"_et_pb_use_builder":"","_et_pb_old_content":"","_et_gb_content_width":""},"product_brand":[1196],"product_cat":[3715,1986],"product_tag":[],"class_list":{"0":"post-47687","1":"product","2":"type-product","3":"status-publish","4":"has-post-thumbnail","6":"product_brand-alsur","7":"product_cat-gronsaker","8":"product_cat-konserver-sv","10":"first","11":"instock","12":"taxable","13":"shipping-taxable","14":"purchasable","15":"product-type-variable"},"_links":{"self":[{"href":"https:\/\/myspainfood.com\/sv\/wp-json\/wp\/v2\/product\/47687","targetHints":{"allow":["GET"]}}],"collection":[{"href":"https:\/\/myspainfood.com\/sv\/wp-json\/wp\/v2\/product"}],"about":[{"href":"https:\/\/myspainfood.com\/sv\/wp-json\/wp\/v2\/types\/product"}],"wp:featuredmedia":[{"embeddable":true,"href":"https:\/\/myspainfood.com\/sv\/wp-json\/wp\/v2\/media\/9429"}],"wp:attachment":[{"href":"https:\/\/myspainfood.com\/sv\/wp-json\/wp\/v2\/media?parent=47687"}],"wp:term":[{"taxonomy":"product_brand","embeddable":true,"href":"https:\/\/myspainfood.com\/sv\/wp-json\/wp\/v2\/product_brand?post=47687"},{"taxonomy":"product_cat","embeddable":true,"href":"https:\/\/myspainfood.com\/sv\/wp-json\/wp\/v2\/product_cat?post=47687"},{"taxonomy":"product_tag","embeddable":true,"href":"https:\/\/myspainfood.com\/sv\/wp-json\/wp\/v2\/product_tag?post=47687"}],"curies":[{"name":"wp","href":"https:\/\/api.w.org\/{rel}","templated":true}]}}