{"id":47708,"date":"2025-04-10T12:07:16","date_gmt":"2025-04-10T10:07:16","guid":{"rendered":"https:\/\/myspainfood.com\/producto\/blomhonung-1-kg-la-celda-real\/"},"modified":"2025-04-10T12:07:16","modified_gmt":"2025-04-10T10:07:16","slug":"blomhonung-1-kg-la-celda-real","status":"publish","type":"product","link":"https:\/\/myspainfood.com\/sv\/producto\/blomhonung-1-kg-la-celda-real\/","title":{"rendered":"Blomhonung 1 kg La Celda Real"},"content":{"rendered":"<p style=\"text-align: left\">Miel de Flores 1 kg \u00e4r en produkt som framst\u00e4lls tack vare omfattande anl\u00e4ggningar utrustade med automatiserade <a href=\"https:\/\/es.wikipedia.org\/wiki\/Miel\" target=\"_blank\" rel=\"noopener noreferrer nofollow\">produktionslinjer<\/a> och ett integrerat kvalitetssystem.<\/p>\n<p style=\"text-align: left\">Efter att ha sk\u00f6rdats av erfarna biodlare f\u00f6rpackas produkten i en process som s\u00e4kerst\u00e4ller att dess naturliga egenskaper bevaras maximalt.<\/p>\n<p style=\"text-align: left\">Denna produkt utvecklas tack vare erfarenheten, kunskapen och entusiasmen hos alla dem som g\u00f6r den, med ett balanserat engagemang f\u00f6r den b\u00e4sta traditionen, genom att bevara det goda arbetet fr\u00e5n f\u00f6rr och genom produktionsprocesser som s\u00e4kerst\u00e4ller <strong>slutproduktens kvalitet<\/strong>.<\/p>\n<p style=\"text-align: left\">Honung \u00e4r ett komplett livsmedel som produceras av bin fr\u00e5n nektar som de extraherar fr\u00e5n blommor.<\/p>\n<p style=\"text-align: left\">Det \u00e4r en gyllenf\u00e4rgad, tr\u00f6gflytande, s\u00f6t och uts\u00f6kt v\u00e4tska som bina beh\u00e5ller f\u00f6r att \u00e4ta sig m\u00e4tta under sommarhalv\u00e5ret.<\/p>\n<p style=\"text-align: left\">Det har m\u00e5nga f\u00f6rdelar som t.ex:<\/p>\n<ul style=\"text-align: left\">\n<li>Det \u00e4r ett sockerers\u00e4ttningsmedel. Naturligt och uts\u00f6kt. <\/li>\n<li>Det st\u00e4rker ditt f\u00f6rsvar. Det skyddar dig organiskt. <\/li>\n<li>F\u00f6rebygger infektioner. Det tar hand om din h\u00e4lsa. <\/li>\n<li>Det ger dig den d\u00e4r extra energin p\u00e5 daglig basis.<\/li>\n<li>  Hj\u00e4lper till att fr\u00e4mja matsm\u00e4ltningen<\/li>\n<\/ul>\n<p style=\"text-align: left\">Om du vill k\u00f6pa Miel de Flores 1 kg eller n\u00e5gon annan typ av <a href=\"https:\/\/latiendadesami.com\/categoria-producto\/conservas\/\" rel=\"noopener noreferrer nofollow\" target=\"_blank\">konserver<\/a>, tveka inte att ta en titt p\u00e5 v\u00e5r onlinekatalog f\u00f6r att se det breda utbudet vi har.<\/p>\n<p style=\"text-align: left\">Skriv till oss om du vill ha mer information.<\/p>\n","protected":false},"excerpt":{"rendered":"<p>Blomsterhonung 1 kg<\/p>\n","protected":false},"featured_media":9600,"template":"","meta":{"_et_pb_use_builder":"","_et_pb_old_content":"","_et_gb_content_width":""},"product_brand":[1210],"product_cat":[2830,1986],"product_tag":[],"class_list":{"0":"post-47708","1":"product","2":"type-product","3":"status-publish","4":"has-post-thumbnail","6":"product_brand-la-celda-real","7":"product_cat-honung","8":"product_cat-konserver-sv","10":"first","11":"instock","12":"taxable","13":"shipping-taxable","14":"purchasable","15":"product-type-variable"},"_links":{"self":[{"href":"https:\/\/myspainfood.com\/sv\/wp-json\/wp\/v2\/product\/47708","targetHints":{"allow":["GET"]}}],"collection":[{"href":"https:\/\/myspainfood.com\/sv\/wp-json\/wp\/v2\/product"}],"about":[{"href":"https:\/\/myspainfood.com\/sv\/wp-json\/wp\/v2\/types\/product"}],"wp:featuredmedia":[{"embeddable":true,"href":"https:\/\/myspainfood.com\/sv\/wp-json\/wp\/v2\/media\/9600"}],"wp:attachment":[{"href":"https:\/\/myspainfood.com\/sv\/wp-json\/wp\/v2\/media?parent=47708"}],"wp:term":[{"taxonomy":"product_brand","embeddable":true,"href":"https:\/\/myspainfood.com\/sv\/wp-json\/wp\/v2\/product_brand?post=47708"},{"taxonomy":"product_cat","embeddable":true,"href":"https:\/\/myspainfood.com\/sv\/wp-json\/wp\/v2\/product_cat?post=47708"},{"taxonomy":"product_tag","embeddable":true,"href":"https:\/\/myspainfood.com\/sv\/wp-json\/wp\/v2\/product_tag?post=47708"}],"curies":[{"name":"wp","href":"https:\/\/api.w.org\/{rel}","templated":true}]}}