{"id":47714,"date":"2025-04-10T12:07:40","date_gmt":"2025-04-10T10:07:40","guid":{"rendered":"https:\/\/myspainfood.com\/producto\/saltad-blandost-las-gavillas-ca-800-g\/"},"modified":"2025-06-24T14:10:37","modified_gmt":"2025-06-24T12:10:37","slug":"saltad-blandost-las-gavillas-ca-800-g","status":"publish","type":"product","link":"https:\/\/myspainfood.com\/sv\/producto\/saltad-blandost-las-gavillas-ca-800-g\/","title":{"rendered":"Saltad blandost Las Gavillas ca 800 g"},"content":{"rendered":"<p>Ost gjord p\u00e5 obehandlad ko-, get- och f\u00e5rmj\u00f6lk<\/p>\n<p> Ungef\u00e4rlig kil p\u00e5 800 gr.<\/p>\n","protected":false},"excerpt":{"rendered":"<p>Ost gjord p\u00e5 obehandlad ko-, get- och f\u00e5rmj\u00f6lk Ungef\u00e4rlig kil p\u00e5 800 gr.<\/p>\n","protected":false},"featured_media":9978,"template":"","meta":{"_et_pb_use_builder":"","_et_pb_old_content":"","_et_gb_content_width":""},"product_brand":[1247],"product_cat":[1804,2254],"product_tag":[],"class_list":{"0":"post-47714","1":"product","2":"type-product","3":"status-publish","4":"has-post-thumbnail","6":"product_brand-gavillas","7":"product_cat-kall","8":"product_cat-ost-och-korv","9":"product_shipping_class-kall-sandning","11":"first","12":"outofstock","13":"featured","14":"taxable","15":"shipping-taxable","16":"purchasable","17":"product-type-simple"},"_links":{"self":[{"href":"https:\/\/myspainfood.com\/sv\/wp-json\/wp\/v2\/product\/47714","targetHints":{"allow":["GET"]}}],"collection":[{"href":"https:\/\/myspainfood.com\/sv\/wp-json\/wp\/v2\/product"}],"about":[{"href":"https:\/\/myspainfood.com\/sv\/wp-json\/wp\/v2\/types\/product"}],"wp:featuredmedia":[{"embeddable":true,"href":"https:\/\/myspainfood.com\/sv\/wp-json\/wp\/v2\/media\/9978"}],"wp:attachment":[{"href":"https:\/\/myspainfood.com\/sv\/wp-json\/wp\/v2\/media?parent=47714"}],"wp:term":[{"taxonomy":"product_brand","embeddable":true,"href":"https:\/\/myspainfood.com\/sv\/wp-json\/wp\/v2\/product_brand?post=47714"},{"taxonomy":"product_cat","embeddable":true,"href":"https:\/\/myspainfood.com\/sv\/wp-json\/wp\/v2\/product_cat?post=47714"},{"taxonomy":"product_tag","embeddable":true,"href":"https:\/\/myspainfood.com\/sv\/wp-json\/wp\/v2\/product_tag?post=47714"}],"curies":[{"name":"wp","href":"https:\/\/api.w.org\/{rel}","templated":true}]}}