{"id":49002,"date":"2025-04-10T12:07:42","date_gmt":"2025-04-10T10:07:42","guid":{"rendered":"https:\/\/myspainfood.com\/producto\/chilli-15-kg-nettovikt\/"},"modified":"2025-04-10T12:07:42","modified_gmt":"2025-04-10T10:07:42","slug":"chilli-15-kg-nettovikt","status":"publish","type":"product","link":"https:\/\/myspainfood.com\/sv\/producto\/chilli-15-kg-nettovikt\/","title":{"rendered":"Chilli 1,5 kg nettovikt"},"content":{"rendered":"<p>Piparra 1,5 kg nettovikt i vin\u00e4ger kommer att ge v\u00e5ra <a href=\"https:\/\/es.wikipedia.org\/wiki\/Guindilla_de_Ibarra\" target=\"_blank\" rel=\"noopener noreferrer nofollow\">r\u00e4tter<\/a> den kryddiga touch som g\u00f6r att de sticker ut.<\/p>\n<p>Denna produkt kommer att f\u00e5 gommen att vibrera och \u00e4r mycket uppskattad tillsammans med grytor eller s\u00e5ser fulla av smak.<\/p>\n<p>En av de m\u00e5nga traditionella ingredienserna i det baskiska k\u00f6ket \u00e4r piparra-chilipeppar.<\/p>\n<p>En mycket speciell chili eftersom den knappast svider alls.<\/p>\n<p>Den passar mycket bra i alla slags menyer och tas emot mycket v\u00e4l av dem som inte \u00e4r s\u00e4rskilt f\u00f6rtjusta i denna smak.<\/p>\n<p>Piparra som v\u00e4ger 1,5 kg netto fr\u00e5n denna beh\u00e5llare \u00e4r medelstora och tillagas med vin\u00e4ger.<\/p>\n<p>En genuin touch som piparras normalt serveras med och som kommer att skicka en rysning av intensiv smak genom din kropp f\u00f6r varje tugga.<\/p>\n<p>N\u00e5gra egenskaper hos p\u00e4rlh\u00f6nan:<\/p>\n<ul>\n<li>S\u00e4nker kolesterolet.<\/li>\n<li>Stimulerar blodcirkulationen och andningsv\u00e4garna.<\/li>\n<li>Man tror att det kan hj\u00e4lpa till att minska \u00f6vervikt genom att p\u00e5skynda \u00e4mnesoms\u00e4ttningen.<\/li>\n<li>Enligt vissa studier skyddar den magen genom att f\u00e5 den att producera mer slem.<\/li>\n<\/ul>\n<p>Om du vill k\u00f6pa oliver eller n\u00e5gon annan typ av <a href=\"https:\/\/latiendadesami.com\/categoria-producto\/encurtidos\/\" rel=\"noopener noreferrer nofollow\" target=\"_blank\">inlagda<\/a> gr\u00f6nsaker, tveka inte att ta en titt p\u00e5 v\u00e5r onlinekatalog f\u00f6r att se det stora utbudet av <a href=\"https:\/\/latiendadesami.com\/categoria-producto\/encurtidos\/pepinillos\/\" target=\"_blank\" rel=\"noopener noreferrer nofollow\">inlagda<\/a> gr\u00f6nsaker vi har.<\/p>\n","protected":false},"excerpt":{"rendered":"<p>Piparra 1,5 kg nettovikt i vin\u00e4ger kommer att ge v\u00e5ra r\u00e4tter den kryddiga touch som g\u00f6r att de sticker ut. Denna produkt kommer att f\u00e5 gommen att vibrera och \u00e4r mycket uppskattad tillsammans med grytor eller s\u00e5ser fulla av smak. En av de m\u00e5nga traditionella ingredienserna i det baskiska k\u00f6ket \u00e4r piparra-chilipeppar. En mycket speciell [&hellip;]<\/p>\n","protected":false},"featured_media":10023,"template":"","meta":{"_et_pb_use_builder":"","_et_pb_old_content":"","_et_gb_content_width":""},"product_brand":[1069],"product_cat":[3978,1585],"product_tag":[9914],"class_list":{"0":"post-49002","1":"product","2":"type-product","3":"status-publish","4":"has-post-thumbnail","6":"product_brand-sangar","7":"product_cat-chilipeppar","8":"product_cat-inlagda-gronsaker","9":"product_tag-piparra-sv","11":"first","12":"outofstock","13":"taxable","14":"shipping-taxable","15":"purchasable","16":"product-type-simple"},"_links":{"self":[{"href":"https:\/\/myspainfood.com\/sv\/wp-json\/wp\/v2\/product\/49002","targetHints":{"allow":["GET"]}}],"collection":[{"href":"https:\/\/myspainfood.com\/sv\/wp-json\/wp\/v2\/product"}],"about":[{"href":"https:\/\/myspainfood.com\/sv\/wp-json\/wp\/v2\/types\/product"}],"wp:featuredmedia":[{"embeddable":true,"href":"https:\/\/myspainfood.com\/sv\/wp-json\/wp\/v2\/media\/10023"}],"wp:attachment":[{"href":"https:\/\/myspainfood.com\/sv\/wp-json\/wp\/v2\/media?parent=49002"}],"wp:term":[{"taxonomy":"product_brand","embeddable":true,"href":"https:\/\/myspainfood.com\/sv\/wp-json\/wp\/v2\/product_brand?post=49002"},{"taxonomy":"product_cat","embeddable":true,"href":"https:\/\/myspainfood.com\/sv\/wp-json\/wp\/v2\/product_cat?post=49002"},{"taxonomy":"product_tag","embeddable":true,"href":"https:\/\/myspainfood.com\/sv\/wp-json\/wp\/v2\/product_tag?post=49002"}],"curies":[{"name":"wp","href":"https:\/\/api.w.org\/{rel}","templated":true}]}}