{"id":49003,"date":"2025-04-10T12:07:50","date_gmt":"2025-04-10T10:07:50","guid":{"rendered":"https:\/\/myspainfood.com\/producto\/persika-i-sirap-oti-530-gr-12-enheter\/"},"modified":"2025-04-10T12:07:50","modified_gmt":"2025-04-10T10:07:50","slug":"persika-i-sirap-oti-530-gr-12-enheter","status":"publish","type":"product","link":"https:\/\/myspainfood.com\/sv\/producto\/persika-i-sirap-oti-530-gr-12-enheter\/","title":{"rendered":"Persika i sirap Oti 530 gr 12 ENHETER"},"content":{"rendered":"<p>Frukt i sirap \u00e4r en typ av sylt1 som erh\u00e5lls fr\u00e5n fruktbitar (bitar kan vara kvadrater, halvor, fj\u00e4rdedelar, skivor, julienner) som kokas i en sirap eller sirap tills den tjocknar. I denna process sker ett utbyte eller en f\u00f6rskjutning av vatten fr\u00e5n det hypotona mediet (d\u00e4r det finns mindre m\u00e4ngd l\u00f6sta \u00e4mnen) till det hypertona mediet (d\u00e4r det finns mer l\u00f6sta \u00e4mnen) som ers\u00e4tts av l\u00f6sta \u00e4mnen (l\u00f6sliga fasta \u00e4mnen s.s.) som finns i det hypertona mediet, dvs. vattnet i fruktbladen och sockerarterna i sirapen eller sirapen kommer in i det. Denna process anv\u00e4nds f\u00f6r konservering av frukt som ska konsumeras efter en l\u00e5ng tidsperiod.    <\/p>\n","protected":false},"excerpt":{"rendered":"<p>Frukt i sirap \u00e4r en typ av sylt1 som erh\u00e5lls fr\u00e5n fruktbitar (bitar kan vara kvadrater, halvor, fj\u00e4rdedelar, skivor, julienner) som kokas i en sirap eller sirap tills den tjocknar. I denna process sker ett utbyte eller en f\u00f6rskjutning av vatten fr\u00e5n det hypotona mediet (d\u00e4r det finns mindre m\u00e4ngd l\u00f6sta \u00e4mnen) till det hypertona [&hellip;]<\/p>\n","protected":false},"featured_media":8331,"template":"","meta":{"_et_pb_use_builder":"","_et_pb_old_content":"","_et_gb_content_width":""},"product_brand":[1075],"product_cat":[1986,4940],"product_tag":[3164],"class_list":{"0":"post-49003","1":"product","2":"type-product","3":"status-publish","4":"has-post-thumbnail","6":"product_brand-oti","7":"product_cat-konserver-sv","8":"product_cat-persika","9":"product_tag-sirap","11":"first","12":"outofstock","13":"sale","14":"taxable","15":"shipping-taxable","16":"purchasable","17":"product-type-simple"},"_links":{"self":[{"href":"https:\/\/myspainfood.com\/sv\/wp-json\/wp\/v2\/product\/49003","targetHints":{"allow":["GET"]}}],"collection":[{"href":"https:\/\/myspainfood.com\/sv\/wp-json\/wp\/v2\/product"}],"about":[{"href":"https:\/\/myspainfood.com\/sv\/wp-json\/wp\/v2\/types\/product"}],"wp:featuredmedia":[{"embeddable":true,"href":"https:\/\/myspainfood.com\/sv\/wp-json\/wp\/v2\/media\/8331"}],"wp:attachment":[{"href":"https:\/\/myspainfood.com\/sv\/wp-json\/wp\/v2\/media?parent=49003"}],"wp:term":[{"taxonomy":"product_brand","embeddable":true,"href":"https:\/\/myspainfood.com\/sv\/wp-json\/wp\/v2\/product_brand?post=49003"},{"taxonomy":"product_cat","embeddable":true,"href":"https:\/\/myspainfood.com\/sv\/wp-json\/wp\/v2\/product_cat?post=49003"},{"taxonomy":"product_tag","embeddable":true,"href":"https:\/\/myspainfood.com\/sv\/wp-json\/wp\/v2\/product_tag?post=49003"}],"curies":[{"name":"wp","href":"https:\/\/api.w.org\/{rel}","templated":true}]}}