{"id":49007,"date":"2025-04-10T12:07:46","date_gmt":"2025-04-10T10:07:46","guid":{"rendered":"https:\/\/myspainfood.com\/producto\/manzanilla-4-kg-kaliber-180-200\/"},"modified":"2025-04-10T12:07:46","modified_gmt":"2025-04-10T10:07:46","slug":"manzanilla-4-kg-kaliber-180-200","status":"publish","type":"product","link":"https:\/\/myspainfood.com\/sv\/producto\/manzanilla-4-kg-kaliber-180-200\/","title":{"rendered":"Manzanilla 4 kg kaliber 180\/200"},"content":{"rendered":"<p>Manzanilla oliver 180\/200 calibre 4kg beh\u00e5ller sin <a href=\"https:\/\/www.google.com\/search?q=aceituna+manzanilla+calibre&amp;tbm=isch&amp;ved=2ahUKEwjzs-WOhPD1AhWHh1wKHXXjAgAQ2-cCegQIABAA&amp;oq=aceituna+manzanilla+calibre&amp;gs_lcp=CgNpbWcQA1CzBli4GGC8GWgAcAB4AIABbYgBzQySAQQxNy4ymAEAoAEBqgELZ3dzLXdpei1pbWfAAQE&amp;sclient=img&amp;ei=6FcCYvOfBoeP8gL1xgs&amp;bih=780&amp;biw=1577\" target=\"_blank\" rel=\"noopener noreferrer nofollow\">ursprungliga<\/a> form och beh\u00e5ller sin sten inuti frukten.<\/p>\n<p>Olika sorter av olivtr\u00e4d (Olea europaea) \u00e4r k\u00e4nda som kamomill.<\/p>\n<p>Detta namn ges ocks\u00e5 till den frukt eller oliv som de producerar.<\/p>\n<p>De viktigaste sorterna \u00e4r manzanilla sevillana, manzanilla cacere\u00f1a och manzanilla alore\u00f1a.<\/p>\n<p>Det \u00e4r l\u00e4mpligt att f\u00f6rvara dessa hela oliver p\u00e5 en sval, torr plats, borta fr\u00e5n solljus.<\/p>\n<h3>F\u00f6rdelar med Kamomill 180\/200 kaliber 4kg<\/h3>\n<p>K\u00e4nde du till de m\u00e5nga f\u00f6rdelarna med dessa oliver? De \u00e4r mycket effektiva n\u00e4r det g\u00e4ller att f\u00f6rebygga hj\u00e4rt- och cirkulationssjukdomar i allm\u00e4nhet. <\/p>\n<p>Detta beror p\u00e5 dess h\u00f6ga inneh\u00e5ll av om\u00e4ttade fetter. Dessutom \u00e4r det ett livsmedel som inneh\u00e5ller mycket j\u00e4rn och fibrer och \u00e4r mycket m\u00e4ttande, vilket g\u00f6r det till ett perfekt mellanm\u00e5l. <\/p>\n<p>Om du vill k\u00f6pa oliver eller n\u00e5gon annan typ av <a href=\"https:\/\/latiendadesami.com\/categoria-producto\/encurtidos\/\" rel=\"noopener noreferrer nofollow\" target=\"_blank\">inlagd mat,<\/a> tveka inte att ta en titt p\u00e5 v\u00e5r onlinekatalog f\u00f6r att se det stora utbudet av <a href=\"https:\/\/latiendadesami.com\/categoria-producto\/encurtidos\/aceitunas\/\" target=\"_blank\" rel=\"noopener noreferrer nofollow\">oliver<\/a> vi har.<\/p>\n","protected":false},"excerpt":{"rendered":"<p>Manzanilla oliver 180\/200 calibre 4kg beh\u00e5ller sin ursprungliga form och beh\u00e5ller sin sten inuti frukten. Olika sorter av olivtr\u00e4d (Olea europaea) \u00e4r k\u00e4nda som kamomill. Detta namn ges ocks\u00e5 till den frukt eller oliv som de producerar. De viktigaste sorterna \u00e4r manzanilla sevillana, manzanilla cacere\u00f1a och manzanilla alore\u00f1a. Det \u00e4r l\u00e4mpligt att f\u00f6rvara dessa hela [&hellip;]<\/p>\n","protected":false},"featured_media":10131,"template":"","meta":{"_et_pb_use_builder":"","_et_pb_old_content":"","_et_gb_content_width":""},"product_brand":[1069],"product_cat":[1585,1586],"product_tag":[2053],"class_list":{"0":"post-49007","1":"product","2":"type-product","3":"status-publish","4":"has-post-thumbnail","6":"product_brand-sangar","7":"product_cat-inlagda-gronsaker","8":"product_cat-oliver","9":"product_tag-kamomill","11":"first","12":"outofstock","13":"taxable","14":"shipping-taxable","15":"purchasable","16":"product-type-simple"},"_links":{"self":[{"href":"https:\/\/myspainfood.com\/sv\/wp-json\/wp\/v2\/product\/49007","targetHints":{"allow":["GET"]}}],"collection":[{"href":"https:\/\/myspainfood.com\/sv\/wp-json\/wp\/v2\/product"}],"about":[{"href":"https:\/\/myspainfood.com\/sv\/wp-json\/wp\/v2\/types\/product"}],"wp:featuredmedia":[{"embeddable":true,"href":"https:\/\/myspainfood.com\/sv\/wp-json\/wp\/v2\/media\/10131"}],"wp:attachment":[{"href":"https:\/\/myspainfood.com\/sv\/wp-json\/wp\/v2\/media?parent=49007"}],"wp:term":[{"taxonomy":"product_brand","embeddable":true,"href":"https:\/\/myspainfood.com\/sv\/wp-json\/wp\/v2\/product_brand?post=49007"},{"taxonomy":"product_cat","embeddable":true,"href":"https:\/\/myspainfood.com\/sv\/wp-json\/wp\/v2\/product_cat?post=49007"},{"taxonomy":"product_tag","embeddable":true,"href":"https:\/\/myspainfood.com\/sv\/wp-json\/wp\/v2\/product_tag?post=49007"}],"curies":[{"name":"wp","href":"https:\/\/api.w.org\/{rel}","templated":true}]}}