{"id":49011,"date":"2025-04-10T12:07:47","date_gmt":"2025-04-10T10:07:47","guid":{"rendered":"https:\/\/myspainfood.com\/producto\/manzanilla-4-kg-242-aperitif\/"},"modified":"2025-04-10T12:07:47","modified_gmt":"2025-04-10T10:07:47","slug":"manzanilla-4-kg-242-aperitif","status":"publish","type":"product","link":"https:\/\/myspainfood.com\/sv\/producto\/manzanilla-4-kg-242-aperitif\/","title":{"rendered":"Manzanilla 4 kg 242 aperitif"},"content":{"rendered":"<p>Namnet &#8221;manzanilla&#8221; anv\u00e4nds f\u00f6r olika sorter av olivtr\u00e4d (Olea europaea). Namnet anv\u00e4nds ocks\u00e5 om den frukt eller oliv som de producerar. De viktigaste sorterna \u00e4r manzanilla sevillana, manzanilla cacere\u00f1a och manzanilla alore\u00f1a.    <\/p>\n","protected":false},"excerpt":{"rendered":"<p>Namnet &#8221;manzanilla&#8221; anv\u00e4nds f\u00f6r olika sorter av olivtr\u00e4d (Olea europaea). Namnet anv\u00e4nds ocks\u00e5 om den frukt eller oliv som de producerar. De viktigaste sorterna \u00e4r manzanilla sevillana, manzanilla cacere\u00f1a och manzanilla alore\u00f1a.<\/p>\n","protected":false},"featured_media":10149,"template":"","meta":{"_et_pb_use_builder":"","_et_pb_old_content":"","_et_gb_content_width":""},"product_brand":[1069],"product_cat":[1585,1586],"product_tag":[2053],"class_list":{"0":"post-49011","1":"product","2":"type-product","3":"status-publish","4":"has-post-thumbnail","6":"product_brand-sangar","7":"product_cat-inlagda-gronsaker","8":"product_cat-oliver","9":"product_tag-kamomill","11":"first","12":"outofstock","13":"taxable","14":"shipping-taxable","15":"purchasable","16":"product-type-simple"},"_links":{"self":[{"href":"https:\/\/myspainfood.com\/sv\/wp-json\/wp\/v2\/product\/49011","targetHints":{"allow":["GET"]}}],"collection":[{"href":"https:\/\/myspainfood.com\/sv\/wp-json\/wp\/v2\/product"}],"about":[{"href":"https:\/\/myspainfood.com\/sv\/wp-json\/wp\/v2\/types\/product"}],"wp:featuredmedia":[{"embeddable":true,"href":"https:\/\/myspainfood.com\/sv\/wp-json\/wp\/v2\/media\/10149"}],"wp:attachment":[{"href":"https:\/\/myspainfood.com\/sv\/wp-json\/wp\/v2\/media?parent=49011"}],"wp:term":[{"taxonomy":"product_brand","embeddable":true,"href":"https:\/\/myspainfood.com\/sv\/wp-json\/wp\/v2\/product_brand?post=49011"},{"taxonomy":"product_cat","embeddable":true,"href":"https:\/\/myspainfood.com\/sv\/wp-json\/wp\/v2\/product_cat?post=49011"},{"taxonomy":"product_tag","embeddable":true,"href":"https:\/\/myspainfood.com\/sv\/wp-json\/wp\/v2\/product_tag?post=49011"}],"curies":[{"name":"wp","href":"https:\/\/api.w.org\/{rel}","templated":true}]}}