{"id":49022,"date":"2025-04-10T12:09:49","date_gmt":"2025-04-10T10:09:49","guid":{"rendered":"https:\/\/myspainfood.com\/producto\/120-und-kronartskockshjartan-naturliga-10-14-extra-frukter\/"},"modified":"2025-04-10T12:09:49","modified_gmt":"2025-04-10T10:09:49","slug":"120-und-kronartskockshjartan-naturliga-10-14-extra-frukter","status":"publish","type":"product","link":"https:\/\/myspainfood.com\/sv\/producto\/120-und-kronartskockshjartan-naturliga-10-14-extra-frukter\/","title":{"rendered":"120 und Kron\u00e4rtskockshj\u00e4rtan, naturliga 10\/14 extra frukter"},"content":{"rendered":"<p>Artichoke Hearts natural 10\/14 extra frukter \u00e4r en naturlig produkt som framst\u00e4lls p\u00e5 ett <a href=\"http:\/\/www.conservasoti.es\/paginas\/historia.html\" target=\"_blank\" rel=\"noopener noreferrer nofollow\">hantverksm\u00e4ssigt<\/a> s\u00e4tt.<\/p>\n<p>Ingredienser: Kron\u00e4rtskockor, vatten, salt, surhetsreglerande medel: citronsyra och antioxidationsmedel: askorbinsyra.<\/p>\n<p>Conservas Oti \u00e4r ett f\u00f6retag med en familjetradition vars goda arbete har f\u00f6rts vidare fr\u00e5n generation till generation.<\/p>\n<p>Familjens h\u00e5rda arbete och insatser har till stor del gjort det m\u00f6jligt f\u00f6r <span class=\"negrita\">Conservas Oti<\/span> att v\u00e4xa och expandera.<\/p>\n<p>De huvudsakliga aff\u00e4rsomr\u00e5dena \u00e4r From the Sea, From the Land och From the Farm.<\/p>\n<p>Fr\u00e5n havet: Musslor, Ventresca, Sardinillas, Melva&#8230;<\/p>\n<p>Lokala produkter inkluderar: mj\u00f6lkiga kik\u00e4rter, vita kidneyb\u00f6nor, pintob\u00f6nor, pardinalinser&#8230; Kron\u00e4rtskockshj\u00e4rtan, naturliga 10\/14 extra frukter <\/p>\n<p>Fr\u00e5n g\u00e5rden: Ren f\u00e5rost, Ib\u00e9rico skinka fr\u00e5n ekollon, Ib\u00e9rico Salchich\u00f3n fr\u00e5n ekollon, Ib\u00e9rico Chorizo fr\u00e5n ekollon,&#8230;<\/p>\n<h4>De viktigaste f\u00f6rdelarna med konserverad mat<\/h4>\n<ol>\n<li>De bevarar alla n\u00e4ringsegenskaper hos sj\u00e4lva livsmedlet. Maten beh\u00e5ller sin f\u00e4rskhet. <\/li>\n<li>De livsmedel som anv\u00e4nds \u00e4r h\u00e4lsosamma och d\u00e4rf\u00f6r l\u00e4mpliga f\u00f6r en optimal kost p\u00e5 grund av deras h\u00f6ga vitamin- och proteininneh\u00e5ll.<\/li>\n<li>Dessa produkter har en l\u00e4ngre livsl\u00e4ngd (2-5 \u00e5r \u00e4r typiskt).<\/li>\n<li>Konserverna \u00e4r mycket l\u00e4tta att f\u00f6rvara eftersom f\u00f6rpackningarna \u00e4r l\u00e4tta att applicera.<\/li>\n<\/ol>\n<p>Om du vill k\u00f6pa tonfisk eller n\u00e5gon annan typ av <a href=\"https:\/\/latiendadesami.com\/categoria-producto\/conservas\/\" rel=\"noopener noreferrer nofollow\" target=\"_blank\">konserverad mat<\/a>, tveka inte att ta en titt p\u00e5 v\u00e5r onlinekatalog f\u00f6r att se det stora utbudet av <a href=\"https:\/\/latiendadesami.com\/categoria-producto\/conservas\/atun-y-bonito\/\" target=\"_blank\" rel=\"noopener noreferrer nofollow\">tonfisk<\/a> vi har.<\/p>\n<p>Skriv till oss om du vill ha mer information.<\/p>\n","protected":false},"excerpt":{"rendered":"<p>Kron\u00e4rtskockshj\u00e4rtan, naturliga 10\/14 extra frukter<\/p>\n","protected":false},"featured_media":8862,"template":"","meta":{"_et_pb_use_builder":"","_et_pb_old_content":"","_et_gb_content_width":""},"product_brand":[1075],"product_cat":[1986,4655,2831],"product_tag":[4656],"class_list":{"0":"post-49022","1":"product","2":"type-product","3":"status-publish","4":"has-post-thumbnail","6":"product_brand-oti","7":"product_cat-konserver-sv","8":"product_cat-kronartskockor","9":"product_cat-partihandel","10":"product_tag-hjartan","12":"first","13":"outofstock","14":"taxable","15":"shipping-taxable","16":"purchasable","17":"product-type-simple"},"_links":{"self":[{"href":"https:\/\/myspainfood.com\/sv\/wp-json\/wp\/v2\/product\/49022","targetHints":{"allow":["GET"]}}],"collection":[{"href":"https:\/\/myspainfood.com\/sv\/wp-json\/wp\/v2\/product"}],"about":[{"href":"https:\/\/myspainfood.com\/sv\/wp-json\/wp\/v2\/types\/product"}],"wp:featuredmedia":[{"embeddable":true,"href":"https:\/\/myspainfood.com\/sv\/wp-json\/wp\/v2\/media\/8862"}],"wp:attachment":[{"href":"https:\/\/myspainfood.com\/sv\/wp-json\/wp\/v2\/media?parent=49022"}],"wp:term":[{"taxonomy":"product_brand","embeddable":true,"href":"https:\/\/myspainfood.com\/sv\/wp-json\/wp\/v2\/product_brand?post=49022"},{"taxonomy":"product_cat","embeddable":true,"href":"https:\/\/myspainfood.com\/sv\/wp-json\/wp\/v2\/product_cat?post=49022"},{"taxonomy":"product_tag","embeddable":true,"href":"https:\/\/myspainfood.com\/sv\/wp-json\/wp\/v2\/product_tag?post=49022"}],"curies":[{"name":"wp","href":"https:\/\/api.w.org\/{rel}","templated":true}]}}