{"id":49027,"date":"2025-04-10T12:09:50","date_gmt":"2025-04-10T10:09:50","guid":{"rendered":"https:\/\/myspainfood.com\/producto\/pepparsallad-med-tonfisk-alsur-120-enheter\/"},"modified":"2025-04-10T12:09:50","modified_gmt":"2025-04-10T10:09:50","slug":"pepparsallad-med-tonfisk-alsur-120-enheter","status":"publish","type":"product","link":"https:\/\/myspainfood.com\/sv\/producto\/pepparsallad-med-tonfisk-alsur-120-enheter\/","title":{"rendered":"Pepparsallad med tonfisk Alsur 120 enheter"},"content":{"rendered":"<p>Framg\u00e5ngen f\u00f6r <a href=\"https:\/\/www.alsurvegetales.com\/producto\/id\/26\/ensalada-de-pimiento-asado-con-atun\" target=\"_blank\" rel=\"noopener noreferrer nofollow\">Alsurs<\/a> peppar- och tonfisksallad ligger i den varierande f\u00e4rgen fr\u00e5n ljus- till m\u00f6rkr\u00f6d, smaken och den mjuka konsistensen.<\/p>\n<p>Tillsammans med l\u00f6ken bildar de rostade paprikorna en l\u00e4cker r\u00e4tt som \u00e4r mycket l\u00e4tt att tillaga.<\/p>\n<p>Glasburken v\u00e4ger 340 gram.<\/p>\n<p>F\u00f6rvara p\u00e5 en sval och torr plats. Efter \u00f6ppnandet, kyl och konsumera inom 7 dagar. <\/p>\n<p>Ingredienser: Piquillo-peppar, l\u00f6k, vatten, socker, tonfisk (5%), vin\u00e4ger, salt och citronsyra.<\/p>\n<p>Alsur \u00e4r ett familjef\u00f6retag d\u00e4r matens innersta v\u00e4sen \u00e4r huvudpersonen.<\/p>\n<h4>De viktigaste f\u00f6rdelarna med konserverad mat<\/h4>\n<ol>\n<li>De bevarar alla n\u00e4ringsegenskaper hos sj\u00e4lva livsmedlet. Maten beh\u00e5ller sin f\u00e4rskhet. <\/li>\n<li>De livsmedel som anv\u00e4nds \u00e4r h\u00e4lsosamma och d\u00e4rf\u00f6r l\u00e4mpliga f\u00f6r en optimal kost p\u00e5 grund av deras h\u00f6ga vitamin- och proteininneh\u00e5ll.<\/li>\n<li>Dessa produkter har en l\u00e4ngre livsl\u00e4ngd (2-5 \u00e5r \u00e4r typiskt).<\/li>\n<li>Konserverna \u00e4r mycket l\u00e4tta att f\u00f6rvara eftersom f\u00f6rpackningarna \u00e4r l\u00e4tta att applicera.<\/li>\n<\/ol>\n<p>Om du vill k\u00f6pa Pepparsallad med tonfisk eller n\u00e5gon annan typ av <a href=\"https:\/\/latiendadesami.com\/categoria-producto\/conservas\/\" rel=\"noopener noreferrer nofollow\" target=\"_blank\">konserver<\/a>, tveka inte att ta en titt p\u00e5 v\u00e5r onlinekatalog f\u00f6r att se det stora utbudet av <a href=\"https:\/\/latiendadesami.com\/categoria-producto\/conservas\/atun-y-bonito\/\" target=\"_blank\" rel=\"noopener noreferrer nofollow\">tonfisk<\/a> som vi har.<\/p>\n<p>Skriv till oss om du vill ha mer information.<\/p>\n","protected":false},"excerpt":{"rendered":"<p>Framg\u00e5ngen f\u00f6r Alsurs peppar- och tonfisksallad ligger i den varierande f\u00e4rgen fr\u00e5n ljus- till m\u00f6rkr\u00f6d, smaken och den mjuka konsistensen. Tillsammans med l\u00f6ken bildar de rostade paprikorna en l\u00e4cker r\u00e4tt som \u00e4r mycket l\u00e4tt att tillaga. Glasburken v\u00e4ger 340 gram. F\u00f6rvara p\u00e5 en sval och torr plats. Efter \u00f6ppnandet, kyl och konsumera inom 7 dagar. [&hellip;]<\/p>\n","protected":false},"featured_media":12174,"template":"","meta":{"_et_pb_use_builder":"","_et_pb_old_content":"","_et_gb_content_width":""},"product_brand":[1196],"product_cat":[1986,2315,2831,4367],"product_tag":[],"class_list":{"0":"post-49027","1":"product","2":"type-product","3":"status-publish","4":"has-post-thumbnail","6":"product_brand-alsur","7":"product_cat-konserver-sv","8":"product_cat-paprika","9":"product_cat-partihandel","10":"product_cat-tonfisk-och-bonito","12":"first","13":"outofstock","14":"taxable","15":"shipping-taxable","16":"purchasable","17":"product-type-simple"},"_links":{"self":[{"href":"https:\/\/myspainfood.com\/sv\/wp-json\/wp\/v2\/product\/49027","targetHints":{"allow":["GET"]}}],"collection":[{"href":"https:\/\/myspainfood.com\/sv\/wp-json\/wp\/v2\/product"}],"about":[{"href":"https:\/\/myspainfood.com\/sv\/wp-json\/wp\/v2\/types\/product"}],"wp:featuredmedia":[{"embeddable":true,"href":"https:\/\/myspainfood.com\/sv\/wp-json\/wp\/v2\/media\/12174"}],"wp:attachment":[{"href":"https:\/\/myspainfood.com\/sv\/wp-json\/wp\/v2\/media?parent=49027"}],"wp:term":[{"taxonomy":"product_brand","embeddable":true,"href":"https:\/\/myspainfood.com\/sv\/wp-json\/wp\/v2\/product_brand?post=49027"},{"taxonomy":"product_cat","embeddable":true,"href":"https:\/\/myspainfood.com\/sv\/wp-json\/wp\/v2\/product_cat?post=49027"},{"taxonomy":"product_tag","embeddable":true,"href":"https:\/\/myspainfood.com\/sv\/wp-json\/wp\/v2\/product_tag?post=49027"}],"curies":[{"name":"wp","href":"https:\/\/api.w.org\/{rel}","templated":true}]}}