{"id":49030,"date":"2025-04-10T12:09:50","date_gmt":"2025-04-10T10:09:50","guid":{"rendered":"https:\/\/myspainfood.com\/producto\/auberginestrimlor-la-encajera-almagro-700-gram-120-enheter\/"},"modified":"2025-09-02T10:45:14","modified_gmt":"2025-09-02T08:45:14","slug":"auberginestrimlor-la-encajera-almagro-700-gram-120-enheter","status":"publish","type":"product","link":"https:\/\/myspainfood.com\/sv\/producto\/auberginestrimlor-la-encajera-almagro-700-gram-120-enheter\/","title":{"rendered":"Auberginestrimlor la Encajera almagro 700 gram 120 enheter"},"content":{"rendered":"<p>Hackad aubergine \u00e4r huvudingrediensen i <a href=\"https:\/\/www.laencajera.es\/berenjenas-de-almagro\" target=\"_blank\" rel=\"noopener noreferrer nofollow\">Almagros<\/a> sallader. K\u00e4nn den traditionella smaken i varje tugga. <\/p>\n<p>Den serveras vanligtvis som en aptitretare eller kombineras i skedr\u00e4tter. Hackade auberginer kommer ursprungligen fr\u00e5n Castilla la Mancha, Spanien. <\/p>\n<p>Ingredienser: Aubergine &#8221;De Almagro&#8221;, vatten, salt, vin\u00e4ger av alkohol, citronsyra (E-330), kalciumklorid (E-509), natriummetabisulfit, kummin, paprika, naturlig f\u00e4nk\u00e5l, mj\u00f6lksyra (E-270).<\/p>\n<p>Bevarandef\u00f6rh\u00e5llanden:<\/p>\n<p>F\u00f6rvaras svalt och torrt, mellan 3\u00baC och 10\u00baC. Skydda mot solljus och starka lukter. <\/p>\n<p>Efter \u00f6ppnandet, f\u00f6rvara i kylsk\u00e5p och konsumera inom 30 dagar.<\/p>\n<p>Om du vill k\u00f6pa oliver eller n\u00e5gon annan typ av <a href=\"https:\/\/latiendadesami.com\/categoria-producto\/encurtidos\/\" rel=\"noopener noreferrer nofollow\" target=\"_blank\">inlagda<\/a> gr\u00f6nsaker, tveka inte att ta en titt p\u00e5 v\u00e5r onlinekatalog f\u00f6r att se det stora utbudet av <a href=\"https:\/\/latiendadesami.com\/categoria-producto\/encurtidos\/berenjenas\/\" target=\"_blank\" rel=\"noopener noreferrer nofollow\">auberginer<\/a> vi har.<\/p>\n<p>Varum\u00e4rket \u00e4r La Encajonera, ett familjef\u00f6retag som grundades 1990 och ligger i hj\u00e4rtat av La Mancha, i staden ALMAGRO, i provinsen Ciudad Real.<\/p>\n<p>Tillverkningsprocessen f\u00f6r dess produkter b\u00f6rjar i samma odlingsomr\u00e5de, d\u00e4r man v\u00e4ljer ut den b\u00e4sta kvalitetsprodukten.<\/p>\n<p>Fabriken \u00e4r utrustad med den mest avancerade tekniken, samtidigt som traditionen och kunskapen hos hantverkarna har bevarats.<\/p>\n","protected":false},"excerpt":{"rendered":"<p>Den viktigaste ingrediensen i Almagro-sallader. K\u00e4nn den traditionella smaken i varje tugga. Den serveras vanligtvis som en aptitretare eller kombineras med skedr\u00e4tter.  <\/p>\n","protected":false},"featured_media":7412,"template":"","meta":{"_et_pb_use_builder":"","_et_pb_old_content":"","_et_gb_content_width":""},"product_brand":[1057],"product_cat":[2135,1585,2831],"product_tag":[4148],"class_list":{"0":"post-49030","1":"product","2":"type-product","3":"status-publish","4":"has-post-thumbnail","6":"product_brand-la-encajera","7":"product_cat-auberginer-sv","8":"product_cat-inlagda-gronsaker","9":"product_cat-partihandel","10":"product_tag-hackad","12":"first","13":"outofstock","14":"taxable","15":"shipping-taxable","16":"purchasable","17":"product-type-simple"},"_links":{"self":[{"href":"https:\/\/myspainfood.com\/sv\/wp-json\/wp\/v2\/product\/49030","targetHints":{"allow":["GET"]}}],"collection":[{"href":"https:\/\/myspainfood.com\/sv\/wp-json\/wp\/v2\/product"}],"about":[{"href":"https:\/\/myspainfood.com\/sv\/wp-json\/wp\/v2\/types\/product"}],"wp:featuredmedia":[{"embeddable":true,"href":"https:\/\/myspainfood.com\/sv\/wp-json\/wp\/v2\/media\/7412"}],"wp:attachment":[{"href":"https:\/\/myspainfood.com\/sv\/wp-json\/wp\/v2\/media?parent=49030"}],"wp:term":[{"taxonomy":"product_brand","embeddable":true,"href":"https:\/\/myspainfood.com\/sv\/wp-json\/wp\/v2\/product_brand?post=49030"},{"taxonomy":"product_cat","embeddable":true,"href":"https:\/\/myspainfood.com\/sv\/wp-json\/wp\/v2\/product_cat?post=49030"},{"taxonomy":"product_tag","embeddable":true,"href":"https:\/\/myspainfood.com\/sv\/wp-json\/wp\/v2\/product_tag?post=49030"}],"curies":[{"name":"wp","href":"https:\/\/api.w.org\/{rel}","templated":true}]}}