{"id":49043,"date":"2025-04-10T12:10:00","date_gmt":"2025-04-10T10:10:00","guid":{"rendered":"https:\/\/myspainfood.com\/producto\/alino-de-mi-pueblo-chicon-oliver-900-gram-forpackning-6-st\/"},"modified":"2025-08-22T07:56:49","modified_gmt":"2025-08-22T05:56:49","slug":"alino-de-mi-pueblo-chicon-oliver-900-gram-forpackning-6-st","status":"publish","type":"product","link":"https:\/\/myspainfood.com\/sv\/producto\/alino-de-mi-pueblo-chicon-oliver-900-gram-forpackning-6-st\/","title":{"rendered":"Ali\u00f1o de mi pueblo Chic\u00f3n oliver 900 gram f\u00f6rpackning 6 st"},"content":{"rendered":"<p>De <strong>kryddade manzanillaoliverna<\/strong> &#8221;Ali\u00f1o de mi Pueblo&#8221; \u00e4r <a href=\"https:\/\/aceitunaschiconlebron.com\/catalogo-productos\/comprar-aceitunas\/deshuesadas\/\" target=\"_blank\" rel=\"noopener noreferrer nofollow\">urk\u00e4rnade<\/a> <strong>oliver<\/strong> som kryddats med de b\u00e4sta ingredienserna enligt ett traditionellt recept.<\/p>\n<p>Anv\u00e4ndningen av naturliga kryddor och temperaturkontroll \u00e4r hemligheten bakom den speciella smaken hos dessa oliver.<\/p>\n<p>Ali\u00f1o de mi pueblo-oliverna \u00e4r mjuka och det saftiga fruktk\u00f6ttet ger dem en omissk\u00e4nnlig smak.<\/p>\n<p>De hemlagade <a href=\"https:\/\/latiendadesami.com\/categoria-producto\/encurtidos\/\" target=\"_blank\" rel=\"noopener noreferrer nofollow\">inlagda<\/a> oliverna, som bl\u00f6tl\u00e4ggs i saltlake och behandlas f\u00f6r att minska syran, \u00e4r en vanlig syn p\u00e5 m\u00e5nga terrasser och restauranger.<\/p>\n<h3>F\u00f6rdelar med Ali\u00f1o de mi Pueblo-oliverna<\/h3>\n<p>K\u00e4nde du till de m\u00e5nga f\u00f6rdelarna med dessa <strong>oliver<\/strong>? De \u00e4r mycket effektiva n\u00e4r det g\u00e4ller att f\u00f6rebygga hj\u00e4rt- och cirkulationssjukdomar i allm\u00e4nhet. <\/p>\n<p>Detta beror p\u00e5 dess h\u00f6ga inneh\u00e5ll av om\u00e4ttade fetter. Dessutom \u00e4r det ett livsmedel som inneh\u00e5ller mycket j\u00e4rn och fibrer och \u00e4r mycket m\u00e4ttande, vilket g\u00f6r det till ett perfekt mellanm\u00e5l. <\/p>\n<p>Om du vill k\u00f6pa oliver eller n\u00e5gon annan typ av <a href=\"https:\/\/latiendadesami.com\/categoria-producto\/encurtidos\/\" rel=\"noopener noreferrer nofollow\" target=\"_blank\">inlagd mat,<\/a> tveka inte att ta en titt p\u00e5 v\u00e5r onlinekatalog f\u00f6r att se det stora utbudet av <a href=\"https:\/\/latiendadesami.com\/categoria-producto\/encurtidos\/aceitunas\/\" target=\"_blank\" rel=\"noopener noreferrer nofollow\">oliver<\/a> vi har.<\/p>\n","protected":false},"excerpt":{"rendered":"<p>De kryddade manzanillaoliverna &#8221;Ali\u00f1o de mi Pueblo&#8221; \u00e4r urk\u00e4rnade oliver som kryddats med de b\u00e4sta ingredienserna enligt ett traditionellt recept. Anv\u00e4ndningen av naturliga kryddor och temperaturkontroll \u00e4r hemligheten bakom den speciella smaken hos dessa oliver. Ali\u00f1o de mi pueblo-oliverna \u00e4r mjuka och det saftiga fruktk\u00f6ttet ger dem en omissk\u00e4nnlig smak. De hemlagade inlagda oliverna, som [&hellip;]<\/p>\n","protected":false},"featured_media":12318,"template":"","meta":{"_et_pb_use_builder":"","_et_pb_old_content":"","_et_gb_content_width":""},"product_brand":[1036],"product_cat":[3086,2831],"product_tag":[9921],"class_list":{"0":"post-49043","1":"product","2":"type-product","3":"status-publish","4":"has-post-thumbnail","6":"product_brand-chicon","7":"product_cat-inlagda-gronsaker-sv","8":"product_cat-partihandel","9":"product_tag-byn","11":"first","12":"instock","13":"taxable","14":"shipping-taxable","15":"purchasable","16":"product-type-variable"},"_links":{"self":[{"href":"https:\/\/myspainfood.com\/sv\/wp-json\/wp\/v2\/product\/49043","targetHints":{"allow":["GET"]}}],"collection":[{"href":"https:\/\/myspainfood.com\/sv\/wp-json\/wp\/v2\/product"}],"about":[{"href":"https:\/\/myspainfood.com\/sv\/wp-json\/wp\/v2\/types\/product"}],"wp:featuredmedia":[{"embeddable":true,"href":"https:\/\/myspainfood.com\/sv\/wp-json\/wp\/v2\/media\/12318"}],"wp:attachment":[{"href":"https:\/\/myspainfood.com\/sv\/wp-json\/wp\/v2\/media?parent=49043"}],"wp:term":[{"taxonomy":"product_brand","embeddable":true,"href":"https:\/\/myspainfood.com\/sv\/wp-json\/wp\/v2\/product_brand?post=49043"},{"taxonomy":"product_cat","embeddable":true,"href":"https:\/\/myspainfood.com\/sv\/wp-json\/wp\/v2\/product_cat?post=49043"},{"taxonomy":"product_tag","embeddable":true,"href":"https:\/\/myspainfood.com\/sv\/wp-json\/wp\/v2\/product_tag?post=49043"}],"curies":[{"name":"wp","href":"https:\/\/api.w.org\/{rel}","templated":true}]}}