{"id":50590,"date":"2025-05-21T08:44:03","date_gmt":"2025-05-21T06:44:03","guid":{"rendered":"https:\/\/myspainfood.com\/producto\/manzanilla-pittad-kamomill-900-gr-chicon\/"},"modified":"2026-01-29T12:59:07","modified_gmt":"2026-01-29T11:59:07","slug":"manzanilla-pittad-kamomill-900-gr-chicon","status":"publish","type":"product","link":"https:\/\/myspainfood.com\/sv\/producto\/manzanilla-pittad-kamomill-900-gr-chicon\/","title":{"rendered":"Manzanilla Pittad Kamomill 900 gr Chic\u00f3n"},"content":{"rendered":"<p>Trots att k\u00e4rnan har avl\u00e4gsnats beh\u00e5ller Manzanilla-oliver med k\u00e4rnor praktiskt taget sin ursprungliga form.<\/p>\n<h3>F\u00f6rdelar med Manzanilla Pitted <a href=\"https:\/\/aceitunaschiconlebron.com\/catalogo-productos\/comprar-aceitunas\/deshuesadas\/\" target=\"_blank\" rel=\"noopener noreferrer nofollow\">Chic\u00f3n-oliver<\/a><\/h3>\n<p>K\u00e4nde du till de m\u00e5nga f\u00f6rdelarna med dessa oliver? De \u00e4r mycket effektiva n\u00e4r det g\u00e4ller att f\u00f6rebygga hj\u00e4rt- och cirkulationssjukdomar i allm\u00e4nhet. <\/p>\n<p>Detta beror p\u00e5 dess h\u00f6ga inneh\u00e5ll av om\u00e4ttade fetter. Dessutom \u00e4r det ett livsmedel som inneh\u00e5ller mycket j\u00e4rn och fibrer och \u00e4r mycket m\u00e4ttande, vilket g\u00f6r det till ett perfekt mellanm\u00e5l. <\/p>\n<p>Om du vill k\u00f6pa oliver eller n\u00e5gon annan typ av <a href=\"https:\/\/latiendadesami.com\/categoria-producto\/encurtidos\/\" rel=\"noopener noreferrer nofollow\" target=\"_blank\">inlagd mat,<\/a> tveka inte att ta en titt p\u00e5 v\u00e5r onlinekatalog f\u00f6r att se det stora utbudet av <a href=\"https:\/\/latiendadesami.com\/categoria-producto\/encurtidos\/aceitunas\/\" target=\"_blank\" rel=\"noopener noreferrer nofollow\">oliver<\/a> vi har.<\/p>\n","protected":false},"excerpt":{"rendered":"<p>Trots att k\u00e4rnan har avl\u00e4gsnats beh\u00e5ller Manzanilla-oliver med k\u00e4rnor praktiskt taget sin ursprungliga form. F\u00f6rdelar med Manzanilla Pitted Chic\u00f3n-oliver K\u00e4nde du till de m\u00e5nga f\u00f6rdelarna med dessa oliver? De \u00e4r mycket effektiva n\u00e4r det g\u00e4ller att f\u00f6rebygga hj\u00e4rt- och cirkulationssjukdomar i allm\u00e4nhet. Detta beror p\u00e5 dess h\u00f6ga inneh\u00e5ll av om\u00e4ttade fetter. Dessutom \u00e4r det ett [&hellip;]<\/p>\n","protected":false},"featured_media":50283,"template":"","meta":{"_et_pb_use_builder":"","_et_pb_old_content":"","_et_gb_content_width":""},"product_brand":[1036],"product_cat":[1585,1586],"product_tag":[10018,2053],"class_list":{"0":"post-50590","1":"product","2":"type-product","3":"status-publish","4":"has-post-thumbnail","6":"product_brand-chicon","7":"product_cat-inlagda-gronsaker","8":"product_cat-oliver","9":"product_tag-benfri-sv-2","10":"product_tag-kamomill","12":"first","13":"instock","14":"taxable","15":"shipping-taxable","16":"purchasable","17":"product-type-variable"},"_links":{"self":[{"href":"https:\/\/myspainfood.com\/sv\/wp-json\/wp\/v2\/product\/50590","targetHints":{"allow":["GET"]}}],"collection":[{"href":"https:\/\/myspainfood.com\/sv\/wp-json\/wp\/v2\/product"}],"about":[{"href":"https:\/\/myspainfood.com\/sv\/wp-json\/wp\/v2\/types\/product"}],"wp:featuredmedia":[{"embeddable":true,"href":"https:\/\/myspainfood.com\/sv\/wp-json\/wp\/v2\/media\/50283"}],"wp:attachment":[{"href":"https:\/\/myspainfood.com\/sv\/wp-json\/wp\/v2\/media?parent=50590"}],"wp:term":[{"taxonomy":"product_brand","embeddable":true,"href":"https:\/\/myspainfood.com\/sv\/wp-json\/wp\/v2\/product_brand?post=50590"},{"taxonomy":"product_cat","embeddable":true,"href":"https:\/\/myspainfood.com\/sv\/wp-json\/wp\/v2\/product_cat?post=50590"},{"taxonomy":"product_tag","embeddable":true,"href":"https:\/\/myspainfood.com\/sv\/wp-json\/wp\/v2\/product_tag?post=50590"}],"curies":[{"name":"wp","href":"https:\/\/api.w.org\/{rel}","templated":true}]}}