{"id":51057,"date":"2025-05-21T09:40:50","date_gmt":"2025-05-21T07:40:50","guid":{"rendered":"https:\/\/myspainfood.com\/producto\/kimbitos-oliv-och-gurka-900-gr-chicon\/"},"modified":"2026-01-29T13:05:36","modified_gmt":"2026-01-29T12:05:36","slug":"kimbitos-oliv-och-gurka-900-gr-chicon","status":"publish","type":"product","link":"https:\/\/myspainfood.com\/sv\/producto\/kimbitos-oliv-och-gurka-900-gr-chicon\/","title":{"rendered":"Kimbitos - oliv och gurka 900 gr Chic\u00f3n"},"content":{"rendered":"<p><a href=\"https:\/\/aceitunaschiconlebron.com\/catalogo\/manzanilla-rellena-de-pepinillo\/\" target=\"_blank\" rel=\"noopener noreferrer nofollow\">Kimbitos oliv och gurka<\/a>, med en mild s\u00f6tsyrlig smak.<\/p>\n<h3>Egenskaper hos Manzanilla- eller Kimbitos-oliver<\/h3>\n<p>Manzanillaoliver, som ursprungligen kommer fr\u00e5n Spanien, erbjuder stora f\u00f6rdelar, bland vilka f\u00f6ljande sticker ut:<\/p>\n<p>De inneh\u00e5ller stora m\u00e4ngder antioxidanter.<\/p>\n<p>De s\u00e4nker blodtrycket och kolesterolet.<\/p>\n<p>f\u00f6rebygger vissa typer av cancer.<\/p>\n<p>De fungerar som en naturlig probiotika.<\/p>\n<p>F\u00f6rb\u00e4ttra hj\u00e4rth\u00e4lsan.<\/p>\n<p>De hj\u00e4lper till att bek\u00e4mpa infektioner.<\/p>\n<p>De f\u00f6rebygger bensk\u00f6rhet.<\/p>\n<p>K\u00e4nde du till de m\u00e5nga f\u00f6rdelarna med dessa Kimbitos-oliver? De har en h\u00f6g effekt n\u00e4r det g\u00e4ller att f\u00f6rebygga hj\u00e4rt- och cirkulationssjukdomar i allm\u00e4nhet. <\/p>\n<p>Om du vill k\u00f6pa oliver eller n\u00e5gon annan typ av <a href=\"https:\/\/latiendadesami.com\/categoria-producto\/encurtidos\/\" rel=\"noopener noreferrer nofollow\" target=\"_blank\">inlagd mat,<\/a> tveka inte att ta en titt p\u00e5 v\u00e5r onlinekatalog f\u00f6r att se det stora utbudet av <a href=\"https:\/\/latiendadesami.com\/categoria-producto\/encurtidos\/aceitunas\/\" target=\"_blank\" rel=\"noopener noreferrer nofollow\">oliver<\/a> vi har.<\/p>\n","protected":false},"excerpt":{"rendered":"<p>Kimbitos oliv och gurka, med en mild s\u00f6tsyrlig smak. Egenskaper hos Manzanilla- eller Kimbitos-oliver Manzanillaoliver, som ursprungligen kommer fr\u00e5n Spanien, erbjuder stora f\u00f6rdelar, bland vilka f\u00f6ljande sticker ut: De inneh\u00e5ller stora m\u00e4ngder antioxidanter. De s\u00e4nker blodtrycket och kolesterolet. f\u00f6rebygger vissa typer av cancer. De fungerar som en naturlig probiotika. F\u00f6rb\u00e4ttra hj\u00e4rth\u00e4lsan. De hj\u00e4lper till att [&hellip;]<\/p>\n","protected":false},"featured_media":7134,"template":"","meta":{"_et_pb_use_builder":"","_et_pb_old_content":"","_et_gb_content_width":""},"product_brand":[1036],"product_cat":[2006,1585,1586],"product_tag":[2034,2053,1588],"class_list":{"0":"post-51057","1":"product","2":"type-product","3":"status-publish","4":"has-post-thumbnail","6":"product_brand-chicon","7":"product_cat-gurkor","8":"product_cat-inlagda-gronsaker","9":"product_cat-oliver","10":"product_tag-gherkin-sv","11":"product_tag-kamomill","12":"product_tag-kimbo-sv","14":"first","15":"instock","16":"taxable","17":"shipping-taxable","18":"purchasable","19":"product-type-variable"},"_links":{"self":[{"href":"https:\/\/myspainfood.com\/sv\/wp-json\/wp\/v2\/product\/51057","targetHints":{"allow":["GET"]}}],"collection":[{"href":"https:\/\/myspainfood.com\/sv\/wp-json\/wp\/v2\/product"}],"about":[{"href":"https:\/\/myspainfood.com\/sv\/wp-json\/wp\/v2\/types\/product"}],"wp:featuredmedia":[{"embeddable":true,"href":"https:\/\/myspainfood.com\/sv\/wp-json\/wp\/v2\/media\/7134"}],"wp:attachment":[{"href":"https:\/\/myspainfood.com\/sv\/wp-json\/wp\/v2\/media?parent=51057"}],"wp:term":[{"taxonomy":"product_brand","embeddable":true,"href":"https:\/\/myspainfood.com\/sv\/wp-json\/wp\/v2\/product_brand?post=51057"},{"taxonomy":"product_cat","embeddable":true,"href":"https:\/\/myspainfood.com\/sv\/wp-json\/wp\/v2\/product_cat?post=51057"},{"taxonomy":"product_tag","embeddable":true,"href":"https:\/\/myspainfood.com\/sv\/wp-json\/wp\/v2\/product_tag?post=51057"}],"curies":[{"name":"wp","href":"https:\/\/api.w.org\/{rel}","templated":true}]}}