{"id":51154,"date":"2025-05-21T09:40:50","date_gmt":"2025-05-21T07:40:50","guid":{"rendered":"https:\/\/myspainfood.com\/producto\/aggrora-extra-900-gr-chicon\/"},"modified":"2026-01-29T13:04:32","modified_gmt":"2026-01-29T12:04:32","slug":"aggrora-extra-900-gr-chicon","status":"publish","type":"product","link":"https:\/\/myspainfood.com\/sv\/producto\/aggrora-extra-900-gr-chicon\/","title":{"rendered":"\u00c4ggr\u00f6ra Extra 900 gr Chic\u00f3n"},"content":{"rendered":"<p>V\u00e5r extra \u00e4ggr\u00f6ra med oliver och saltgurka best\u00e5r av <a href=\"https:\/\/aceitunaschiconlebron.com\/catalogo\/revuelto-extra-aceitunas-encurtidos\/\" target=\"_blank\" rel=\"noopener noreferrer nofollow\">manzanillaoliver<\/a>, saltgurka, l\u00f6k och morot.<\/p>\n<p>Denna kombination av oliver och pickles g\u00f6r det m\u00f6jligt att njuta av en oslagbar smak i dina tapas eller aptitretare.<\/p>\n<p>Det \u00e4r ett mycket h\u00e4lsosamt komplement till v\u00e5r traditionella n\u00e4ringsrika medelhavskost.<\/p>\n<p>Pickles har g\u00e5tt fr\u00e5n att vara en urgammal teknik f\u00f6r att konservera mat \u00f6ver hela v\u00e4rlden till att vara en av de mest popul\u00e4ra tapas eller aptitretare i spansk gastronomi.<\/p>\n<h3><strong>F\u00f6rdelar med Extra R\u00f6ra<\/strong><\/h3>\n<p>K\u00e4nde du till f\u00f6rdelarna med Revuelto Extra och pickles i allm\u00e4nhet? H\u00e4r \u00e4r en lista \u00f6ver de viktigaste: <\/p>\n<ul>\n<li>Rik p\u00e5 probiotika.<\/li>\n<li>De underl\u00e4ttar matsm\u00e4ltningen.<\/li>\n<li>De st\u00e4rker immunf\u00f6rsvaret.<\/li>\n<li>De minskar suget efter socker.<\/li>\n<li>Gynnsamt f\u00f6r gallbl\u00e5san.<\/li>\n<\/ul>\n<p>Om du vill k\u00f6pa oliver eller n\u00e5gon annan typ av <a href=\"https:\/\/latiendadesami.com\/categoria-producto\/encurtidos\/\" rel=\"noopener noreferrer nofollow\" target=\"_blank\">inlagd mat,<\/a> tveka inte att ta en titt p\u00e5 v\u00e5r onlinekatalog f\u00f6r att se det stora utbudet av <a href=\"https:\/\/latiendadesami.com\/categoria-producto\/encurtidos\/aceitunas\/\" target=\"_blank\" rel=\"noopener noreferrer nofollow\">oliver<\/a> vi har.<\/p>\n","protected":false},"excerpt":{"rendered":"<p>V\u00e5r extra \u00e4ggr\u00f6ra med oliver och saltgurka best\u00e5r av manzanillaoliver, saltgurka, l\u00f6k och morot. Denna kombination av oliver och pickles g\u00f6r det m\u00f6jligt att njuta av en oslagbar smak i dina tapas eller aptitretare. Det \u00e4r ett mycket h\u00e4lsosamt komplement till v\u00e5r traditionella n\u00e4ringsrika medelhavskost. Pickles har g\u00e5tt fr\u00e5n att vara en urgammal teknik f\u00f6r [&hellip;]<\/p>\n","protected":false},"featured_media":50837,"template":"","meta":{"_et_pb_use_builder":"","_et_pb_old_content":"","_et_gb_content_width":""},"product_brand":[1036],"product_cat":[1585,1586],"product_tag":[8098],"class_list":{"0":"post-51154","1":"product","2":"type-product","3":"status-publish","4":"has-post-thumbnail","6":"product_brand-chicon","7":"product_cat-inlagda-gronsaker","8":"product_cat-oliver","9":"product_tag-aggrora","11":"first","12":"instock","13":"taxable","14":"shipping-taxable","15":"purchasable","16":"product-type-variable"},"_links":{"self":[{"href":"https:\/\/myspainfood.com\/sv\/wp-json\/wp\/v2\/product\/51154","targetHints":{"allow":["GET"]}}],"collection":[{"href":"https:\/\/myspainfood.com\/sv\/wp-json\/wp\/v2\/product"}],"about":[{"href":"https:\/\/myspainfood.com\/sv\/wp-json\/wp\/v2\/types\/product"}],"wp:featuredmedia":[{"embeddable":true,"href":"https:\/\/myspainfood.com\/sv\/wp-json\/wp\/v2\/media\/50837"}],"wp:attachment":[{"href":"https:\/\/myspainfood.com\/sv\/wp-json\/wp\/v2\/media?parent=51154"}],"wp:term":[{"taxonomy":"product_brand","embeddable":true,"href":"https:\/\/myspainfood.com\/sv\/wp-json\/wp\/v2\/product_brand?post=51154"},{"taxonomy":"product_cat","embeddable":true,"href":"https:\/\/myspainfood.com\/sv\/wp-json\/wp\/v2\/product_cat?post=51154"},{"taxonomy":"product_tag","embeddable":true,"href":"https:\/\/myspainfood.com\/sv\/wp-json\/wp\/v2\/product_tag?post=51154"}],"curies":[{"name":"wp","href":"https:\/\/api.w.org\/{rel}","templated":true}]}}