{"id":51406,"date":"2025-05-21T10:50:34","date_gmt":"2025-05-21T08:50:34","guid":{"rendered":"https:\/\/myspainfood.com\/producto\/mormors-hemlighet\/"},"modified":"2026-01-29T13:10:47","modified_gmt":"2026-01-29T12:10:47","slug":"mormors-hemlighet","status":"publish","type":"product","link":"https:\/\/myspainfood.com\/sv\/producto\/mormors-hemlighet\/","title":{"rendered":"Mormors hemlighet"},"content":{"rendered":"<p>Olives Secreto de la Abuela \u00e4r en kombination av urk\u00e4rnade gordaloliver, vitl\u00f6k, kapris och bitar av aubergine.<\/p>\n<p>Kryddningen \u00e4r <a href=\"https:\/\/aceitunaschiconlebron.com\/\" target=\"_blank\" rel=\"noopener noreferrer nofollow\">Chic\u00f3ns<\/a> egen.<\/p>\n<h3><strong>F\u00f6rdelar med oliver fr\u00e5n Secreto de la Abuela<\/strong><\/h3>\n<p>K\u00e4nde du till f\u00f6rdelarna med denna typ av oliver och pickles i allm\u00e4nhet? H\u00e4r \u00e4r en lista \u00f6ver de viktigaste: <\/p>\n<ul>\n<li>Rik p\u00e5 probiotika.<\/li>\n<li>De underl\u00e4ttar matsm\u00e4ltningen.<\/li>\n<li>De st\u00e4rker immunf\u00f6rsvaret.<\/li>\n<li>De minskar suget efter socker.<\/li>\n<li>Gynnsamt f\u00f6r gallbl\u00e5san.<\/li>\n<\/ul>\n<p>&nbsp;<\/p>\n<p>Om du vill k\u00f6pa oliver eller n\u00e5gon annan typ av <a href=\"https:\/\/latiendadesami.com\/categoria-producto\/encurtidos\/\" rel=\"noopener noreferrer nofollow\" target=\"_blank\">inlagd mat,<\/a> tveka inte att ta en titt p\u00e5 v\u00e5r onlinekatalog f\u00f6r att se det stora utbudet av <a href=\"https:\/\/latiendadesami.com\/categoria-producto\/encurtidos\/aceitunas\/\" target=\"_blank\" rel=\"noopener noreferrer nofollow\">oliver<\/a> vi har.<\/p>\n","protected":false},"excerpt":{"rendered":"<p>Olives Secreto de la Abuela \u00e4r en kombination av urk\u00e4rnade gordaloliver, vitl\u00f6k, kapris och bitar av aubergine. Kryddningen \u00e4r Chic\u00f3ns egen. F\u00f6rdelar med oliver fr\u00e5n Secreto de la Abuela K\u00e4nde du till f\u00f6rdelarna med denna typ av oliver och pickles i allm\u00e4nhet? H\u00e4r \u00e4r en lista \u00f6ver de viktigaste: Rik p\u00e5 probiotika. De underl\u00e4ttar matsm\u00e4ltningen. [&hellip;]<\/p>\n","protected":false},"featured_media":51218,"template":"","meta":{"_et_pb_use_builder":"","_et_pb_old_content":"","_et_gb_content_width":""},"product_brand":[1036],"product_cat":[1585,1586],"product_tag":[10131,1640],"class_list":{"0":"post-51406","1":"product","2":"type-product","3":"status-publish","4":"has-post-thumbnail","6":"product_brand-chicon","7":"product_cat-inlagda-gronsaker","8":"product_cat-oliver","9":"product_tag-hemlighet","10":"product_tag-mormor-och-farmor","12":"first","13":"outofstock","14":"taxable","15":"shipping-taxable","16":"product-type-variable"},"_links":{"self":[{"href":"https:\/\/myspainfood.com\/sv\/wp-json\/wp\/v2\/product\/51406","targetHints":{"allow":["GET"]}}],"collection":[{"href":"https:\/\/myspainfood.com\/sv\/wp-json\/wp\/v2\/product"}],"about":[{"href":"https:\/\/myspainfood.com\/sv\/wp-json\/wp\/v2\/types\/product"}],"wp:featuredmedia":[{"embeddable":true,"href":"https:\/\/myspainfood.com\/sv\/wp-json\/wp\/v2\/media\/51218"}],"wp:attachment":[{"href":"https:\/\/myspainfood.com\/sv\/wp-json\/wp\/v2\/media?parent=51406"}],"wp:term":[{"taxonomy":"product_brand","embeddable":true,"href":"https:\/\/myspainfood.com\/sv\/wp-json\/wp\/v2\/product_brand?post=51406"},{"taxonomy":"product_cat","embeddable":true,"href":"https:\/\/myspainfood.com\/sv\/wp-json\/wp\/v2\/product_cat?post=51406"},{"taxonomy":"product_tag","embeddable":true,"href":"https:\/\/myspainfood.com\/sv\/wp-json\/wp\/v2\/product_tag?post=51406"}],"curies":[{"name":"wp","href":"https:\/\/api.w.org\/{rel}","templated":true}]}}