{"id":52415,"date":"2025-05-23T12:58:14","date_gmt":"2025-05-23T10:58:14","guid":{"rendered":"https:\/\/myspainfood.com\/producto\/alyan-dubai-pistaschchokladkaka-100-gram\/"},"modified":"2026-01-29T13:15:47","modified_gmt":"2026-01-29T12:15:47","slug":"alyan-dubai-pistaschchokladkaka-100-gram","status":"publish","type":"product","link":"https:\/\/myspainfood.com\/sv\/producto\/alyan-dubai-pistaschchokladkaka-100-gram\/","title":{"rendered":"Alyan Dubai pistaschchokladkaka 100 gram"},"content":{"rendered":"<p>Mj\u00f6lkchoklad fylld med pistage och kunafa. Ingredienser: <\/p>\n<p>Pistaschpasta 45% [socker, pistaschmandlar (30%), vegetabilisk olja (helt h\u00e4rdad palm-, bomulls- och solrosolja), skummj\u00f6lk, emulgeringsmedel (solroslecitin), aromer (mj\u00f6lk, vanillin)],<\/p>\n<p>Mj\u00f6lkchoklad 45% [socker, kakaosm\u00f6r, helmj\u00f6lkspulver, kakaomassa, skummj\u00f6lkspulver, vasslepulver, emulgeringsmedel (ammoniumfosfatider, polyglycerolpolyricinoleat, solroslecitin), arom (vanillin)],<\/p>\n<p>Kunafa 10% [vete (inneh\u00e5ller gluten), vatten], konserveringsmedel (kaliumsorbat, kalciumpropionat).<\/p>\n<p>Allergener: mj\u00f6lk, vete och pistagen\u00f6tter. Kan inneh\u00e5lla sp\u00e5r av andra n\u00f6tter, jordn\u00f6tter och \u00e4gg. <\/p>\n","protected":false},"excerpt":{"rendered":"<p>Mj\u00f6lkchoklad fylld med pistage och kunafa. Ingredienser: Pistaschpasta 45% [socker, pistaschmandlar (30%), vegetabilisk olja (helt h\u00e4rdad palm-, bomulls- och solrosolja), skummj\u00f6lk, emulgeringsmedel (solroslecitin), aromer (mj\u00f6lk, vanillin)], Mj\u00f6lkchoklad 45% [socker, kakaosm\u00f6r, helmj\u00f6lkspulver, kakaomassa, skummj\u00f6lkspulver, vasslepulver, emulgeringsmedel (ammoniumfosfatider, polyglycerolpolyricinoleat, solroslecitin), arom (vanillin)], Kunafa 10% [vete (inneh\u00e5ller gluten), vatten], konserveringsmedel (kaliumsorbat, kalciumpropionat). Allergener: mj\u00f6lk, vete och pistagen\u00f6tter. Kan [&hellip;]<\/p>\n","protected":false},"featured_media":52378,"template":"","meta":{"_et_pb_use_builder":"","_et_pb_old_content":"","_et_gb_content_width":""},"product_brand":[],"product_cat":[1986],"product_tag":[],"class_list":{"0":"post-52415","1":"product","2":"type-product","3":"status-publish","4":"has-post-thumbnail","6":"product_cat-konserver-sv","8":"first","9":"instock","10":"featured","11":"taxable","12":"shipping-taxable","13":"purchasable","14":"product-type-variable"},"_links":{"self":[{"href":"https:\/\/myspainfood.com\/sv\/wp-json\/wp\/v2\/product\/52415","targetHints":{"allow":["GET"]}}],"collection":[{"href":"https:\/\/myspainfood.com\/sv\/wp-json\/wp\/v2\/product"}],"about":[{"href":"https:\/\/myspainfood.com\/sv\/wp-json\/wp\/v2\/types\/product"}],"wp:featuredmedia":[{"embeddable":true,"href":"https:\/\/myspainfood.com\/sv\/wp-json\/wp\/v2\/media\/52378"}],"wp:attachment":[{"href":"https:\/\/myspainfood.com\/sv\/wp-json\/wp\/v2\/media?parent=52415"}],"wp:term":[{"taxonomy":"product_brand","embeddable":true,"href":"https:\/\/myspainfood.com\/sv\/wp-json\/wp\/v2\/product_brand?post=52415"},{"taxonomy":"product_cat","embeddable":true,"href":"https:\/\/myspainfood.com\/sv\/wp-json\/wp\/v2\/product_cat?post=52415"},{"taxonomy":"product_tag","embeddable":true,"href":"https:\/\/myspainfood.com\/sv\/wp-json\/wp\/v2\/product_tag?post=52415"}],"curies":[{"name":"wp","href":"https:\/\/api.w.org\/{rel}","templated":true}]}}