{"id":62822,"date":"2025-10-10T12:25:50","date_gmt":"2025-10-10T10:25:50","guid":{"rendered":"https:\/\/myspainfood.com\/producto\/sardinillas-i-ekologisk-olivolja-20-25-bitar-rias-baixas-115-gr\/"},"modified":"2025-10-10T12:25:50","modified_gmt":"2025-10-10T10:25:50","slug":"sardinillas-i-ekologisk-olivolja-20-25-bitar-rias-baixas-115-gr","status":"publish","type":"product","link":"https:\/\/myspainfood.com\/sv\/producto\/sardinillas-i-ekologisk-olivolja-20-25-bitar-rias-baixas-115-gr\/","title":{"rendered":"Sardinillas i ekologisk olivolja 20\/25 bitar Rias Baixas 115 gr"},"content":{"rendered":"<p>V\u00e5ra konserverade sardiner \u00e4r uts\u00f6kta; med sin doft, intensiva smak, silvriga utseende och perfekta placering och presentation i burken. Utg\u00e5ngspunkten \u00e4r alltid att v\u00e4lja ut de b\u00e4sta, f\u00e4rskaste och minsta sardinerna fr\u00e5n fiskmarknaden (du hittar mellan 12 och 16 sardiner i varje burk). <\/p>\n<p>I v\u00e5r fabrik i Moa\u00f1a (Pontevedra) tar v\u00e5r produktionspersonal bort huvudet och rensar varje fisk en efter en. De \u00e5ngrostas sedan och f\u00f6rpackas med omsorg och precision f\u00f6r att f\u00e5 ett s\u00e5 attraktivt utseende som m\u00f6jligt n\u00e4r du \u00f6ppnar din burk. Som gr\u00e4dde p\u00e5 moset har vi tillsatt <strong>ekologisk extra jungfruolivolja*<\/strong>. Resultatet \u00e4r spektakul\u00e4rt och nu kan du se det sj\u00e4lv.  <\/p>\n<p>T\u00e4nk p\u00e5 att mognadstiden, som kan vara fr\u00e5n n\u00e5gra m\u00e5nader till flera \u00e5r, \u00e4r avg\u00f6rande eftersom sardinernas smak f\u00f6rb\u00e4ttras i takt med att oljan tr\u00e4nger in i fisken. Genom att regelbundet v\u00e4nda burkarna f\u00e5r man en uts\u00f6kt och j\u00e4mn smak som tillfredsst\u00e4ller de mest kr\u00e4vande smakl\u00f6karna. <\/p>\n<p>Under de senaste \u00e5ren har konserverade sardiner f\u00e5tt stor ber\u00f6mmelse som ett livsmedel med h\u00f6gt n\u00e4ringsv\u00e4rde. Man kan s\u00e4ga att sardiner tar guldmedaljen n\u00e4r det g\u00e4ller n\u00e4ringsinneh\u00e5ll. De inneh\u00e5ller en h\u00f6g koncentration av vitamin B12 samt vitaminerna A, D, K och E. De \u00e4r ocks\u00e5 en viktig k\u00e4lla till protein, natrium, fosfor, jod och kalcium. Och de \u00e4r rika p\u00e5 Omega 3 och oljesyra, vad mer kan man beg\u00e4ra?    <\/p>\n","protected":false},"excerpt":{"rendered":"<p>V\u00e5ra konserverade sardiner \u00e4r uts\u00f6kta; med sin doft, intensiva smak, silvriga utseende och perfekta placering och presentation i burken. Utg\u00e5ngspunkten \u00e4r alltid att v\u00e4lja ut de b\u00e4sta, f\u00e4rskaste och minsta sardinerna fr\u00e5n fiskmarknaden (du hittar mellan 12 och 16 sardiner i varje burk). I v\u00e5r fabrik i Moa\u00f1a (Pontevedra) tar v\u00e5r produktionspersonal bort huvudet och [&hellip;]<\/p>\n","protected":false},"featured_media":59429,"template":"","meta":{"_et_pb_use_builder":"","_et_pb_old_content":"","_et_gb_content_width":""},"product_brand":[11014],"product_cat":[1986,11032,3756],"product_tag":[],"class_list":{"0":"post-62822","1":"product","2":"type-product","3":"status-publish","4":"has-post-thumbnail","6":"product_brand-rias-baixas","7":"product_cat-konserver-sv","8":"product_cat-ny","9":"product_cat-sardinillor","11":"first","12":"instock","13":"featured","14":"taxable","15":"shipping-taxable","16":"purchasable","17":"product-type-variable"},"_links":{"self":[{"href":"https:\/\/myspainfood.com\/sv\/wp-json\/wp\/v2\/product\/62822","targetHints":{"allow":["GET"]}}],"collection":[{"href":"https:\/\/myspainfood.com\/sv\/wp-json\/wp\/v2\/product"}],"about":[{"href":"https:\/\/myspainfood.com\/sv\/wp-json\/wp\/v2\/types\/product"}],"wp:featuredmedia":[{"embeddable":true,"href":"https:\/\/myspainfood.com\/sv\/wp-json\/wp\/v2\/media\/59429"}],"wp:attachment":[{"href":"https:\/\/myspainfood.com\/sv\/wp-json\/wp\/v2\/media?parent=62822"}],"wp:term":[{"taxonomy":"product_brand","embeddable":true,"href":"https:\/\/myspainfood.com\/sv\/wp-json\/wp\/v2\/product_brand?post=62822"},{"taxonomy":"product_cat","embeddable":true,"href":"https:\/\/myspainfood.com\/sv\/wp-json\/wp\/v2\/product_cat?post=62822"},{"taxonomy":"product_tag","embeddable":true,"href":"https:\/\/myspainfood.com\/sv\/wp-json\/wp\/v2\/product_tag?post=62822"}],"curies":[{"name":"wp","href":"https:\/\/api.w.org\/{rel}","templated":true}]}}