{"id":62948,"date":"2025-10-10T12:25:49","date_gmt":"2025-10-10T10:25:49","guid":{"rendered":"https:\/\/myspainfood.com\/producto\/ekologisk-olivolja-fran-knivmusslor-fran-finisterre-i-rias-baixas-115-g\/"},"modified":"2025-10-10T12:25:49","modified_gmt":"2025-10-10T10:25:49","slug":"ekologisk-olivolja-fran-knivmusslor-fran-finisterre-i-rias-baixas-115-g","status":"publish","type":"product","link":"https:\/\/myspainfood.com\/sv\/producto\/ekologisk-olivolja-fran-knivmusslor-fran-finisterre-i-rias-baixas-115-g\/","title":{"rendered":"Ekologisk olivolja fr\u00e5n knivmusslor fr\u00e5n Finisterre i Rias Baixas 115 g"},"content":{"rendered":"<p>Man utvinner knivmusslor p\u00e5 m\u00e5nga st\u00e4llen i v\u00e5ra vackra R\u00edas, men av dem alla finns det ett st\u00e4lle d\u00e4r knivmusslor och longueirones n\u00e5r h\u00f6gsta kvalitet: Finisterre (Fisterra). Och eftersom det inte kan vara p\u00e5 n\u00e5got annat s\u00e4tt, k\u00f6per vi p\u00e5 CONSERVAS R\u00cdAS BAIXAS 1907 bara knivmusslor fr\u00e5n dessa paradisiska str\u00e4nder och bara de som f\u00e5ngas en efter en av fria dykare f\u00f6r att s\u00e4kerst\u00e4lla att den naturliga milj\u00f6n bevaras, s\u00e5 att framtida generationer ocks\u00e5 kan njuta av denna delikatess. <\/p>\n<p>Den f\u00e4rska rakhyveln renas i saltvatten f\u00f6r att avl\u00e4gsna eventuell kvarvarande sand och f\u00f6rpackas sedan omsorgsfullt p\u00e5 v\u00e5r anl\u00e4ggning i Moa\u00f1a.<\/p>\n<p>Och \u00e4ven om Finisterres knivmusslor \u00e4r en delikatess i sig, har vi valt att presentera dem i ekologisk extra jungfruolivolja*. Resultatet \u00e4r spektakul\u00e4rt och vi inbjuder dig att prova det. <\/p>\n<p>Dessutom har knivmusslor ett mycket l\u00e5gt kalori- och fettinneh\u00e5ll. \u00c5 andra sidan \u00e4r knivmusslor rika p\u00e5 flerom\u00e4ttade fettsyror OMEGA 3, vilket \u00e4r anledningen till att konsumtion av dem rekommenderas starkt. <\/p>\n","protected":false},"excerpt":{"rendered":"<p>Man utvinner knivmusslor p\u00e5 m\u00e5nga st\u00e4llen i v\u00e5ra vackra R\u00edas, men av dem alla finns det ett st\u00e4lle d\u00e4r knivmusslor och longueirones n\u00e5r h\u00f6gsta kvalitet: Finisterre (Fisterra). Och eftersom det inte kan vara p\u00e5 n\u00e5got annat s\u00e4tt, k\u00f6per vi p\u00e5 CONSERVAS R\u00cdAS BAIXAS 1907 bara knivmusslor fr\u00e5n dessa paradisiska str\u00e4nder och bara de som f\u00e5ngas [&hellip;]<\/p>\n","protected":false},"featured_media":59307,"template":"","meta":{"_et_pb_use_builder":"","_et_pb_old_content":"","_et_gb_content_width":""},"product_brand":[11014],"product_cat":[1986,11032,7539],"product_tag":[],"class_list":{"0":"post-62948","1":"product","2":"type-product","3":"status-publish","4":"has-post-thumbnail","6":"product_brand-rias-baixas","7":"product_cat-konserver-sv","8":"product_cat-ny","9":"product_cat-rakhyvlar","11":"first","12":"instock","13":"taxable","14":"shipping-taxable","15":"purchasable","16":"product-type-variable"},"_links":{"self":[{"href":"https:\/\/myspainfood.com\/sv\/wp-json\/wp\/v2\/product\/62948","targetHints":{"allow":["GET"]}}],"collection":[{"href":"https:\/\/myspainfood.com\/sv\/wp-json\/wp\/v2\/product"}],"about":[{"href":"https:\/\/myspainfood.com\/sv\/wp-json\/wp\/v2\/types\/product"}],"wp:featuredmedia":[{"embeddable":true,"href":"https:\/\/myspainfood.com\/sv\/wp-json\/wp\/v2\/media\/59307"}],"wp:attachment":[{"href":"https:\/\/myspainfood.com\/sv\/wp-json\/wp\/v2\/media?parent=62948"}],"wp:term":[{"taxonomy":"product_brand","embeddable":true,"href":"https:\/\/myspainfood.com\/sv\/wp-json\/wp\/v2\/product_brand?post=62948"},{"taxonomy":"product_cat","embeddable":true,"href":"https:\/\/myspainfood.com\/sv\/wp-json\/wp\/v2\/product_cat?post=62948"},{"taxonomy":"product_tag","embeddable":true,"href":"https:\/\/myspainfood.com\/sv\/wp-json\/wp\/v2\/product_tag?post=62948"}],"curies":[{"name":"wp","href":"https:\/\/api.w.org\/{rel}","templated":true}]}}