{"id":63189,"date":"2025-10-10T12:25:49","date_gmt":"2025-10-10T10:25:49","guid":{"rendered":"https:\/\/myspainfood.com\/producto\/tonfisk-i-solrosolja-arlequin-750-g\/"},"modified":"2025-10-10T12:25:49","modified_gmt":"2025-10-10T10:25:49","slug":"tonfisk-i-solrosolja-arlequin-750-g","status":"publish","type":"product","link":"https:\/\/myspainfood.com\/sv\/producto\/tonfisk-i-solrosolja-arlequin-750-g\/","title":{"rendered":"Tonfisk i solrosolja Arlequ\u00edn 750 g"},"content":{"rendered":"<p><a href=\"https:\/\/conservasarlequin.com\/arlequin\/\" target=\"_blank\" rel=\"noopener noreferrer nofollow\">Arlequ\u00edn<\/a> sunflower tuna 750g \u00e4r en konserverad produkt som tillverkas p\u00e5 ett traditionellt s\u00e4tt.<\/p>\n<p><strong>Nettovikt\/ Escu:<\/strong> 750g \/ 650g<\/p>\n<p><strong>H\u00e5llbarhet:<\/strong> 5 \u00e5r<\/p>\n<p><strong>Naturv\u00e5rd:<\/strong> Milj\u00f6<\/p>\n<p>P\u00e5 Conservas Arlequ\u00edn \u00e4r deras uppdrag att erbjuda en fantastisk produkt, den b\u00e4sta servicen och ett brett utbud av konserverad fisk till b\u00e4sta pris. P\u00e5 Conservas <a href=\"https:\/\/latiendadesami.com\/marca\/arlequin\/\" target=\"_blank\" rel=\"noopener noreferrer nofollow\">Arlequ\u00edn<\/a> \u00e4r deras uppdrag att erbjuda en fantastisk produkt, den b\u00e4sta servicen och ett brett utbud av konserverad fisk till b\u00e4sta pris.<\/p>\n<p>De \u00e4r ocks\u00e5 specialiserade p\u00e5 ansjovis, ansjovis, ansjovis, bonito, gulfenad tonfisk, gulfenad tonfisk, Log Tuna 900gr, musslor, makrill och sardiner.<\/p>\n<p>Till exempel sa Comidista i tidningen El Pa\u00eds om ventresca: &#8221;Den \u00e4r s\u00e5 mjuk, n\u00e4stan kr\u00e4mig, att man vill gifta sig med den och leva lyckligt tills Herren tar en&#8221;.<\/p>\n<h4>De viktigaste f\u00f6rdelarna med konserverad mat<\/h4>\n<ol>\n<li>De bevarar alla n\u00e4ringsegenskaper hos sj\u00e4lva livsmedlet. Maten beh\u00e5ller sin f\u00e4rskhet. <\/li>\n<li>De livsmedel som anv\u00e4nds \u00e4r h\u00e4lsosamma och d\u00e4rf\u00f6r l\u00e4mpliga f\u00f6r en optimal kost p\u00e5 grund av deras h\u00f6ga vitamin- och proteininneh\u00e5ll.<\/li>\n<li>Dessa produkter har en l\u00e4ngre livsl\u00e4ngd (2-5 \u00e5r \u00e4r typiskt).<\/li>\n<li>Konserverna \u00e4r mycket l\u00e4tta att f\u00f6rvara eftersom f\u00f6rpackningarna \u00e4r l\u00e4tta att applicera.<\/li>\n<\/ol>\n<p>Om du vill k\u00f6pa tonfisk eller n\u00e5gon annan typ av <a href=\"https:\/\/latiendadesami.com\/categoria-producto\/conservas\/\" rel=\"noopener noreferrer nofollow\" target=\"_blank\">konserverad mat<\/a>, tveka inte att ta en titt p\u00e5 v\u00e5r onlinekatalog f\u00f6r att se det stora utbudet av <a href=\"https:\/\/latiendadesami.com\/categoria-producto\/conservas\/atun-y-bonito\/\" target=\"_blank\" rel=\"noopener noreferrer nofollow\">tonfisk<\/a> vi har.<\/p>\n<p>Skriv till oss om du vill ha mer information.<\/p>\n","protected":false},"excerpt":{"rendered":"<p>Arlequ\u00edn sunflower tuna 750g \u00e4r en konserverad produkt som tillverkas p\u00e5 ett traditionellt s\u00e4tt. Nettovikt\/ Escu: 750g \/ 650g H\u00e5llbarhet: 5 \u00e5r Naturv\u00e5rd: Milj\u00f6 P\u00e5 Conservas Arlequ\u00edn \u00e4r deras uppdrag att erbjuda en fantastisk produkt, den b\u00e4sta servicen och ett brett utbud av konserverad fisk till b\u00e4sta pris. P\u00e5 Conservas Arlequ\u00edn \u00e4r deras uppdrag att [&hellip;]<\/p>\n","protected":false},"featured_media":59062,"template":"","meta":{"_et_pb_use_builder":"","_et_pb_old_content":"","_et_gb_content_width":""},"product_brand":[1162],"product_cat":[1986,11032,4367],"product_tag":[],"class_list":{"0":"post-63189","1":"product","2":"type-product","3":"status-publish","4":"has-post-thumbnail","6":"product_brand-arlequin","7":"product_cat-konserver-sv","8":"product_cat-ny","9":"product_cat-tonfisk-och-bonito","11":"first","12":"instock","13":"taxable","14":"shipping-taxable","15":"product-type-variable"},"_links":{"self":[{"href":"https:\/\/myspainfood.com\/sv\/wp-json\/wp\/v2\/product\/63189","targetHints":{"allow":["GET"]}}],"collection":[{"href":"https:\/\/myspainfood.com\/sv\/wp-json\/wp\/v2\/product"}],"about":[{"href":"https:\/\/myspainfood.com\/sv\/wp-json\/wp\/v2\/types\/product"}],"wp:featuredmedia":[{"embeddable":true,"href":"https:\/\/myspainfood.com\/sv\/wp-json\/wp\/v2\/media\/59062"}],"wp:attachment":[{"href":"https:\/\/myspainfood.com\/sv\/wp-json\/wp\/v2\/media?parent=63189"}],"wp:term":[{"taxonomy":"product_brand","embeddable":true,"href":"https:\/\/myspainfood.com\/sv\/wp-json\/wp\/v2\/product_brand?post=63189"},{"taxonomy":"product_cat","embeddable":true,"href":"https:\/\/myspainfood.com\/sv\/wp-json\/wp\/v2\/product_cat?post=63189"},{"taxonomy":"product_tag","embeddable":true,"href":"https:\/\/myspainfood.com\/sv\/wp-json\/wp\/v2\/product_tag?post=63189"}],"curies":[{"name":"wp","href":"https:\/\/api.w.org\/{rel}","templated":true}]}}