{"id":64386,"date":"2025-10-10T12:25:50","date_gmt":"2025-10-10T10:25:50","guid":{"rendered":"https:\/\/myspainfood.com\/producto\/det-har-ar-en-av-de-basta-sakerna-jag-har-sett-i-mitt-liv\/"},"modified":"2025-10-10T12:25:50","modified_gmt":"2025-10-10T10:25:50","slug":"det-har-ar-en-av-de-basta-sakerna-jag-har-sett-i-mitt-liv","status":"publish","type":"product","link":"https:\/\/myspainfood.com\/sv\/producto\/det-har-ar-en-av-de-basta-sakerna-jag-har-sett-i-mitt-liv\/","title":{"rendered":"DET H\u00c4R \u00c4R EN AV DE B\u00c4STA SAKERNA JAG HAR SETT I MITT LIV."},"content":{"rendered":"<article class=\"4ever-article\" data-clipboard-cangjie=\"[\" root=\"\" la=\"\" excelencia=\"\" del=\"\" claro=\"\" en=\"\" escabeche=\"\" olympos=\"\" una=\"\" delicia=\"\" gourmet=\"\" que=\"\" eleva=\"\" tus=\"\" comidas=\"\" cotidianas.=\"\" seleccionado=\"\" cuidadosamente=\"\" y=\"\" preparado=\"\" con=\"\" los=\"\" m=\"\" altos=\"\" est=\"\" de=\"\" calidad=\"\" este=\"\" at=\"\" ofrece=\"\" un=\"\" sabor=\"\" aut=\"\" textura=\"\" suave=\"\" deleitar=\"\" a=\"\" tu=\"\" paladar.=\"\" abre=\"\" lata=\"\" disfruta=\"\" su=\"\" delicioso=\"\" directamente=\"\" o=\"\" como=\"\" ingrediente=\"\" principal=\"\" recetas=\"\" favoritas.=\"\" bajo=\"\" grasas=\"\" saturadas=\"\" libre=\"\" conservantes=\"\" artificiales=\"\" es=\"\" opci=\"\" nutritiva=\"\" para=\"\" toda=\"\" familia.=\"\" preparaci=\"\" realza=\"\" el=\"\" natural=\"\" ofreci=\"\" experiencia=\"\" gastron=\"\" comb=\"\" vegetales=\"\" frescos=\"\" aderezo=\"\" ligero=\"\" ensalada=\"\" nutritiva.=\"\" tapas=\"\" espa=\"\" junto=\"\" pimientos=\"\" aceitunas=\"\" pan=\"\" crujiente.=\"\" pastas=\"\" arroces=\"\" guisos=\"\" plato=\"\" lleno=\"\" nutrientes.=\"\" lugar=\"\" fresco=\"\" seco.=\"\" vez=\"\" abierto=\"\" mantener=\"\" refrigerado=\"\" consumir=\"\" pr=\"\" d=\"\" usar:=\"\" uso:=\"\" principales:=\"\">DET H\u00c4R \u00c4R EN AV DE VIKTIGASTE SAKERNA SOM JAG HAR SETT I MITT LIV, OCH DET H\u00c4R \u00c4R EN AV DE VIKTIGASTE SAKERNA SOM JAG HAR SETT I MITT LIV, OCH DET H\u00c4R \u00c4R EN AV DE VIKTIGASTE SAKERNA SOM JAG HAR SETT I MITT LIV. DET H\u00c4R \u00c4R EN AV DE B\u00c4STA SAKERNA JAG HAR SETT:   <\/p>\n<ul>\n<li>\n<div>\u0633\u0647\u0644 \u0627\u0644\u0627\u0633\u062a\u062e\u062f\u0627\u0645: \u0627\u0641\u062a\u062d \u0627\u0644\u0639\u0644\u0628\u0629 \u0648\u0627\u0633\u062a\u0645\u062a\u0639 \u0628\u0627\u0644\u0645\u0630\u0627\u0642 \u0627\u0644\u0644\u0630\u064a\u0630 \u0645\u0628\u0627\u0634\u0631\u0629 \u0623\u0648 \u0643\u0645\u0643\u0648\u0646 \u0631\u0626\u064a\u0633\u064a \u0641\u064a \u0648\u0635\u0641\u0627\u062a\u0643 \u0627\u0644\u0645\u0641\u0636\u0644\u0629.<\/div>\n<\/li>\n<li>\n<div>\u0635\u062d\u064a: \u0645\u0646\u062e\u0641\u0636 \u0627\u0644\u062f\u0647\u0648\u0646 \u0627\u0644\u0645\u0634\u0628\u0639\u0629 \u0648\u062e\u0627\u0644\u064d \u0645\u0646 \u0627\u0644\u0645\u0648\u0627\u062f \u0627\u0644\u062d\u0627\u0641\u0638\u0629 \u0627\u0644\u0627\u0635\u0637\u0646\u0627\u0639\u064a\u0629\u060c \u0648\u0647\u0648 \u062e\u064a\u0627\u0631 \u0645\u063a\u0630\u064d \u0644\u062c\u0645\u064a\u0639 \u0623\u0641\u0631\u0627\u062f \u0627\u0644\u0639\u0627\u0626\u0644\u0629.<\/div>\n<\/li>\n<li>\n<div>\u0646\u0643\u0647\u0629 \u0623\u0635\u064a\u0644\u0629: \u064a\u0639\u0632\u0632 \u0625\u0639\u062f\u0627\u062f \u0627\u0644\u0645\u062e\u0644\u0644\u0644 \u0645\u0646 \u0627\u0644\u0646\u0643\u0647\u0629 \u0627\u0644\u0637\u0628\u064a\u0639\u064a\u0629 \u0644\u0644\u062a\u0648\u0646\u0629 \u0644\u0644\u062a\u0648\u0646\u0629 \u0648\u064a\u0645\u0646\u062d\u0643 \u0648\u064a\u0645\u0646\u062d\u0643 \u062a\u062c\u0631\u0628\u0629 \u062a\u0630\u0648\u0642 \u0641\u0631\u064a\u062f\u0629 \u0645\u0646 \u0625\u0639\u062f\u0627\u062f0 \u0646\u0648\u0639\u0647\u0627.<\/div>\n<\/li>\n<\/ul>\n<p>&nbsp;<\/p>\n<p>DET \u00c4R INTE SANT:<\/p>\n<ul>\n<li>\n<div>\u0627\u0644\u0633\u0644\u0637\u0627\u062a: \u0627\u0645\u0632\u062c\u064a\u0647\u0627 \u0645\u0639 \u0627\u0644\u062e\u0636\u0631\u0627\u0648\u0627\u062a \u0627\u0644\u0637\u0627\u0632\u062c\u0629 \u0627\u0644\u0637\u0627\u0632\u062c\u0629 \u0648\u0627\u0644\u0635\u0644\u0635\u0629 \u0627\u0644\u062e\u0641\u064a\u0641\u0629 \u0644\u0644\u062d\u0635\u0648\u0644 \u0639\u0644\u0649 \u0633\u0644\u0637\u0629 \u0645\u063a\u0630\u064a\u0629.<\/div>\n<\/li>\n<li>\n<div>\u0627\u0644\u0645\u0642\u0628\u0644\u0627\u062a: \u0627\u0633\u062a\u062e\u062f\u0645\u0647 \u0643\u0645\u0643\u0648\u0646 \u0631\u0626\u064a\u0633\u064a \u0641\u064a \u0627\u0644\u0645\u0642\u0628\u0644\u0627\u062a \u0627\u0644\u0625\u0633\u0628\u0627\u0646\u064a\u0629\u060c \u0645\u0639 \u0627\u0644\u0641\u0644\u0641\u0644 \u0648\u0627\u0644\u0632\u064a\u062a\u0648\u0646 \u0648\u0627\u0644\u062e\u0628\u0632 \u0627\u0644\u0645\u0642\u0631\u0645\u0634.<\/div>\n<\/li>\n<li>\n<div>DET \u00c4R INTE F\u00d6R ATT JAG INTE VILL VARA MED, MEN DET \u00c4R F\u00d6R ATT JAG INTE VILL VARA MED.<\/div>\n<\/li>\n<\/ul>\n<p>&nbsp;<\/p>\n<p>DET \u00c4R JAG:<\/p>\n<ul>\n<li>\n<div>DET H\u00c4R \u00c4R INTE SANT.<\/div>\n<\/li>\n<li>\n<div>DET H\u00c4R \u00c4R EN AV DE ST\u00d6RSTA H\u00c4NDELSERNA I V\u00c4RLDEN, OCH DET H\u00c4R \u00c4R EN AV DE ST\u00d6RSTA H\u00c4NDELSERNA I V\u00c4RLDEN, OCH DET H\u00c4R \u00c4R EN AV DE ST\u00d6RSTA H\u00c4NDELSERNA I V\u00c4RLDEN, OCH DET H\u00c4R \u00c4R EN AV DE ST\u00d6RSTA H\u00c4NDELSERNA I V\u00c4RLDEN, OCH DET H\u00c4R \u00c4R EN AV DE ST\u00d6RSTA H\u00c4NDELSERNA I V\u00c4RLDEN, OCH DET H\u00c4R \u00c4R EN AV DE ST\u00d6RSTA H\u00c4NDELSERNA I V\u00c4RLDEN, OCH DET H\u00c4R \u00c4R EN AV DE ST\u00d6RSTA H\u00c4NDELSERNA I V\u00c4RLDEN, OCH DET H\u00c4R \u00c4R EN AV DE ST\u00d6RSTA H\u00c4NDELSERNA I V\u00c4RLDEN, OCH DET H\u00c4R \u00c4R EN AV DE ST\u00d6RSTA H\u00c4NDELSERNA I V\u00c4RLDEN, OCH DET H\u00c4R \u00c4R EN AV DE ST\u00d6RSTA H\u00c4NDELSERNA I V\u00c4RLDEN.<\/div>\n<\/li>\n<\/ul>\n<\/article>\n","protected":false},"excerpt":{"rendered":"<p>DET H\u00c4R \u00c4R EN AV DE VIKTIGASTE SAKERNA SOM JAG HAR SETT I MITT LIV, OCH DET H\u00c4R \u00c4R EN AV DE VIKTIGASTE SAKERNA SOM JAG HAR SETT I MITT LIV, OCH DET H\u00c4R \u00c4R EN AV DE VIKTIGASTE SAKERNA SOM JAG HAR SETT I MITT LIV. DET H\u00c4R \u00c4R EN AV DE B\u00c4STA SAKERNA [&hellip;]<\/p>\n","protected":false},"featured_media":0,"template":"","meta":{"_et_pb_use_builder":"","_et_pb_old_content":"","_et_gb_content_width":""},"product_brand":[],"product_cat":[1986,11032,4367],"product_tag":[],"class_list":{"0":"post-64386","1":"product","2":"type-product","3":"status-publish","5":"product_cat-konserver-sv","6":"product_cat-ny","7":"product_cat-tonfisk-och-bonito","9":"first","10":"instock","11":"taxable","12":"shipping-taxable","13":"purchasable","14":"product-type-variable"},"_links":{"self":[{"href":"https:\/\/myspainfood.com\/sv\/wp-json\/wp\/v2\/product\/64386","targetHints":{"allow":["GET"]}}],"collection":[{"href":"https:\/\/myspainfood.com\/sv\/wp-json\/wp\/v2\/product"}],"about":[{"href":"https:\/\/myspainfood.com\/sv\/wp-json\/wp\/v2\/types\/product"}],"wp:attachment":[{"href":"https:\/\/myspainfood.com\/sv\/wp-json\/wp\/v2\/media?parent=64386"}],"wp:term":[{"taxonomy":"product_brand","embeddable":true,"href":"https:\/\/myspainfood.com\/sv\/wp-json\/wp\/v2\/product_brand?post=64386"},{"taxonomy":"product_cat","embeddable":true,"href":"https:\/\/myspainfood.com\/sv\/wp-json\/wp\/v2\/product_cat?post=64386"},{"taxonomy":"product_tag","embeddable":true,"href":"https:\/\/myspainfood.com\/sv\/wp-json\/wp\/v2\/product_tag?post=64386"}],"curies":[{"name":"wp","href":"https:\/\/api.w.org\/{rel}","templated":true}]}}